{"id":7659,"date":"2024-09-01T19:38:13","date_gmt":"2024-09-01T15:38:13","guid":{"rendered":"https:\/\/bleudubai.com\/product\/descoberta-guiada-de-caiaque-do-parque-nacional-do-canguru-oriental-de-dabu-dhabi\/"},"modified":"2024-11-11T20:33:21","modified_gmt":"2024-11-11T20:33:21","slug":"descoberta-guiada-de-caiaque-do-parque-nacional-do-canguru-oriental-de-dabu-dhabi","status":"publish","type":"product","link":"https:\/\/bleudubai.com\/pt-pt\/produto\/descoberta-guiada-de-caiaque-do-parque-nacional-do-canguru-oriental-de-dabu-dhabi\/","title":{"rendered":"Visita guiada em caiaque ao Parque Nacional dos Mangues Orientais de Abu Dhabi"},"content":{"rendered":"<p>Explora o Parque Nacional Eastern Mangroves num passeio guiado de caiaque em Abu Dhabi. Descobre um habitat pr\u00f3spero que \u00e9 o lar de mais de 60 esp\u00e9cies de aves, tartarugas, mam\u00edferos marinhos, bem como uma variedade de mariscos, peixes e caranguejos.<br \/>\nCome\u00e7a o dia vestindo o teu colete salva-vidas e pegando no remo, seguido de um briefing de seguran\u00e7a de caiaque de 10 minutos. Depois, embarca numa excurs\u00e3o de 2 horas pelos magn\u00edficos mangais, descobrindo a sua beleza e import\u00e2ncia. Faz uma pausa de 15 minutos para descansar, tirar fotografias ou nadar numa praia pitoresca. Este local \u00e9 ideal para fam\u00edlias, observadores de aves e fot\u00f3grafos que procuram afastar-se da cidade durante algumas horas.<\/p>\n","protected":false},"excerpt":{"rendered":"<p>Mergulha num lado diferente de Abu Dhabi com um relaxante passeio de caiaque atrav\u00e9s de mangais salgados e zonas h\u00famidas. Descobre este tesouro natural com um guia local. <\/p>\n","protected":false},"featured_media":6638,"comment_status":"open","ping_status":"closed","template":"","meta":{"_acf_changed":false},"product_brand":[],"product_cat":[145,175,165],"product_tag":[],"class_list":{"0":"post-7659","1":"product","2":"type-product","3":"status-publish","4":"has-post-thumbnail","6":"product_cat-atividades-aquaticas","7":"product_cat-atividades-em-abu-dhabi","8":"product_cat-atividades-familiares","10":"first","11":"instock","12":"shipping-taxable","13":"purchasable","14":"product-type-simple"},"acf":[],"_links":{"self":[{"href":"https:\/\/bleudubai.com\/pt-pt\/wp-json\/wp\/v2\/product\/7659","targetHints":{"allow":["GET"]}}],"collection":[{"href":"https:\/\/bleudubai.com\/pt-pt\/wp-json\/wp\/v2\/product"}],"about":[{"href":"https:\/\/bleudubai.com\/pt-pt\/wp-json\/wp\/v2\/types\/product"}],"replies":[{"embeddable":true,"href":"https:\/\/bleudubai.com\/pt-pt\/wp-json\/wp\/v2\/comments?post=7659"}],"wp:featuredmedia":[{"embeddable":true,"href":"https:\/\/bleudubai.com\/pt-pt\/wp-json\/wp\/v2\/media\/6638"}],"wp:attachment":[{"href":"https:\/\/bleudubai.com\/pt-pt\/wp-json\/wp\/v2\/media?parent=7659"}],"wp:term":[{"taxonomy":"product_brand","embeddable":true,"href":"https:\/\/bleudubai.com\/pt-pt\/wp-json\/wp\/v2\/product_brand?post=7659"},{"taxonomy":"product_cat","embeddable":true,"href":"https:\/\/bleudubai.com\/pt-pt\/wp-json\/wp\/v2\/product_cat?post=7659"},{"taxonomy":"product_tag","embeddable":true,"href":"https:\/\/bleudubai.com\/pt-pt\/wp-json\/wp\/v2\/product_tag?post=7659"}],"curies":[{"name":"wp","href":"https:\/\/api.w.org\/{rel}","templated":true}]}}