{"id":7672,"date":"2024-09-01T19:38:35","date_gmt":"2024-09-01T19:38:35","guid":{"rendered":"https:\/\/bleudubai.com\/product\/cruzeiro-de-iate-com-pequeno-almoco-ou-churrasco-no-mar-na-parte-de-dubai\/"},"modified":"2025-10-09T17:17:38","modified_gmt":"2025-10-09T13:17:38","slug":"cruzeiro-de-iate-com-pequeno-almoco-ou-churrasco-no-mar-na-parte-de-dubai","status":"publish","type":"product","link":"https:\/\/bleudubai.com\/pt-pt\/produto\/cruzeiro-de-iate-com-pequeno-almoco-ou-churrasco-no-mar-na-parte-de-dubai\/","title":{"rendered":"Cruzeiro de iate com pequeno-almo\u00e7o ou churrasco com partida da marina do Dubai"},"content":{"rendered":"<p>Descobre o Dubai a partir da \u00e1gua num cruzeiro inesquec\u00edvel. Navega pela Marina do Dubai at\u00e9 \u00e0 Ilha Blue Water, passando pelo Dubai Eye, a Praia de Jumeirah, a Palmeira e o famoso Burj Al Arab. Desfruta de uma rece\u00e7\u00e3o calorosa a bordo do teu iate, onde poder\u00e1s saborear um delicioso pequeno-almo\u00e7o ou um churrasco, como preferires.<\/p>\n<p>O iate de 20 metros oferece excelentes instala\u00e7\u00f5es, incluindo uma \u00e1rea de jantar e tr\u00eas magn\u00edficas cabines banhadas por luz natural. Relaxa ao sol ou \u00e0 sombra, como preferires.<\/p>\n","protected":false},"excerpt":{"rendered":"<p>Explora os locais emblem\u00e1ticos do Dubai num cruzeiro de iate que parte da marina. Desfruta de uma visita guiada e de um delicioso pequeno-almo\u00e7o ou churrasco acabado de preparar a bordo. <\/p>\n","protected":false},"featured_media":6788,"comment_status":"open","ping_status":"closed","template":"","meta":{"_acf_changed":false},"product_brand":[],"product_cat":[165,190,180],"product_tag":[],"class_list":{"0":"post-7672","1":"product","2":"type-product","3":"status-publish","4":"has-post-thumbnail","6":"product_cat-atividades-familiares","7":"product_cat-city-pass-pt","8":"product_cat-passeio-de-barco","10":"first","11":"instock","12":"featured","13":"shipping-taxable","14":"purchasable","15":"product-type-simple"},"acf":[],"_links":{"self":[{"href":"https:\/\/bleudubai.com\/pt-pt\/wp-json\/wp\/v2\/product\/7672","targetHints":{"allow":["GET"]}}],"collection":[{"href":"https:\/\/bleudubai.com\/pt-pt\/wp-json\/wp\/v2\/product"}],"about":[{"href":"https:\/\/bleudubai.com\/pt-pt\/wp-json\/wp\/v2\/types\/product"}],"replies":[{"embeddable":true,"href":"https:\/\/bleudubai.com\/pt-pt\/wp-json\/wp\/v2\/comments?post=7672"}],"wp:featuredmedia":[{"embeddable":true,"href":"https:\/\/bleudubai.com\/pt-pt\/wp-json\/wp\/v2\/media\/6788"}],"wp:attachment":[{"href":"https:\/\/bleudubai.com\/pt-pt\/wp-json\/wp\/v2\/media?parent=7672"}],"wp:term":[{"taxonomy":"product_brand","embeddable":true,"href":"https:\/\/bleudubai.com\/pt-pt\/wp-json\/wp\/v2\/product_brand?post=7672"},{"taxonomy":"product_cat","embeddable":true,"href":"https:\/\/bleudubai.com\/pt-pt\/wp-json\/wp\/v2\/product_cat?post=7672"},{"taxonomy":"product_tag","embeddable":true,"href":"https:\/\/bleudubai.com\/pt-pt\/wp-json\/wp\/v2\/product_tag?post=7672"}],"curies":[{"name":"wp","href":"https:\/\/api.w.org\/{rel}","templated":true}]}}