{"id":7673,"date":"2024-09-01T19:38:35","date_gmt":"2024-09-01T19:38:35","guid":{"rendered":"https:\/\/bleudubai.com\/product\/descobre-o-deserto-conduzindo-uma-quadriciclo-uma-experiencia-inesquecivel\/"},"modified":"2024-11-11T20:33:38","modified_gmt":"2024-11-11T20:33:38","slug":"descobre-o-deserto-conduzindo-uma-quadriciclo-uma-experiencia-inesquecivel","status":"publish","type":"product","link":"https:\/\/bleudubai.com\/pt-pt\/produto\/descobre-o-deserto-conduzindo-uma-quadriciclo-uma-experiencia-inesquecivel\/","title":{"rendered":"Descobre o deserto numa moto-quatro &#8211; uma experi\u00eancia inesquec\u00edvel"},"content":{"rendered":"<p>Experimenta uma aventura \u00e9pica no deserto do Dubai a bordo de uma moto-quatro topo de gama. Desfruta de um ve\u00edculo que \u00e9 f\u00e1cil de conduzir gra\u00e7as \u00e0 sua caixa de velocidades autom\u00e1tica e tra\u00e7\u00e3o \u00e0s 4 rodas. Foge em seguran\u00e7a nesta visita guiada e experimenta a emo\u00e7\u00e3o deste ve\u00edculo r\u00e1pido e manobr\u00e1vel. Contempla a beleza do deserto nesta aventura \u00fanica. Escolhe entre uma Discovery Tour ou uma Exploration Tour de 1 ou 2 horas e descobre dunas impressionantes como a Big Red ou a Pink Rock.<\/p>\n","protected":false},"excerpt":{"rendered":"<p>Descobre o deserto numa aventura de moto-quatro a partir do Dubai. Percorre as famosas dunas como a Big Red, Pink Rock e Fossil Rock. <\/p>\n","protected":false},"featured_media":6773,"comment_status":"open","ping_status":"closed","template":"","meta":{"_acf_changed":false},"product_brand":[],"product_cat":[170,160,205,195],"product_tag":[],"class_list":{"0":"post-7673","1":"product","2":"type-product","3":"status-publish","4":"has-post-thumbnail","6":"product_cat-atividades-imperdiveis","7":"product_cat-atividades-no-deserto","8":"product_cat-desporto-e-adrenalina","9":"product_cat-os-imperdiveis","11":"first","12":"instock","13":"shipping-taxable","14":"purchasable","15":"product-type-simple"},"acf":[],"_links":{"self":[{"href":"https:\/\/bleudubai.com\/pt-pt\/wp-json\/wp\/v2\/product\/7673","targetHints":{"allow":["GET"]}}],"collection":[{"href":"https:\/\/bleudubai.com\/pt-pt\/wp-json\/wp\/v2\/product"}],"about":[{"href":"https:\/\/bleudubai.com\/pt-pt\/wp-json\/wp\/v2\/types\/product"}],"replies":[{"embeddable":true,"href":"https:\/\/bleudubai.com\/pt-pt\/wp-json\/wp\/v2\/comments?post=7673"}],"wp:featuredmedia":[{"embeddable":true,"href":"https:\/\/bleudubai.com\/pt-pt\/wp-json\/wp\/v2\/media\/6773"}],"wp:attachment":[{"href":"https:\/\/bleudubai.com\/pt-pt\/wp-json\/wp\/v2\/media?parent=7673"}],"wp:term":[{"taxonomy":"product_brand","embeddable":true,"href":"https:\/\/bleudubai.com\/pt-pt\/wp-json\/wp\/v2\/product_brand?post=7673"},{"taxonomy":"product_cat","embeddable":true,"href":"https:\/\/bleudubai.com\/pt-pt\/wp-json\/wp\/v2\/product_cat?post=7673"},{"taxonomy":"product_tag","embeddable":true,"href":"https:\/\/bleudubai.com\/pt-pt\/wp-json\/wp\/v2\/product_tag?post=7673"}],"curies":[{"name":"wp","href":"https:\/\/api.w.org\/{rel}","templated":true}]}}