{"id":7686,"date":"2024-09-01T19:38:35","date_gmt":"2024-09-01T19:38:35","guid":{"rendered":"https:\/\/bleudubai.com\/product\/explora-o-deserto-red-a-moto-cross-para-uma-aventura-inesquecivel\/"},"modified":"2024-11-11T20:33:43","modified_gmt":"2024-11-11T20:33:43","slug":"explora-o-deserto-red-a-moto-cross-para-uma-aventura-inesquecivel","status":"publish","type":"product","link":"https:\/\/bleudubai.com\/pt-pt\/produto\/explora-o-deserto-red-a-moto-cross-para-uma-aventura-inesquecivel\/","title":{"rendered":"Explora o Deserto Vermelho numa moto de motocross para uma aventura inesquec\u00edvel"},"content":{"rendered":"<p>\u00c9s um entusiasta do motocross em busca de aventuras extraordin\u00e1rias? Junta-te a n\u00f3s para uma experi\u00eancia \u00fanica no deserto. A nossa atividade re\u00fane entusiastas das duas rodas de todo o mundo, movidos pela mesma paix\u00e3o. Deixa-te levar pelo prazer da condu\u00e7\u00e3o enquanto descobres novas sensa\u00e7\u00f5es nas areias douradas do deserto.<br \/>\nP\u00f5e \u00e0 prova as tuas capacidades num emocionante percurso de enduro, testando o desempenho da tua moto num ambiente de cortar a respira\u00e7\u00e3o. Os nossos guias experientes acompanhar-te-\u00e3o em todas as etapas, permitindo-te tirar o m\u00e1ximo partido de cada momento. Quer sejas um principiante ou um especialista, podes ter a certeza de que te esperam momentos intensos e emocionantes. <\/p>\n","protected":false},"excerpt":{"rendered":"<p>Explora o deserto vermelho dos Emirados \u00c1rabes Unidos numa emocionante aventura de moto cross. Descobre a sensa\u00e7\u00e3o de liberdade absoluta e cria mem\u00f3rias inesquec\u00edveis no cora\u00e7\u00e3o das dunas. <\/p>\n","protected":false},"featured_media":6758,"comment_status":"open","ping_status":"closed","template":"","meta":{"_acf_changed":false},"product_brand":[],"product_cat":[160,205],"product_tag":[],"class_list":{"0":"post-7686","1":"product","2":"type-product","3":"status-publish","4":"has-post-thumbnail","6":"product_cat-atividades-no-deserto","7":"product_cat-desporto-e-adrenalina","9":"first","10":"instock","11":"shipping-taxable","12":"purchasable","13":"product-type-simple"},"acf":[],"_links":{"self":[{"href":"https:\/\/bleudubai.com\/pt-pt\/wp-json\/wp\/v2\/product\/7686","targetHints":{"allow":["GET"]}}],"collection":[{"href":"https:\/\/bleudubai.com\/pt-pt\/wp-json\/wp\/v2\/product"}],"about":[{"href":"https:\/\/bleudubai.com\/pt-pt\/wp-json\/wp\/v2\/types\/product"}],"replies":[{"embeddable":true,"href":"https:\/\/bleudubai.com\/pt-pt\/wp-json\/wp\/v2\/comments?post=7686"}],"wp:featuredmedia":[{"embeddable":true,"href":"https:\/\/bleudubai.com\/pt-pt\/wp-json\/wp\/v2\/media\/6758"}],"wp:attachment":[{"href":"https:\/\/bleudubai.com\/pt-pt\/wp-json\/wp\/v2\/media?parent=7686"}],"wp:term":[{"taxonomy":"product_brand","embeddable":true,"href":"https:\/\/bleudubai.com\/pt-pt\/wp-json\/wp\/v2\/product_brand?post=7686"},{"taxonomy":"product_cat","embeddable":true,"href":"https:\/\/bleudubai.com\/pt-pt\/wp-json\/wp\/v2\/product_cat?post=7686"},{"taxonomy":"product_tag","embeddable":true,"href":"https:\/\/bleudubai.com\/pt-pt\/wp-json\/wp\/v2\/product_tag?post=7686"}],"curies":[{"name":"wp","href":"https:\/\/api.w.org\/{rel}","templated":true}]}}