{"id":7688,"date":"2024-09-01T19:38:35","date_gmt":"2024-09-01T15:38:35","guid":{"rendered":"https:\/\/bleudubai.com\/product\/descobre-a-experiencia-inesquecivel-de-voar-de-buggy-no-deserto\/"},"modified":"2025-10-01T18:30:10","modified_gmt":"2025-10-01T14:30:10","slug":"descobre-a-experiencia-inesquecivel-de-voar-de-buggy-no-deserto","status":"publish","type":"product","link":"https:\/\/bleudubai.com\/pt-pt\/produto\/descobre-a-experiencia-inesquecivel-de-voar-de-buggy-no-deserto\/","title":{"rendered":"Descobre o deserto num buggy &#8211; uma experi\u00eancia inesquec\u00edvel"},"content":{"rendered":"<p>Plongez dans une aventure \u00e9pique dans le d\u00e9sert de Duba\u00ef \u00e0 bord d&#8217;un buggy derni\u00e8re g\u00e9n\u00e9ration.<br \/>\nProfitez de la facilit\u00e9 de conduite offerte par sa bo\u00eete automatique et ses 4 roues motrices.<\/p>\n<p>Nesta visita guiada, pode viajar com toda a seguran\u00e7a e experimentar as emo\u00e7\u00f5es deste ve\u00edculo r\u00e1pido e manobr\u00e1vel. Admire a beleza do deserto ao longo desta aventura \u00fanica. <\/p>\n<p>Escolha uma das nossas excurs\u00f5es de descoberta ou explora\u00e7\u00e3o de 1-2 horas e conquiste dunas impressionantes como Big Red ou Pink Rock.<\/p>\n","protected":false},"excerpt":{"rendered":"<p>Descobre o deserto numa aventura de buggy a partir do Dubai. Percorre as famosas dunas como a Big Red, Pink Rock e Fossil Rock. <\/p>\n","protected":false},"featured_media":8785,"comment_status":"open","ping_status":"closed","template":"","meta":{"_acf_changed":false},"product_brand":[],"product_cat":[170,160,205,195],"product_tag":[],"class_list":{"0":"post-7688","1":"product","2":"type-product","3":"status-publish","4":"has-post-thumbnail","6":"product_cat-atividades-imperdiveis","7":"product_cat-atividades-no-deserto","8":"product_cat-desporto-e-adrenalina","9":"product_cat-os-imperdiveis","11":"first","12":"instock","13":"featured","14":"shipping-taxable","15":"purchasable","16":"product-type-simple"},"acf":[],"_links":{"self":[{"href":"https:\/\/bleudubai.com\/pt-pt\/wp-json\/wp\/v2\/product\/7688","targetHints":{"allow":["GET"]}}],"collection":[{"href":"https:\/\/bleudubai.com\/pt-pt\/wp-json\/wp\/v2\/product"}],"about":[{"href":"https:\/\/bleudubai.com\/pt-pt\/wp-json\/wp\/v2\/types\/product"}],"replies":[{"embeddable":true,"href":"https:\/\/bleudubai.com\/pt-pt\/wp-json\/wp\/v2\/comments?post=7688"}],"wp:featuredmedia":[{"embeddable":true,"href":"https:\/\/bleudubai.com\/pt-pt\/wp-json\/wp\/v2\/media\/8785"}],"wp:attachment":[{"href":"https:\/\/bleudubai.com\/pt-pt\/wp-json\/wp\/v2\/media?parent=7688"}],"wp:term":[{"taxonomy":"product_brand","embeddable":true,"href":"https:\/\/bleudubai.com\/pt-pt\/wp-json\/wp\/v2\/product_brand?post=7688"},{"taxonomy":"product_cat","embeddable":true,"href":"https:\/\/bleudubai.com\/pt-pt\/wp-json\/wp\/v2\/product_cat?post=7688"},{"taxonomy":"product_tag","embeddable":true,"href":"https:\/\/bleudubai.com\/pt-pt\/wp-json\/wp\/v2\/product_tag?post=7688"}],"curies":[{"name":"wp","href":"https:\/\/api.w.org\/{rel}","templated":true}]}}