{"id":7689,"date":"2024-09-01T19:38:35","date_gmt":"2024-09-01T19:38:35","guid":{"rendered":"https:\/\/bleudubai.com\/product\/excursao-guiada-de-mergulho-com-apneia-em-fujairah-com-almoco-e-churrasco\/"},"modified":"2024-11-11T20:33:54","modified_gmt":"2024-11-11T20:33:54","slug":"excursao-guiada-de-mergulho-com-apneia-em-fujairah-com-almoco-e-churrasco","status":"publish","type":"product","link":"https:\/\/bleudubai.com\/pt-pt\/produto\/excursao-guiada-de-mergulho-com-apneia-em-fujairah-com-almoco-e-churrasco\/","title":{"rendered":"Visita guiada a Fujairah para mergulhar com tubo de respira\u00e7\u00e3o e almo\u00e7o de churrasco"},"content":{"rendered":"<p>Descobre a vida fascinante dos peixes ex\u00f3ticos que habitam as \u00e1guas de Fujairah simplesmente com uma m\u00e1scara e um tubo de snorkel. Esta atividade segura e divertida, adequada a todas as idades, permitir-te-\u00e1 explorar os magn\u00edficos corais e os cardumes de peixes coloridos que habitam esta regi\u00e3o. Ser-te-\u00e1 fornecido todo o equipamento necess\u00e1rio, incluindo m\u00e1scara, snorkel e barbatanas. Os coletes salva-vidas tamb\u00e9m est\u00e3o dispon\u00edveis para aqueles que preferem o apoio da superf\u00edcie, e a nossa equipa de guias profissionais de snorkelling est\u00e1 \u00e0 disposi\u00e7\u00e3o mediante pedido. Uma vez no local de mergulho, basta vestires o teu equipamento e mergulhares para come\u00e7ares a tua aventura. Explora o fant\u00e1stico mundo subaqu\u00e1tico, observa a beleza sob a superf\u00edcie da \u00e1gua e encontra uma variedade de criaturas marinhas, incluindo tartarugas, raias e talvez at\u00e9 tubar\u00f5es. O nosso luxuoso barco de mergulho ir\u00e1 acompanhar-te durante todo o dia, oferecendo casas de banho a bordo, espregui\u00e7adeiras e bebidas para te manteres hidratado durante a tua experi\u00eancia de snorkelling. O teu guia experiente selecionar\u00e1 os melhores locais para a pr\u00e1tica de snorkelling de acordo com as condi\u00e7\u00f5es meteorol\u00f3gicas e mar\u00edtimas. Cada viagem incluir\u00e1 visitas a dois locais diferentes, oferecendo uma variedade de explora\u00e7\u00e3o subaqu\u00e1tica. No final do dia, um delicioso almo\u00e7o de churrasco espera por ti. No caminho, faremos duas paragens para admirar a famosa cascata de Khorfakkan e apreciar a vista panor\u00e2mica do anfiteatro de Khorfakkan.<\/p>\n","protected":false},"excerpt":{"rendered":"<p>Descobre a deslumbrante vida aqu\u00e1tica de Fujairah numa excurs\u00e3o de snorkelling. N\u00e3o precisas de ser um mergulhador para explorar os locais espectaculares de Fujairah e desfrutar de um delicioso almo\u00e7o de churrasco. <\/p>\n","protected":false},"featured_media":6728,"comment_status":"open","ping_status":"closed","template":"","meta":{"_acf_changed":false},"product_brand":[],"product_cat":[145,150,165,170],"product_tag":[],"class_list":{"0":"post-7689","1":"product","2":"type-product","3":"status-publish","4":"has-post-thumbnail","6":"product_cat-atividades-aquaticas","7":"product_cat-atividades-combinadas","8":"product_cat-atividades-familiares","9":"product_cat-atividades-imperdiveis","11":"first","12":"instock","13":"shipping-taxable","14":"purchasable","15":"product-type-simple"},"acf":[],"_links":{"self":[{"href":"https:\/\/bleudubai.com\/pt-pt\/wp-json\/wp\/v2\/product\/7689","targetHints":{"allow":["GET"]}}],"collection":[{"href":"https:\/\/bleudubai.com\/pt-pt\/wp-json\/wp\/v2\/product"}],"about":[{"href":"https:\/\/bleudubai.com\/pt-pt\/wp-json\/wp\/v2\/types\/product"}],"replies":[{"embeddable":true,"href":"https:\/\/bleudubai.com\/pt-pt\/wp-json\/wp\/v2\/comments?post=7689"}],"wp:featuredmedia":[{"embeddable":true,"href":"https:\/\/bleudubai.com\/pt-pt\/wp-json\/wp\/v2\/media\/6728"}],"wp:attachment":[{"href":"https:\/\/bleudubai.com\/pt-pt\/wp-json\/wp\/v2\/media?parent=7689"}],"wp:term":[{"taxonomy":"product_brand","embeddable":true,"href":"https:\/\/bleudubai.com\/pt-pt\/wp-json\/wp\/v2\/product_brand?post=7689"},{"taxonomy":"product_cat","embeddable":true,"href":"https:\/\/bleudubai.com\/pt-pt\/wp-json\/wp\/v2\/product_cat?post=7689"},{"taxonomy":"product_tag","embeddable":true,"href":"https:\/\/bleudubai.com\/pt-pt\/wp-json\/wp\/v2\/product_tag?post=7689"}],"curies":[{"name":"wp","href":"https:\/\/api.w.org\/{rel}","templated":true}]}}