{"id":7701,"date":"2024-09-01T19:38:35","date_gmt":"2024-09-01T19:38:35","guid":{"rendered":"https:\/\/bleudubai.com\/product\/mergulho-em-padi-e-snorkeling-para-iniciantes-com-almoco-barbecue\/"},"modified":"2024-09-01T19:38:35","modified_gmt":"2024-09-01T19:38:35","slug":"mergulho-em-padi-e-snorkeling-para-iniciantes-com-almoco-barbecue","status":"publish","type":"product","link":"https:\/\/bleudubai.com\/pt-pt\/produto\/mergulho-em-padi-e-snorkeling-para-iniciantes-com-almoco-barbecue\/","title":{"rendered":"Mergulho PADI e snorkeling para principiantes com almo\u00e7o de churrasco"},"content":{"rendered":"<p>Alguma vez sonhaste em respirar debaixo de \u00e1gua? O programa Discovery Scuba Diving oferece-te esta oportunidade incr\u00edvel. Quer sejas um principiante ou n\u00e3o, os nossos instrutores guiar-te-\u00e3o em cada passo do caminho. Descobrir\u00e1s os princ\u00edpios b\u00e1sicos do mergulho, aprender\u00e1s sobre o equipamento e as regras de seguran\u00e7a, e depois far\u00e1s um mergulho nos magn\u00edficos recifes de coral de Fujairah. Desfruta da companhia do teu instrutor, tira fotografias dos teus momentos inesquec\u00edveis e relaxa enquanto admiras os corais coloridos e a vida marinha. Esta atividade amig\u00e1vel \u00e9 perfeita para grupos de amigos ou para quem viaja sozinho. No final do dia, um delicioso almo\u00e7o de churrasco espera por ti. No regresso, ter\u00e1s a oportunidade de descobrir a famosa cascata de Khor Fakkan e apreciar a vista do anfiteatro de Khor Fakkan.<\/p>\n","protected":false},"excerpt":{"rendered":"<p>Prepara-te para uma aventura incr\u00edvel no Dubai! Explora a vida marinha, descobre ecossistemas fascinantes e vive momentos inesquec\u00edveis debaixo de \u00e1gua. <\/p>\n","protected":false},"featured_media":6713,"comment_status":"open","ping_status":"closed","template":"","meta":{"_acf_changed":false},"product_brand":[],"product_cat":[145,150],"product_tag":[],"class_list":{"0":"post-7701","1":"product","2":"type-product","3":"status-publish","4":"has-post-thumbnail","6":"product_cat-atividades-aquaticas","7":"product_cat-atividades-combinadas","9":"first","10":"instock","11":"shipping-taxable","12":"purchasable","13":"product-type-simple"},"acf":[],"_links":{"self":[{"href":"https:\/\/bleudubai.com\/pt-pt\/wp-json\/wp\/v2\/product\/7701","targetHints":{"allow":["GET"]}}],"collection":[{"href":"https:\/\/bleudubai.com\/pt-pt\/wp-json\/wp\/v2\/product"}],"about":[{"href":"https:\/\/bleudubai.com\/pt-pt\/wp-json\/wp\/v2\/types\/product"}],"replies":[{"embeddable":true,"href":"https:\/\/bleudubai.com\/pt-pt\/wp-json\/wp\/v2\/comments?post=7701"}],"wp:featuredmedia":[{"embeddable":true,"href":"https:\/\/bleudubai.com\/pt-pt\/wp-json\/wp\/v2\/media\/6713"}],"wp:attachment":[{"href":"https:\/\/bleudubai.com\/pt-pt\/wp-json\/wp\/v2\/media?parent=7701"}],"wp:term":[{"taxonomy":"product_brand","embeddable":true,"href":"https:\/\/bleudubai.com\/pt-pt\/wp-json\/wp\/v2\/product_brand?post=7701"},{"taxonomy":"product_cat","embeddable":true,"href":"https:\/\/bleudubai.com\/pt-pt\/wp-json\/wp\/v2\/product_cat?post=7701"},{"taxonomy":"product_tag","embeddable":true,"href":"https:\/\/bleudubai.com\/pt-pt\/wp-json\/wp\/v2\/product_tag?post=7701"}],"curies":[{"name":"wp","href":"https:\/\/api.w.org\/{rel}","templated":true}]}}