{"id":7704,"date":"2024-09-01T19:38:56","date_gmt":"2024-09-01T15:38:56","guid":{"rendered":"https:\/\/bleudubai.com\/product\/safari-no-deserto-de-dubai-chameau-sandboard-quad-or-buggy-and-dinner-bbq\/"},"modified":"2026-04-10T00:48:41","modified_gmt":"2026-04-09T20:48:41","slug":"safari-no-deserto-de-dubai-chameau-sandboard-quad-or-buggy-and-dinner-bbq","status":"publish","type":"product","link":"https:\/\/bleudubai.com\/pt-pt\/produto\/safari-no-deserto-de-dubai-chameau-sandboard-quad-or-buggy-and-dinner-bbq\/","title":{"rendered":"Safari no Deserto do Dubai: Camelo, Quadriciclo ou Buggy de Sandboard e Jantar Buffet"},"content":{"rendered":"<p>Descubra o deserto do Dubai numa aventura inesquec\u00edvel, que come\u00e7a com um servi\u00e7o de recolha no seu hotel num ve\u00edculo todo-o-terreno.<\/p>\n<p>Acompanhado por um guia local experiente, viajar\u00e1 para o deserto, a apenas 45 minutos do Dubai. \u00c0 chegada ao Lahbab Desert Camp, ser\u00e1 recebido calorosamente numa tenda com ar condicionado, onde poder\u00e1 relaxar e tomar um refresco. <\/p>\n<p>Depois, prepare-se para a emo\u00e7\u00e3o de conduzir um ve\u00edculo todo-o-terreno atrav\u00e9s das dunas. Ter\u00e1 tamb\u00e9m a oportunidade de visitar uma quinta de camelos situada no cora\u00e7\u00e3o do deserto. A sua adrenalina aumenta \u00e0 medida que domina as dunas vermelhas, admirando a forma como o seu ve\u00edculo divide a paisagem acidentada e rola pelas encostas \u00edngremes.  <\/p>\n<p>Uma vez terminado o rali das dunas, ter\u00e1 a oportunidade de experimentar o sandboard ou simplesmente apreciar as paisagens des\u00e9rticas que o rodeiam. N\u00e3o se esque\u00e7a de imortalizar este horizonte \u00fanico e infinito tirando fotografias inesquec\u00edveis. Depois, fa\u00e7a uma pausa nas dunas vermelhas e desfrute de um tranquilo passeio de camelo pelo cora\u00e7\u00e3o do deserto.  <\/p>\n<p>Para terminar este dia memor\u00e1vel, relaxe num acampamento tradicional, onde poder\u00e1 desfrutar de um delicioso jantar de churrasco internacional e assistir a uma s\u00e9rie de espect\u00e1culos emocionantes dos Emirados. Finalmente, o seu guia lev\u00e1-lo-\u00e1 de volta ao seu hotel no Dubai, deixando-o com mem\u00f3rias duradouras desta experi\u00eancia emocionante. <\/p>\n","protected":false},"excerpt":{"rendered":"<p>Explora o deserto do Dubai num incr\u00edvel safari que inclui um passeio de camelo ao p\u00f4r do sol. Descobre desportos sensacionais como o sandboarding e o rally nas dunas. <\/p>\n","protected":false},"featured_media":6878,"comment_status":"open","ping_status":"closed","template":"","meta":{"_acf_changed":false},"product_brand":[],"product_cat":[150,165,170,160,205,195],"product_tag":[],"class_list":{"0":"post-7704","1":"product","2":"type-product","3":"status-publish","4":"has-post-thumbnail","6":"product_cat-atividades-combinadas","7":"product_cat-atividades-familiares","8":"product_cat-atividades-imperdiveis","9":"product_cat-atividades-no-deserto","10":"product_cat-desporto-e-adrenalina","11":"product_cat-os-imperdiveis","13":"first","14":"instock","15":"featured","16":"shipping-taxable","17":"purchasable","18":"product-type-simple"},"acf":[],"_links":{"self":[{"href":"https:\/\/bleudubai.com\/pt-pt\/wp-json\/wp\/v2\/product\/7704","targetHints":{"allow":["GET"]}}],"collection":[{"href":"https:\/\/bleudubai.com\/pt-pt\/wp-json\/wp\/v2\/product"}],"about":[{"href":"https:\/\/bleudubai.com\/pt-pt\/wp-json\/wp\/v2\/types\/product"}],"replies":[{"embeddable":true,"href":"https:\/\/bleudubai.com\/pt-pt\/wp-json\/wp\/v2\/comments?post=7704"}],"wp:featuredmedia":[{"embeddable":true,"href":"https:\/\/bleudubai.com\/pt-pt\/wp-json\/wp\/v2\/media\/6878"}],"wp:attachment":[{"href":"https:\/\/bleudubai.com\/pt-pt\/wp-json\/wp\/v2\/media?parent=7704"}],"wp:term":[{"taxonomy":"product_brand","embeddable":true,"href":"https:\/\/bleudubai.com\/pt-pt\/wp-json\/wp\/v2\/product_brand?post=7704"},{"taxonomy":"product_cat","embeddable":true,"href":"https:\/\/bleudubai.com\/pt-pt\/wp-json\/wp\/v2\/product_cat?post=7704"},{"taxonomy":"product_tag","embeddable":true,"href":"https:\/\/bleudubai.com\/pt-pt\/wp-json\/wp\/v2\/product_tag?post=7704"}],"curies":[{"name":"wp","href":"https:\/\/api.w.org\/{rel}","templated":true}]}}