{"id":7716,"date":"2024-09-01T19:38:56","date_gmt":"2024-09-01T19:38:56","guid":{"rendered":"https:\/\/bleudubai.com\/product\/excursao-ao-deserto-do-dubai-em-land-rover-vintage-dinner-in-a-camp-bedouin\/"},"modified":"2025-10-07T08:51:39","modified_gmt":"2025-10-07T04:51:39","slug":"excursao-ao-deserto-do-dubai-em-land-rover-vintage-dinner-in-a-camp-bedouin","status":"publish","type":"product","link":"https:\/\/bleudubai.com\/pt-pt\/produto\/excursao-ao-deserto-do-dubai-em-land-rover-vintage-dinner-in-a-camp-bedouin\/","title":{"rendered":"Excurs\u00e3o ao deserto do Dubai num Land Rover antigo &#8211; Jantar num acampamento bedu\u00edno"},"content":{"rendered":"<p>Recua no tempo nesta excurs\u00e3o num Land Rover antigo e descobre o Dubai de h\u00e1 50 anos. Observa a flora e a fauna locais e experimenta um acampamento bedu\u00edno. Mergulha na cultura local com actividades como tatuagens de hena, falcoaria, shisha e m\u00fasica \u00e1rabe, seguidas de um delicioso jantar tradicional. Desfruta do servi\u00e7o de recolha no seu alojamento no Dubai e \u00e9 recebido com caf\u00e9 \u00e1rabe e t\u00e2maras. Viaja pela hist\u00f3ria dos EAU num ve\u00edculo ic\u00f3nico dos anos 50. Atravessa o deserto e v\u00ea a vida selvagem local na Reserva Natural do Dubai. Termina o dia com um jantar de 4 pratos sob o c\u00e9u estrelado no Bedouin Camp, onde a hist\u00f3ria ganha vida atrav\u00e9s de espect\u00e1culos interactivos.<\/p>\n","protected":false},"excerpt":{"rendered":"<p>Descobre a vida selvagem do deserto do Dubai enquanto exploras num Land Rover dos anos 50. Desfruta de um espet\u00e1culo de treino de falc\u00f5es e janta num aut\u00eantico acampamento bedu\u00edno, localizado num retiro privado da fam\u00edlia real. <\/p>\n","protected":false},"featured_media":6848,"comment_status":"open","ping_status":"closed","template":"","meta":{"_acf_changed":false},"product_brand":[],"product_cat":[150,165,170,160,195],"product_tag":[],"class_list":{"0":"post-7716","1":"product","2":"type-product","3":"status-publish","4":"has-post-thumbnail","6":"product_cat-atividades-combinadas","7":"product_cat-atividades-familiares","8":"product_cat-atividades-imperdiveis","9":"product_cat-atividades-no-deserto","10":"product_cat-os-imperdiveis","12":"first","13":"instock","14":"featured","15":"shipping-taxable","16":"purchasable","17":"product-type-simple"},"acf":[],"_links":{"self":[{"href":"https:\/\/bleudubai.com\/pt-pt\/wp-json\/wp\/v2\/product\/7716","targetHints":{"allow":["GET"]}}],"collection":[{"href":"https:\/\/bleudubai.com\/pt-pt\/wp-json\/wp\/v2\/product"}],"about":[{"href":"https:\/\/bleudubai.com\/pt-pt\/wp-json\/wp\/v2\/types\/product"}],"replies":[{"embeddable":true,"href":"https:\/\/bleudubai.com\/pt-pt\/wp-json\/wp\/v2\/comments?post=7716"}],"wp:featuredmedia":[{"embeddable":true,"href":"https:\/\/bleudubai.com\/pt-pt\/wp-json\/wp\/v2\/media\/6848"}],"wp:attachment":[{"href":"https:\/\/bleudubai.com\/pt-pt\/wp-json\/wp\/v2\/media?parent=7716"}],"wp:term":[{"taxonomy":"product_brand","embeddable":true,"href":"https:\/\/bleudubai.com\/pt-pt\/wp-json\/wp\/v2\/product_brand?post=7716"},{"taxonomy":"product_cat","embeddable":true,"href":"https:\/\/bleudubai.com\/pt-pt\/wp-json\/wp\/v2\/product_cat?post=7716"},{"taxonomy":"product_tag","embeddable":true,"href":"https:\/\/bleudubai.com\/pt-pt\/wp-json\/wp\/v2\/product_tag?post=7716"}],"curies":[{"name":"wp","href":"https:\/\/api.w.org\/{rel}","templated":true}]}}