{"id":7717,"date":"2024-09-01T19:38:56","date_gmt":"2024-09-01T19:38:56","guid":{"rendered":"https:\/\/bleudubai.com\/product\/billet-pour-les-124e-et-125e-etages-du-burj-khalifa\/"},"modified":"2025-08-20T21:00:10","modified_gmt":"2025-08-20T17:00:10","slug":"billet-pour-les-124e-et-125e-etages-du-burj-khalifa","status":"publish","type":"product","link":"https:\/\/bleudubai.com\/pt-pt\/produto\/billet-pour-les-124e-et-125e-etages-du-burj-khalifa\/","title":{"rendered":"Bilhetes para os 124\u00ba e 125\u00ba andares do Burj Khalifa"},"content":{"rendered":"<p>Embarca numa aventura vertical, apanhando o elevador mais r\u00e1pido do mundo para os 124\u00ba e 125\u00ba andares do Burj Khalifa no Dubai. Com 829 metros de altura, o Burj Khalifa ergue-se sobre o centro do Dubai, oferecendo vistas a\u00e9reas de cortar a respira\u00e7\u00e3o do emirado e dos seus arredores. A partir do miradouro, admira os panoramas de 360 graus e descobre os detalhes arquitect\u00f3nicos e tecnol\u00f3gicos que fazem do Burj Khalifa uma verdadeira maravilha do M\u00e9dio Oriente. Utiliza os telesc\u00f3pios para explorar a cidade \u00e0 dist\u00e2ncia e n\u00e3o te esque\u00e7as de tirar uma fotografia de recorda\u00e7\u00e3o \u00e0 entrada do 125\u00ba andar. Tamb\u00e9m podes assistir ao espet\u00e1culo fascinante da Dubai Fountain a partir das plataformas de observa\u00e7\u00e3o do Burj Khalifa. Com m\u00fasica sincronizada, esta maior fonte dan\u00e7ante do mundo oferece-te uma experi\u00eancia visual e auditiva inesquec\u00edvel.<\/p>\n","protected":false},"excerpt":{"rendered":"<p>Experimenta uma viagem \u00fanica no elevador mais r\u00e1pido do mundo at\u00e9 ao topo do Burj Khalifa, o arranha-c\u00e9us mais alto do mundo. Desfruta de vistas panor\u00e2micas a partir dos 124\u00ba e 125\u00ba andares deste \u00edcone do Dubai. <\/p>\n","protected":false},"featured_media":6833,"comment_status":"open","ping_status":"closed","template":"","meta":{"_acf_changed":false},"product_brand":[],"product_cat":[165,170,185,190,195],"product_tag":[],"class_list":{"0":"post-7717","1":"product","2":"type-product","3":"status-publish","4":"has-post-thumbnail","6":"product_cat-atividades-familiares","7":"product_cat-atividades-imperdiveis","8":"product_cat-bilhetes-de-entrada","9":"product_cat-city-pass-pt","10":"product_cat-os-imperdiveis","12":"first","13":"instock","14":"featured","15":"shipping-taxable","16":"purchasable","17":"product-type-simple"},"acf":[],"_links":{"self":[{"href":"https:\/\/bleudubai.com\/pt-pt\/wp-json\/wp\/v2\/product\/7717","targetHints":{"allow":["GET"]}}],"collection":[{"href":"https:\/\/bleudubai.com\/pt-pt\/wp-json\/wp\/v2\/product"}],"about":[{"href":"https:\/\/bleudubai.com\/pt-pt\/wp-json\/wp\/v2\/types\/product"}],"replies":[{"embeddable":true,"href":"https:\/\/bleudubai.com\/pt-pt\/wp-json\/wp\/v2\/comments?post=7717"}],"wp:featuredmedia":[{"embeddable":true,"href":"https:\/\/bleudubai.com\/pt-pt\/wp-json\/wp\/v2\/media\/6833"}],"wp:attachment":[{"href":"https:\/\/bleudubai.com\/pt-pt\/wp-json\/wp\/v2\/media?parent=7717"}],"wp:term":[{"taxonomy":"product_brand","embeddable":true,"href":"https:\/\/bleudubai.com\/pt-pt\/wp-json\/wp\/v2\/product_brand?post=7717"},{"taxonomy":"product_cat","embeddable":true,"href":"https:\/\/bleudubai.com\/pt-pt\/wp-json\/wp\/v2\/product_cat?post=7717"},{"taxonomy":"product_tag","embeddable":true,"href":"https:\/\/bleudubai.com\/pt-pt\/wp-json\/wp\/v2\/product_tag?post=7717"}],"curies":[{"name":"wp","href":"https:\/\/api.w.org\/{rel}","templated":true}]}}