{"id":7719,"date":"2024-09-01T19:38:56","date_gmt":"2024-09-01T19:38:56","guid":{"rendered":"https:\/\/bleudubai.com\/product\/jantar-cruzeiro-na-marina-com-musica-ao-vivo-uma-experiencia-inesquecivel-no-dubai\/"},"modified":"2025-10-01T18:28:10","modified_gmt":"2025-10-01T14:28:10","slug":"jantar-cruzeiro-na-marina-com-musica-ao-vivo-uma-experiencia-inesquecivel-no-dubai","status":"publish","type":"product","link":"https:\/\/bleudubai.com\/pt-pt\/produto\/jantar-cruzeiro-na-marina-com-musica-ao-vivo-uma-experiencia-inesquecivel-no-dubai\/","title":{"rendered":"Jantar cruzeiro na marina com m\u00fasica ao vivo: uma experi\u00eancia inesquec\u00edvel no Dubai"},"content":{"rendered":"<p>Embarca num sumptuoso barco com telhado de vidro e desfruta de um cruzeiro com jantar pela Marina do Dubai, Ain Wheel e JBR.<br \/>\nDeixa-te seduzir por uma experi\u00eancia exclusiva. Desfruta de uma bebida de cortesia enquanto passeias pelos dois conveses do barco: o conv\u00e9s inferior em vidro para uma vista \u00f3ptima e o conv\u00e9s superior ao ar livre para desfrutar da brisa do Golfo P\u00e9rsico.<br \/>\nSaboreie um delicioso buffet de pratos continentais e orientais, acompanhado de uma requintada sele\u00e7\u00e3o de sumos de fruta e bebidas refrescantes. Deixe-se levar pela atmosfera rom\u00e2ntica criada por uma suave melodia. Depois do jantar, admira as vistas deslumbrantes dos terra\u00e7os ao ar livre enquanto o cruzeiro o leva de volta ao cais por volta das 22:00. Exemplo de menu: Saladas :<\/p>\n<ul>\n<li>Salada de atum asi\u00e1tica<\/li>\n<li>Batatas ratte com maionese de mel e redu\u00e7\u00e3o de vinagre<\/li>\n<li>Salada libanesa fattoush com pepino e tomate<\/li>\n<li>H\u00famus<\/li>\n<li>Fasolia<\/li>\n<li>Massa com pesto de manjeric\u00e3o<\/li>\n<li>Molho franc\u00eas<\/li>\n<li>Azeite e vinagre bals\u00e2mico<\/li>\n<\/ul>\n<p>Sopa :<\/p>\n<ul>\n<li>Sopa de lentilhas eg\u00edpcia com especiarias e azeite<\/li>\n<\/ul>\n<p>Sele\u00e7\u00e3o de p\u00e3es:<\/p>\n<ul>\n<li>P\u00e3ezinhos artesanais<\/li>\n<li>P\u00e3o \u00e1rabe<\/li>\n<\/ul>\n<p>Pratos principais :<\/p>\n<ul>\n<li>Tarte de pastor com borrego<\/li>\n<li>Frango com molho de cogumelos<\/li>\n<li>Peixe grelhado em crosta de especiarias com molho cremoso de lim\u00e3o<\/li>\n<li>Legumes Kadai<\/li>\n<li>Batatas assadas com alecrim e dentes de alho cristalizados<\/li>\n<li>Massa de legumes de Singapura com combava<\/li>\n<li>Arroz Basmati cozido a vapor<\/li>\n<li>Esta\u00e7\u00e3o de massas ao vivo<\/li>\n<li>Esta\u00e7\u00e3o de cozinha de massas ao vivo<\/li>\n<\/ul>\n<p>Sobremesas :<\/p>\n<ul>\n<li>Pudim de coco<\/li>\n<li>Cupcakes variados<\/li>\n<li>Umm Ali<\/li>\n<li>Salada de fruta da \u00e9poca<\/li>\n<li>Floresta negra com chocolate branco<\/li>\n<\/ul>\n<p>Ch\u00e1 e caf\u00e9<\/p>\n","protected":false},"excerpt":{"rendered":"<p>Descobre a magia da marina iluminada do Dubai num cruzeiro noturno com jantar buffet e bebidas n\u00e3o alco\u00f3licas. Mergulha na atmosfera el\u00e9ctrica da cidade e desfruta de vistas de cortar a respira\u00e7\u00e3o. <\/p>\n","protected":false},"featured_media":6818,"comment_status":"open","ping_status":"closed","template":"","meta":{"_acf_changed":false},"product_brand":[],"product_cat":[165,170,190,195,180],"product_tag":[],"class_list":{"0":"post-7719","1":"product","2":"type-product","3":"status-publish","4":"has-post-thumbnail","6":"product_cat-atividades-familiares","7":"product_cat-atividades-imperdiveis","8":"product_cat-city-pass-pt","9":"product_cat-os-imperdiveis","10":"product_cat-passeio-de-barco","12":"first","13":"instock","14":"shipping-taxable","15":"purchasable","16":"product-type-simple"},"acf":[],"_links":{"self":[{"href":"https:\/\/bleudubai.com\/pt-pt\/wp-json\/wp\/v2\/product\/7719","targetHints":{"allow":["GET"]}}],"collection":[{"href":"https:\/\/bleudubai.com\/pt-pt\/wp-json\/wp\/v2\/product"}],"about":[{"href":"https:\/\/bleudubai.com\/pt-pt\/wp-json\/wp\/v2\/types\/product"}],"replies":[{"embeddable":true,"href":"https:\/\/bleudubai.com\/pt-pt\/wp-json\/wp\/v2\/comments?post=7719"}],"wp:featuredmedia":[{"embeddable":true,"href":"https:\/\/bleudubai.com\/pt-pt\/wp-json\/wp\/v2\/media\/6818"}],"wp:attachment":[{"href":"https:\/\/bleudubai.com\/pt-pt\/wp-json\/wp\/v2\/media?parent=7719"}],"wp:term":[{"taxonomy":"product_brand","embeddable":true,"href":"https:\/\/bleudubai.com\/pt-pt\/wp-json\/wp\/v2\/product_brand?post=7719"},{"taxonomy":"product_cat","embeddable":true,"href":"https:\/\/bleudubai.com\/pt-pt\/wp-json\/wp\/v2\/product_cat?post=7719"},{"taxonomy":"product_tag","embeddable":true,"href":"https:\/\/bleudubai.com\/pt-pt\/wp-json\/wp\/v2\/product_tag?post=7719"}],"curies":[{"name":"wp","href":"https:\/\/api.w.org\/{rel}","templated":true}]}}