{"id":7729,"date":"2024-09-01T19:38:12","date_gmt":"2024-09-01T19:38:12","guid":{"rendered":"https:\/\/bleudubai.com\/product\/explora-em-kayak-of-palm-jumeirah-60-minutos\/"},"modified":"2024-09-01T19:38:12","modified_gmt":"2024-09-01T19:38:12","slug":"explora-em-kayak-of-palm-jumeirah-60-minutos","status":"publish","type":"product","link":"https:\/\/bleudubai.com\/pt-pt\/produto\/explora-em-kayak-of-palm-jumeirah-60-minutos\/","title":{"rendered":"Explora\u00e7\u00e3o da Palm Jumeirah em caiaque &#8211; 60 minutos"},"content":{"rendered":"<p>Descobre uma atividade aqu\u00e1tica divertida em Palm Jumeirah!<\/p>\n<p>Aluga um caiaque para ti e para os teus dois acompanhantes durante uma hora e embarca na tua pr\u00f3pria aventura enquanto desfrutas de vistas deslumbrantes sobre os telhados do Dubai e Palm Jumeirah.<\/p>\n<p>Est\u00e1s pronto para esta experi\u00eancia \u00fanica? Quer sejas um principiante ou um remador experiente, esta atividade \u00e9 adequada para todos. At\u00e9 oferecemos uma aula gratuita de 15 minutos para principiantes!<\/p>\n","protected":false},"excerpt":{"rendered":"<p>Descobre a beleza de Palm Jumeirah durante uma experi\u00eancia de caiaque. Uma atividade segura e divertida para todas as idades. Desfruta de um momento relaxante com a fam\u00edlia ou amigos nas \u00e1guas calmas de Palm Jumeirah.  <\/p>\n","protected":false},"featured_media":6623,"comment_status":"open","ping_status":"closed","template":"","meta":{"_acf_changed":false},"product_brand":[],"product_cat":[145],"product_tag":[],"class_list":{"0":"post-7729","1":"product","2":"type-product","3":"status-publish","4":"has-post-thumbnail","6":"product_cat-atividades-aquaticas","8":"first","9":"instock","10":"shipping-taxable","11":"purchasable","12":"product-type-simple"},"acf":[],"_links":{"self":[{"href":"https:\/\/bleudubai.com\/pt-pt\/wp-json\/wp\/v2\/product\/7729","targetHints":{"allow":["GET"]}}],"collection":[{"href":"https:\/\/bleudubai.com\/pt-pt\/wp-json\/wp\/v2\/product"}],"about":[{"href":"https:\/\/bleudubai.com\/pt-pt\/wp-json\/wp\/v2\/types\/product"}],"replies":[{"embeddable":true,"href":"https:\/\/bleudubai.com\/pt-pt\/wp-json\/wp\/v2\/comments?post=7729"}],"wp:featuredmedia":[{"embeddable":true,"href":"https:\/\/bleudubai.com\/pt-pt\/wp-json\/wp\/v2\/media\/6623"}],"wp:attachment":[{"href":"https:\/\/bleudubai.com\/pt-pt\/wp-json\/wp\/v2\/media?parent=7729"}],"wp:term":[{"taxonomy":"product_brand","embeddable":true,"href":"https:\/\/bleudubai.com\/pt-pt\/wp-json\/wp\/v2\/product_brand?post=7729"},{"taxonomy":"product_cat","embeddable":true,"href":"https:\/\/bleudubai.com\/pt-pt\/wp-json\/wp\/v2\/product_cat?post=7729"},{"taxonomy":"product_tag","embeddable":true,"href":"https:\/\/bleudubai.com\/pt-pt\/wp-json\/wp\/v2\/product_tag?post=7729"}],"curies":[{"name":"wp","href":"https:\/\/api.w.org\/{rel}","templated":true}]}}