{"id":7732,"date":"2024-09-01T19:37:52","date_gmt":"2024-09-01T19:37:52","guid":{"rendered":"https:\/\/bleudubai.com\/product\/experiencia-de-uma-viagem-em-um-balde-ou-em-uma-banana-15-minutos-moravel\/"},"modified":"2025-08-18T03:50:46","modified_gmt":"2025-08-17T23:50:46","slug":"experiencia-de-uma-viagem-em-um-balde-ou-em-uma-banana-15-minutos-moravel","status":"publish","type":"product","link":"https:\/\/bleudubai.com\/pt-pt\/produto\/experiencia-de-uma-viagem-em-um-balde-ou-em-uma-banana-15-minutos-moravel\/","title":{"rendered":"Experi\u00eancia de 15 minutos de donut ou de banana reboc\u00e1vel"},"content":{"rendered":"<p>Se gostas de emo\u00e7\u00f5es fortes, o nosso passeio de banana ou de donut reboc\u00e1vel \u00e9 para ti! Puxa-te a alta velocidade, salta sobre as ondas enquanto admiras a vista panor\u00e2mica de Palm Jumeirah. Desfruta de um turbilh\u00e3o de emo\u00e7\u00f5es, saltos e escorregas nas \u00e1guas azuis e cria mem\u00f3rias inesquec\u00edveis na companhia dos teus amigos e da tua fam\u00edlia.<\/p>\n","protected":false},"excerpt":{"rendered":"<p>Sobe a bordo e embarca numa aventura cheia de adrenalina com o nosso passeio de donut insufl\u00e1vel ou de banana reboc\u00e1vel. Desfruta de 15 minutos de sol, risos e emo\u00e7\u00f5es em Palm Jumeirah. <\/p>\n","protected":false},"featured_media":6548,"comment_status":"open","ping_status":"closed","template":"","meta":{"_acf_changed":false},"product_brand":[],"product_cat":[145,165,205],"product_tag":[],"class_list":{"0":"post-7732","1":"product","2":"type-product","3":"status-publish","4":"has-post-thumbnail","6":"product_cat-atividades-aquaticas","7":"product_cat-atividades-familiares","8":"product_cat-desporto-e-adrenalina","10":"first","11":"instock","12":"shipping-taxable","13":"purchasable","14":"product-type-simple"},"acf":[],"_links":{"self":[{"href":"https:\/\/bleudubai.com\/pt-pt\/wp-json\/wp\/v2\/product\/7732","targetHints":{"allow":["GET"]}}],"collection":[{"href":"https:\/\/bleudubai.com\/pt-pt\/wp-json\/wp\/v2\/product"}],"about":[{"href":"https:\/\/bleudubai.com\/pt-pt\/wp-json\/wp\/v2\/types\/product"}],"replies":[{"embeddable":true,"href":"https:\/\/bleudubai.com\/pt-pt\/wp-json\/wp\/v2\/comments?post=7732"}],"wp:featuredmedia":[{"embeddable":true,"href":"https:\/\/bleudubai.com\/pt-pt\/wp-json\/wp\/v2\/media\/6548"}],"wp:attachment":[{"href":"https:\/\/bleudubai.com\/pt-pt\/wp-json\/wp\/v2\/media?parent=7732"}],"wp:term":[{"taxonomy":"product_brand","embeddable":true,"href":"https:\/\/bleudubai.com\/pt-pt\/wp-json\/wp\/v2\/product_brand?post=7732"},{"taxonomy":"product_cat","embeddable":true,"href":"https:\/\/bleudubai.com\/pt-pt\/wp-json\/wp\/v2\/product_cat?post=7732"},{"taxonomy":"product_tag","embeddable":true,"href":"https:\/\/bleudubai.com\/pt-pt\/wp-json\/wp\/v2\/product_tag?post=7732"}],"curies":[{"name":"wp","href":"https:\/\/api.w.org\/{rel}","templated":true}]}}