{"id":7737,"date":"2024-09-01T19:38:13","date_gmt":"2024-09-01T19:38:13","guid":{"rendered":"https:\/\/bleudubai.com\/product\/explora-les-fonds-marins-lors-de-2-plives-enjoy-a-barbecue-lunch\/"},"modified":"2024-11-11T20:35:00","modified_gmt":"2024-11-11T20:35:00","slug":"explora-les-fonds-marins-lors-de-2-plives-enjoy-a-barbecue-lunch","status":"publish","type":"product","link":"https:\/\/bleudubai.com\/pt-pt\/produto\/explora-les-fonds-marins-lors-de-2-plives-enjoy-a-barbecue-lunch\/","title":{"rendered":"Explora o fundo do mar em 2 mergulhos e desfruta de um almo\u00e7o de churrasco"},"content":{"rendered":"<p>Quer sejas um mergulhador experiente ou um principiante, o nosso mergulho em Fujairah foi concebido a pensar em ti. Os nossos mergulhos s\u00e3o supervisionados por instrutores certificados que d\u00e3o grande \u00eanfase \u00e0 seguran\u00e7a, \u00e0 divers\u00e3o e \u00e0 descoberta dos pontos altos. Quer seja o teu primeiro mergulho ap\u00f3s a forma\u00e7\u00e3o ou o teu cent\u00e9simo mergulho, garantiremos que a tua viagem subaqu\u00e1tica decorra sem problemas. A costa leste de Fujairah est\u00e1 repleta de vida marinha tropical. Corais saud\u00e1veis, recifes naturais e artificiais e tesouros macro esperam por ti. Mant\u00e9m os olhos abertos para a diversidade da vida marinha escondida entre os magn\u00edficos corais e naufr\u00e1gios de Fujairah. N\u00e3o percas as fascinantes esp\u00e9cies macro, como os camar\u00f5es e os nudibr\u00e2nquios, que te surpreender\u00e3o em cada mergulho. Depois da tua aventura subaqu\u00e1tica, desfruta de um delicioso almo\u00e7o de churrasco preparado especialmente para ti. No regresso, faremos duas paragens: primeiro, ter\u00e1s a oportunidade de admirar a famosa cascata de Khor Fakkan, e depois poder\u00e1s desfrutar de uma vista deslumbrante do anfiteatro de Khor Fakkan.<\/p>\n","protected":false},"excerpt":{"rendered":"<p>Descobre a vida marinha tropical de Fujairah em 2 mergulhos certificados. Reserva agora e desfruta de um almo\u00e7o de churrasco na costa leste. <\/p>\n","protected":false},"featured_media":6698,"comment_status":"open","ping_status":"closed","template":"","meta":{"_acf_changed":false},"product_brand":[],"product_cat":[145,150],"product_tag":[],"class_list":{"0":"post-7737","1":"product","2":"type-product","3":"status-publish","4":"has-post-thumbnail","6":"product_cat-atividades-aquaticas","7":"product_cat-atividades-combinadas","9":"first","10":"instock","11":"shipping-taxable","12":"purchasable","13":"product-type-simple"},"acf":[],"_links":{"self":[{"href":"https:\/\/bleudubai.com\/pt-pt\/wp-json\/wp\/v2\/product\/7737","targetHints":{"allow":["GET"]}}],"collection":[{"href":"https:\/\/bleudubai.com\/pt-pt\/wp-json\/wp\/v2\/product"}],"about":[{"href":"https:\/\/bleudubai.com\/pt-pt\/wp-json\/wp\/v2\/types\/product"}],"replies":[{"embeddable":true,"href":"https:\/\/bleudubai.com\/pt-pt\/wp-json\/wp\/v2\/comments?post=7737"}],"wp:featuredmedia":[{"embeddable":true,"href":"https:\/\/bleudubai.com\/pt-pt\/wp-json\/wp\/v2\/media\/6698"}],"wp:attachment":[{"href":"https:\/\/bleudubai.com\/pt-pt\/wp-json\/wp\/v2\/media?parent=7737"}],"wp:term":[{"taxonomy":"product_brand","embeddable":true,"href":"https:\/\/bleudubai.com\/pt-pt\/wp-json\/wp\/v2\/product_brand?post=7737"},{"taxonomy":"product_cat","embeddable":true,"href":"https:\/\/bleudubai.com\/pt-pt\/wp-json\/wp\/v2\/product_cat?post=7737"},{"taxonomy":"product_tag","embeddable":true,"href":"https:\/\/bleudubai.com\/pt-pt\/wp-json\/wp\/v2\/product_tag?post=7737"}],"curies":[{"name":"wp","href":"https:\/\/api.w.org\/{rel}","templated":true}]}}