{"id":7742,"date":"2024-09-01T19:38:12","date_gmt":"2024-09-01T15:38:12","guid":{"rendered":"https:\/\/bleudubai.com\/product\/excursao-en-jet-ski-offrant-les-belles-vues-de-dubai\/"},"modified":"2025-11-30T14:01:25","modified_gmt":"2025-11-30T10:01:25","slug":"excursao-en-jet-ski-offrant-les-belles-vues-de-dubai","status":"publish","type":"product","link":"https:\/\/bleudubai.com\/pt-pt\/produto\/excursao-en-jet-ski-offrant-les-belles-vues-de-dubai\/","title":{"rendered":"Excurs\u00e3o de jet ski com as melhores vistas do Dubai"},"content":{"rendered":"<p>Descubra a impressionante costa do Dubai e os arranha-c\u00e9us imponentes num cruzeiro divertido e numa emocionante aventura de jet ski.<\/p>\n<p>Pode escolher entre tr\u00eas itiner\u00e1rios e partilhar um jet ski com duas pessoas:<\/p>\n<p>20 minutos de passeio pelo horizonte do Dubai:<br \/>\nPasseio ao longo da praia com a famosa torre Burj Khalifa como pano de fundo.<\/p>\n<p>30 minutos a p\u00e9 do Burj Al Arab :<\/p>\n<p>Desfrute de um passeio de 30 minutos de jet ski para uma descarga de adrenalina. Admire a linha do horizonte da cidade a partir do mar e passe pelo ic\u00f3nico Burj Al Arab para tirar fotografias e fazer v\u00eddeos fant\u00e1sticos. <\/p>\n<p>Excurs\u00e3o de 60 minutos ao Burj Al Arab e ao campe\u00e3o de vendas Royal Atlantis:<\/p>\n<p>Fa\u00e7a a sua primeira paragem em frente ao novo e luxuoso hotel Royal Atlantis, seguida de uma segunda paragem em frente ao famoso Burj Al Arab.<\/p>\n<p>Visita de 90 minutos a Palm Jumeirah :<\/p>\n<p>Descubra os pontos de refer\u00eancia mais emblem\u00e1ticos do Dubai, como JBR, a roda gigante Ain Dubai, Atlantis e o Burj Al Arab. Este passeio \u00e9 perfeito para aqueles com experi\u00eancia anterior em jet ski que est\u00e3o \u00e0 procura de uma nova emo\u00e7\u00e3o. <\/p>\n<p>Os nossos instrutores acompanham-no em todas as etapas, adaptando a sua velocidade ao seu n\u00edvel e aos seus desejos. Todas as nossas m\u00e1quinas s\u00e3o de 2022 a 2023. <\/p>\n","protected":false},"excerpt":{"rendered":"<p>Desfruta de um passeio de jet ski ao longo da costa do Dubai. Admira o Burj Khalifa, o Burj Al Arab e os outros arranha-c\u00e9us do Dubai enquanto atravessas o Golfo P\u00e9rsico. <\/p>\n","protected":false},"featured_media":6608,"comment_status":"open","ping_status":"closed","template":"","meta":{"_acf_changed":false},"product_brand":[],"product_cat":[145,170,205,195,180],"product_tag":[],"class_list":{"0":"post-7742","1":"product","2":"type-product","3":"status-publish","4":"has-post-thumbnail","6":"product_cat-atividades-aquaticas","7":"product_cat-atividades-imperdiveis","8":"product_cat-desporto-e-adrenalina","9":"product_cat-os-imperdiveis","10":"product_cat-passeio-de-barco","12":"first","13":"instock","14":"featured","15":"shipping-taxable","16":"purchasable","17":"product-type-simple"},"acf":[],"_links":{"self":[{"href":"https:\/\/bleudubai.com\/pt-pt\/wp-json\/wp\/v2\/product\/7742","targetHints":{"allow":["GET"]}}],"collection":[{"href":"https:\/\/bleudubai.com\/pt-pt\/wp-json\/wp\/v2\/product"}],"about":[{"href":"https:\/\/bleudubai.com\/pt-pt\/wp-json\/wp\/v2\/types\/product"}],"replies":[{"embeddable":true,"href":"https:\/\/bleudubai.com\/pt-pt\/wp-json\/wp\/v2\/comments?post=7742"}],"wp:featuredmedia":[{"embeddable":true,"href":"https:\/\/bleudubai.com\/pt-pt\/wp-json\/wp\/v2\/media\/6608"}],"wp:attachment":[{"href":"https:\/\/bleudubai.com\/pt-pt\/wp-json\/wp\/v2\/media?parent=7742"}],"wp:term":[{"taxonomy":"product_brand","embeddable":true,"href":"https:\/\/bleudubai.com\/pt-pt\/wp-json\/wp\/v2\/product_brand?post=7742"},{"taxonomy":"product_cat","embeddable":true,"href":"https:\/\/bleudubai.com\/pt-pt\/wp-json\/wp\/v2\/product_cat?post=7742"},{"taxonomy":"product_tag","embeddable":true,"href":"https:\/\/bleudubai.com\/pt-pt\/wp-json\/wp\/v2\/product_tag?post=7742"}],"curies":[{"name":"wp","href":"https:\/\/api.w.org\/{rel}","templated":true}]}}