{"id":7749,"date":"2024-09-01T19:37:29","date_gmt":"2024-09-01T19:37:29","guid":{"rendered":"https:\/\/bleudubai.com\/product\/descobre-o-pacote-discover-the-ski-dubai-snow-plus-package\/"},"modified":"2024-11-11T21:20:32","modified_gmt":"2024-11-11T21:20:32","slug":"descobre-o-pacote-discover-the-ski-dubai-snow-plus-package","status":"publish","type":"product","link":"https:\/\/bleudubai.com\/pt-pt\/produto\/descobre-o-pacote-discover-the-ski-dubai-snow-plus-package\/","title":{"rendered":"Descobre o passe de esqui Dubai Snow Plus"},"content":{"rendered":"<p>Foge do calor sufocante da cidade e passa um dia divertido com os teus entes queridos no Ski Dubai. Reserva o Snow Plus Pass e desfruta do maior parque de neve coberto com uma multiplicidade de passeios e atrac\u00e7\u00f5es, incluindo o Bob Sleigh, Tubing Run, Snow Cavern, Tobogganing, Giant Zorb Ball e Bumper Cars. Com o Snow Plus Pass, tens direito a passeios ilimitados no Mountain Thriller e a viagens ilimitadas de telef\u00e9rico. Podes tamb\u00e9m escolher entre duas horas de pista (para esquiadores\/ snowboarders de n\u00edvel interm\u00e9dio 2) ou duas descidas na tirolesa Snow Bullet. Equipamento de inverno inclu\u00eddo: casaco, cal\u00e7as, meias descart\u00e1veis, luvas de l\u00e3 e botas de neve.<\/p>\n","protected":false},"excerpt":{"rendered":"<p>Experimenta a emo\u00e7\u00e3o do Ski Dubai Snow Plus. Desfruta de um dia cheio de aventuras nos passeios e atrac\u00e7\u00f5es do parque de neve, bem como de um encontro com os pinguins. Divers\u00e3o para toda a fam\u00edlia!  <\/p>\n","protected":false},"featured_media":6458,"comment_status":"open","ping_status":"closed","template":"","meta":{"_acf_changed":false},"product_brand":[],"product_cat":[150,165,200],"product_tag":[],"class_list":{"0":"post-7749","1":"product","2":"type-product","3":"status-publish","4":"has-post-thumbnail","6":"product_cat-atividades-combinadas","7":"product_cat-atividades-familiares","8":"product_cat-parques-de-diversoes","10":"first","11":"instock","12":"shipping-taxable","13":"purchasable","14":"product-type-simple"},"acf":[],"_links":{"self":[{"href":"https:\/\/bleudubai.com\/pt-pt\/wp-json\/wp\/v2\/product\/7749","targetHints":{"allow":["GET"]}}],"collection":[{"href":"https:\/\/bleudubai.com\/pt-pt\/wp-json\/wp\/v2\/product"}],"about":[{"href":"https:\/\/bleudubai.com\/pt-pt\/wp-json\/wp\/v2\/types\/product"}],"replies":[{"embeddable":true,"href":"https:\/\/bleudubai.com\/pt-pt\/wp-json\/wp\/v2\/comments?post=7749"}],"wp:featuredmedia":[{"embeddable":true,"href":"https:\/\/bleudubai.com\/pt-pt\/wp-json\/wp\/v2\/media\/6458"}],"wp:attachment":[{"href":"https:\/\/bleudubai.com\/pt-pt\/wp-json\/wp\/v2\/media?parent=7749"}],"wp:term":[{"taxonomy":"product_brand","embeddable":true,"href":"https:\/\/bleudubai.com\/pt-pt\/wp-json\/wp\/v2\/product_brand?post=7749"},{"taxonomy":"product_cat","embeddable":true,"href":"https:\/\/bleudubai.com\/pt-pt\/wp-json\/wp\/v2\/product_cat?post=7749"},{"taxonomy":"product_tag","embeddable":true,"href":"https:\/\/bleudubai.com\/pt-pt\/wp-json\/wp\/v2\/product_tag?post=7749"}],"curies":[{"name":"wp","href":"https:\/\/api.w.org\/{rel}","templated":true}]}}