{"id":7750,"date":"2024-09-01T19:37:29","date_gmt":"2024-09-01T19:37:29","guid":{"rendered":"https:\/\/bleudubai.com\/product\/sessao-de-esqui-de-2-horas-ou-de-um-dia-inteiro-no-esqui-de-dubai\/"},"modified":"2024-11-11T21:23:36","modified_gmt":"2024-11-11T21:23:36","slug":"sessao-de-esqui-de-2-horas-ou-de-um-dia-inteiro-no-esqui-de-dubai","status":"publish","type":"product","link":"https:\/\/bleudubai.com\/pt-pt\/produto\/sessao-de-esqui-de-2-horas-ou-de-um-dia-inteiro-no-esqui-de-dubai\/","title":{"rendered":"Sess\u00e3o de esqui de 2 horas ou de dia inteiro no Ski Dubai"},"content":{"rendered":"<p>Aproveita ao m\u00e1ximo a tua estadia no Dubai com um passe de um dia ou uma sess\u00e3o de 2 horas no Ski Dubai. Diverte-te nas nossas 5 pistas de esqui, que oferecem uma variedade de dificuldades, alturas e inclina\u00e7\u00f5es. Esquia na nossa pista mais longa, com 400 metros de comprimento e uma queda vertical de mais de 60 metros. Experimenta a primeira pista preta coberta do mundo, ou opta pelas pistas para principiantes para melhorares as tuas curvas. N\u00e3o precisas de levar equipamento de esqui ou roupa quente, pois n\u00f3s fornecemos roupa de esqui, botas, esquis e bast\u00f5es. Depois de uma corrida, aproveita o telef\u00e9rico de 4 lugares ou o telef\u00e9rico de esqui para uma subida f\u00e1cil at\u00e9 ao topo das pistas. Se quiseres, podes ter aulas com a nossa equipa de instrutores profissionais. Tamb\u00e9m podes aproveitar a nossa loja exclusiva e os caf\u00e9s St Moritz e Avalanche.<\/p>\n","protected":false},"excerpt":{"rendered":"<p>Descobre a maior est\u00e2ncia de esqui interior do M\u00e9dio Oriente com um passe de um dia ou uma sess\u00e3o de 2 horas. Foge do calor do Dubai e desfruta dos prazeres do esqui e do snowboard neste parque \u00fanico. O passe inclui vestu\u00e1rio e equipamento de esqui.  <\/p>\n","protected":false},"featured_media":6443,"comment_status":"open","ping_status":"closed","template":"","meta":{"_acf_changed":false},"product_brand":[],"product_cat":[150,165,200],"product_tag":[],"class_list":{"0":"post-7750","1":"product","2":"type-product","3":"status-publish","4":"has-post-thumbnail","6":"product_cat-atividades-combinadas","7":"product_cat-atividades-familiares","8":"product_cat-parques-de-diversoes","10":"first","11":"instock","12":"shipping-taxable","13":"purchasable","14":"product-type-simple"},"acf":[],"_links":{"self":[{"href":"https:\/\/bleudubai.com\/pt-pt\/wp-json\/wp\/v2\/product\/7750","targetHints":{"allow":["GET"]}}],"collection":[{"href":"https:\/\/bleudubai.com\/pt-pt\/wp-json\/wp\/v2\/product"}],"about":[{"href":"https:\/\/bleudubai.com\/pt-pt\/wp-json\/wp\/v2\/types\/product"}],"replies":[{"embeddable":true,"href":"https:\/\/bleudubai.com\/pt-pt\/wp-json\/wp\/v2\/comments?post=7750"}],"wp:featuredmedia":[{"embeddable":true,"href":"https:\/\/bleudubai.com\/pt-pt\/wp-json\/wp\/v2\/media\/6443"}],"wp:attachment":[{"href":"https:\/\/bleudubai.com\/pt-pt\/wp-json\/wp\/v2\/media?parent=7750"}],"wp:term":[{"taxonomy":"product_brand","embeddable":true,"href":"https:\/\/bleudubai.com\/pt-pt\/wp-json\/wp\/v2\/product_brand?post=7750"},{"taxonomy":"product_cat","embeddable":true,"href":"https:\/\/bleudubai.com\/pt-pt\/wp-json\/wp\/v2\/product_cat?post=7750"},{"taxonomy":"product_tag","embeddable":true,"href":"https:\/\/bleudubai.com\/pt-pt\/wp-json\/wp\/v2\/product_tag?post=7750"}],"curies":[{"name":"wp","href":"https:\/\/api.w.org\/{rel}","templated":true}]}}