{"id":7759,"date":"2024-09-01T19:37:29","date_gmt":"2024-09-01T19:37:29","guid":{"rendered":"https:\/\/bleudubai.com\/product\/experiencia-trampo-extremo-2-horas\/"},"modified":"2024-09-01T19:37:29","modified_gmt":"2024-09-01T19:37:29","slug":"experiencia-trampo-extremo-2-horas","status":"publish","type":"product","link":"https:\/\/bleudubai.com\/pt-pt\/produto\/experiencia-trampo-extremo-2-horas\/","title":{"rendered":"Experi\u00eancia Extreme Trampo &#8211; 2 horas"},"content":{"rendered":"<p>Desfruta de 2 horas de acesso aos trampolins no parque interior Trampo Extreme. Domina as tuas capacidades de salto e escalada num ambiente seguro e divertido. O acesso inclui a zona de Dodgeball, salto de trap\u00e9zio, escalada de parede e po\u00e7o de espuma. As crian\u00e7as podem dar cambalhotas no trampolim, enfrentar o desafio das 6 paredes de escalada vertiginosas, mergulhar com cestos de basquetebol, jogar uma partida de Dodgeball e divertir-se no po\u00e7o de espuma.<\/p>\n","protected":false},"excerpt":{"rendered":"<p>Desfruta de 2 horas de divers\u00e3o saltitante no Trampo Extreme. A atividade perfeita para fam\u00edlias com crian\u00e7as, dispon\u00edvel no Dubai Mall ou no Nakheel Mall. <\/p>\n","protected":false},"featured_media":6428,"comment_status":"open","ping_status":"closed","template":"","meta":{"_acf_changed":false},"product_brand":[],"product_cat":[165,200],"product_tag":[],"class_list":{"0":"post-7759","1":"product","2":"type-product","3":"status-publish","4":"has-post-thumbnail","6":"product_cat-atividades-familiares","7":"product_cat-parques-de-diversoes","9":"first","10":"instock","11":"shipping-taxable","12":"purchasable","13":"product-type-simple"},"acf":[],"_links":{"self":[{"href":"https:\/\/bleudubai.com\/pt-pt\/wp-json\/wp\/v2\/product\/7759","targetHints":{"allow":["GET"]}}],"collection":[{"href":"https:\/\/bleudubai.com\/pt-pt\/wp-json\/wp\/v2\/product"}],"about":[{"href":"https:\/\/bleudubai.com\/pt-pt\/wp-json\/wp\/v2\/types\/product"}],"replies":[{"embeddable":true,"href":"https:\/\/bleudubai.com\/pt-pt\/wp-json\/wp\/v2\/comments?post=7759"}],"wp:featuredmedia":[{"embeddable":true,"href":"https:\/\/bleudubai.com\/pt-pt\/wp-json\/wp\/v2\/media\/6428"}],"wp:attachment":[{"href":"https:\/\/bleudubai.com\/pt-pt\/wp-json\/wp\/v2\/media?parent=7759"}],"wp:term":[{"taxonomy":"product_brand","embeddable":true,"href":"https:\/\/bleudubai.com\/pt-pt\/wp-json\/wp\/v2\/product_brand?post=7759"},{"taxonomy":"product_cat","embeddable":true,"href":"https:\/\/bleudubai.com\/pt-pt\/wp-json\/wp\/v2\/product_cat?post=7759"},{"taxonomy":"product_tag","embeddable":true,"href":"https:\/\/bleudubai.com\/pt-pt\/wp-json\/wp\/v2\/product_tag?post=7759"}],"curies":[{"name":"wp","href":"https:\/\/api.w.org\/{rel}","templated":true}]}}