{"id":7760,"date":"2024-09-01T19:37:29","date_gmt":"2024-09-01T19:37:29","guid":{"rendered":"https:\/\/bleudubai.com\/product\/descobre-la-patinoire-de-dubai\/"},"modified":"2025-10-18T07:19:03","modified_gmt":"2025-10-18T03:19:03","slug":"descobre-la-patinoire-de-dubai","status":"publish","type":"product","link":"https:\/\/bleudubai.com\/pt-pt\/produto\/descobre-la-patinoire-de-dubai\/","title":{"rendered":"Descobre a pista de gelo do Dubai"},"content":{"rendered":"<p>Mergulha no mundo da patinagem no gelo no Dubai Olympic Ice Rink, onde os entusiastas da patinagem podem desfrutar de uma experi\u00eancia sem limites. Localizado no The Dubai Mall, o segundo maior centro comercial do mundo, o ringue oferece instala\u00e7\u00f5es excepcionais para jovens, com programas de treino para todos os n\u00edveis. Quer sejas um principiante ou um patinador avan\u00e7ado, encontrar\u00e1s a oportunidade perfeita para te desenvolveres no gelo. Para al\u00e9m das sess\u00f5es de patinagem e dos programas de treino, o Dubai Ice Rink tamb\u00e9m oferece noites de discoteca e de espuma para dar um toque de magia \u00e0 tua experi\u00eancia de patinagem.<\/p>\n","protected":false},"excerpt":{"rendered":"<p>Descobre o prazer de patinar no gelo no deserto do Dubai. Quer sejas um principiante ou um especialista, esta atividade promete emo\u00e7\u00f5es e divers\u00e3o garantida. <\/p>\n","protected":false},"featured_media":6413,"comment_status":"open","ping_status":"closed","template":"","meta":{"_acf_changed":false},"product_brand":[],"product_cat":[165,185,200],"product_tag":[],"class_list":{"0":"post-7760","1":"product","2":"type-product","3":"status-publish","4":"has-post-thumbnail","6":"product_cat-atividades-familiares","7":"product_cat-bilhetes-de-entrada","8":"product_cat-parques-de-diversoes","10":"first","11":"instock","12":"shipping-taxable","13":"purchasable","14":"product-type-simple"},"acf":[],"_links":{"self":[{"href":"https:\/\/bleudubai.com\/pt-pt\/wp-json\/wp\/v2\/product\/7760","targetHints":{"allow":["GET"]}}],"collection":[{"href":"https:\/\/bleudubai.com\/pt-pt\/wp-json\/wp\/v2\/product"}],"about":[{"href":"https:\/\/bleudubai.com\/pt-pt\/wp-json\/wp\/v2\/types\/product"}],"replies":[{"embeddable":true,"href":"https:\/\/bleudubai.com\/pt-pt\/wp-json\/wp\/v2\/comments?post=7760"}],"wp:featuredmedia":[{"embeddable":true,"href":"https:\/\/bleudubai.com\/pt-pt\/wp-json\/wp\/v2\/media\/6413"}],"wp:attachment":[{"href":"https:\/\/bleudubai.com\/pt-pt\/wp-json\/wp\/v2\/media?parent=7760"}],"wp:term":[{"taxonomy":"product_brand","embeddable":true,"href":"https:\/\/bleudubai.com\/pt-pt\/wp-json\/wp\/v2\/product_brand?post=7760"},{"taxonomy":"product_cat","embeddable":true,"href":"https:\/\/bleudubai.com\/pt-pt\/wp-json\/wp\/v2\/product_cat?post=7760"},{"taxonomy":"product_tag","embeddable":true,"href":"https:\/\/bleudubai.com\/pt-pt\/wp-json\/wp\/v2\/product_tag?post=7760"}],"curies":[{"name":"wp","href":"https:\/\/api.w.org\/{rel}","templated":true}]}}