{"id":7769,"date":"2024-09-01T19:37:29","date_gmt":"2024-09-01T15:37:29","guid":{"rendered":"https:\/\/bleudubai.com\/product\/bilhete-para-1-parque-na-escolha-de-dubai-com-transfers-incluidos\/"},"modified":"2024-11-11T21:31:08","modified_gmt":"2024-11-11T21:31:08","slug":"bilhete-para-1-parque-na-escolha-de-dubai-com-transfers-incluidos","status":"publish","type":"product","link":"https:\/\/bleudubai.com\/pt-pt\/produto\/bilhete-para-1-parque-na-escolha-de-dubai-com-transfers-incluidos\/","title":{"rendered":"Entrada para 1 parque \u00e0 tua escolha no Dubai, incluindo transferes"},"content":{"rendered":"<p>Desfruta dos melhores parques tem\u00e1ticos com o Dubai Parks. Desfruta de um dia num dos parques mais populares do Dubai: Motiongate, Bollywood, Legoland ou Legoland Waterpark. O teu bilhete de entrada inclui transporte, tornando a tua experi\u00eancia mais f\u00e1cil. \u00c9 uma excelente oportunidade para passares tempo de qualidade com os teus filhos e participares em actividades divertidas.<\/p>\n","protected":false},"excerpt":{"rendered":"<p>Transporte inclu\u00eddo no teu bilhete! Acesso a um dos parques mais populares do Dubai: 1 Motiongate, 2 Bollywood, 3 Legoland, 4 Legoland Waterpark. <\/p>\n","protected":false},"featured_media":6398,"comment_status":"open","ping_status":"closed","template":"","meta":{"_acf_changed":false},"product_brand":[],"product_cat":[150,165,200],"product_tag":[],"class_list":{"0":"post-7769","1":"product","2":"type-product","3":"status-publish","4":"has-post-thumbnail","6":"product_cat-atividades-combinadas","7":"product_cat-atividades-familiares","8":"product_cat-parques-de-diversoes","10":"first","11":"instock","12":"shipping-taxable","13":"purchasable","14":"product-type-simple"},"acf":[],"_links":{"self":[{"href":"https:\/\/bleudubai.com\/pt-pt\/wp-json\/wp\/v2\/product\/7769","targetHints":{"allow":["GET"]}}],"collection":[{"href":"https:\/\/bleudubai.com\/pt-pt\/wp-json\/wp\/v2\/product"}],"about":[{"href":"https:\/\/bleudubai.com\/pt-pt\/wp-json\/wp\/v2\/types\/product"}],"replies":[{"embeddable":true,"href":"https:\/\/bleudubai.com\/pt-pt\/wp-json\/wp\/v2\/comments?post=7769"}],"wp:featuredmedia":[{"embeddable":true,"href":"https:\/\/bleudubai.com\/pt-pt\/wp-json\/wp\/v2\/media\/6398"}],"wp:attachment":[{"href":"https:\/\/bleudubai.com\/pt-pt\/wp-json\/wp\/v2\/media?parent=7769"}],"wp:term":[{"taxonomy":"product_brand","embeddable":true,"href":"https:\/\/bleudubai.com\/pt-pt\/wp-json\/wp\/v2\/product_brand?post=7769"},{"taxonomy":"product_cat","embeddable":true,"href":"https:\/\/bleudubai.com\/pt-pt\/wp-json\/wp\/v2\/product_cat?post=7769"},{"taxonomy":"product_tag","embeddable":true,"href":"https:\/\/bleudubai.com\/pt-pt\/wp-json\/wp\/v2\/product_tag?post=7769"}],"curies":[{"name":"wp","href":"https:\/\/api.w.org\/{rel}","templated":true}]}}