{"id":7770,"date":"2024-09-01T19:37:29","date_gmt":"2024-09-01T19:37:29","guid":{"rendered":"https:\/\/bleudubai.com\/product\/bilhete-entrada-para-o-motiongate-dubai\/"},"modified":"2024-11-11T21:34:38","modified_gmt":"2024-11-11T21:34:38","slug":"bilhete-entrada-para-o-motiongate-dubai","status":"publish","type":"product","link":"https:\/\/bleudubai.com\/pt-pt\/produto\/bilhete-entrada-para-o-motiongate-dubai\/","title":{"rendered":"Bilhete de entrada para o Motiongate Dubai"},"content":{"rendered":"<p>O Motiongate\u2122 Dubai re\u00fane 3 lend\u00e1rios est\u00fadios de cinema de Hollywood &#8211; Columbia Pictures, DreamWorks Animation e Lionsgate. Com o teu bilhete de um dia, mergulha num mundo de aventura cinematogr\u00e1fica. Desfruta de 27 passeios e atrac\u00e7\u00f5es neste parque tem\u00e1tico, bem como de um programa completo de 15 espect\u00e1culos de entretenimento e dan\u00e7a. Desfruta de refei\u00e7\u00f5es em restaurantes e estabelecimentos de fast-food espalhados pelo parque. Escolhe entre cinco montanhas-russas, passeios multim\u00e9dia no escuro, uma torre de queda, um laborat\u00f3rio de jogos interactivos, um passeio de boia e espect\u00e1culos multim\u00e9dia. O Dubai Parks and Resort est\u00e1 situado na Sheikh Zayed Road, a cerca de 25 minutos da Marina do Dubai.<\/p>\n","protected":false},"excerpt":{"rendered":"<p>Descobre o Motiongate Dubai, o maior parque tem\u00e1tico inspirado em Hollywood no M\u00e9dio Oriente. Desfruta de um dia inteiro de aventuras cinematogr\u00e1ficas e de uma variedade de passeios. <\/p>\n","protected":false},"featured_media":6383,"comment_status":"open","ping_status":"closed","template":"","meta":{"_acf_changed":false},"product_brand":[],"product_cat":[165,185,200],"product_tag":[],"class_list":{"0":"post-7770","1":"product","2":"type-product","3":"status-publish","4":"has-post-thumbnail","6":"product_cat-atividades-familiares","7":"product_cat-bilhetes-de-entrada","8":"product_cat-parques-de-diversoes","10":"first","11":"instock","12":"shipping-taxable","13":"purchasable","14":"product-type-simple"},"acf":[],"_links":{"self":[{"href":"https:\/\/bleudubai.com\/pt-pt\/wp-json\/wp\/v2\/product\/7770","targetHints":{"allow":["GET"]}}],"collection":[{"href":"https:\/\/bleudubai.com\/pt-pt\/wp-json\/wp\/v2\/product"}],"about":[{"href":"https:\/\/bleudubai.com\/pt-pt\/wp-json\/wp\/v2\/types\/product"}],"replies":[{"embeddable":true,"href":"https:\/\/bleudubai.com\/pt-pt\/wp-json\/wp\/v2\/comments?post=7770"}],"wp:featuredmedia":[{"embeddable":true,"href":"https:\/\/bleudubai.com\/pt-pt\/wp-json\/wp\/v2\/media\/6383"}],"wp:attachment":[{"href":"https:\/\/bleudubai.com\/pt-pt\/wp-json\/wp\/v2\/media?parent=7770"}],"wp:term":[{"taxonomy":"product_brand","embeddable":true,"href":"https:\/\/bleudubai.com\/pt-pt\/wp-json\/wp\/v2\/product_brand?post=7770"},{"taxonomy":"product_cat","embeddable":true,"href":"https:\/\/bleudubai.com\/pt-pt\/wp-json\/wp\/v2\/product_cat?post=7770"},{"taxonomy":"product_tag","embeddable":true,"href":"https:\/\/bleudubai.com\/pt-pt\/wp-json\/wp\/v2\/product_tag?post=7770"}],"curies":[{"name":"wp","href":"https:\/\/api.w.org\/{rel}","templated":true}]}}