{"id":7779,"date":"2024-09-01T19:37:29","date_gmt":"2024-09-01T19:37:29","guid":{"rendered":"https:\/\/bleudubai.com\/product\/bilhete-dentree-ferrari-mundo-abu-dhabi\/"},"modified":"2025-10-01T18:29:17","modified_gmt":"2025-10-01T14:29:17","slug":"bilhete-dentree-ferrari-mundo-abu-dhabi","status":"publish","type":"product","link":"https:\/\/bleudubai.com\/pt-pt\/produto\/bilhete-dentree-ferrari-mundo-abu-dhabi\/","title":{"rendered":"Bilhete de entrada para o Ferrari World Abu Dhabi"},"content":{"rendered":"<p>Experimenta emo\u00e7\u00f5es \u00fanicas no primeiro parque tem\u00e1tico Ferrari do mundo.<br \/>\nDescobre uma infinidade de actividades sob o ic\u00f3nico telhado vermelho que far\u00e3o as del\u00edcias de mi\u00fados e gra\u00fados. Desfruta de 37 atrac\u00e7\u00f5es emocionantes, incluindo a montanha-russa mais r\u00e1pida do mundo e a pista de looping mais alta. Desde simuladores de \u00faltima gera\u00e7\u00e3o a montanhas-russas de cortar a respira\u00e7\u00e3o e condu\u00e7\u00e3o de carros de corrida, o Ferrari World Abu Dhabi oferece um dia de sonho para toda a fam\u00edlia. Mergulha no mundo dos pilotos da Ferrari e explora as atrac\u00e7\u00f5es interactivas do parque que far\u00e3o as del\u00edcias dos visitantes mais jovens. D\u00e1 uma vista de olhos aos bastidores do imp\u00e9rio Ferrari e sente a paix\u00e3o que levou \u00e0 cria\u00e7\u00e3o de obras-primas contempor\u00e2neas. O Ferrari World Abu Dhabi foi eleito o melhor parque tem\u00e1tico do M\u00e9dio Oriente em 2017 e 2018 pelos World Travel Awards.<\/p>\n","protected":false},"excerpt":{"rendered":"<p>Desfruta de acesso ilimitado de um dia ao Ferrari World Abu Dhabi, o primeiro parque tem\u00e1tico interior da Ferrari no mundo. Experimenta a emo\u00e7\u00e3o das muitas simula\u00e7\u00f5es e atrac\u00e7\u00f5es da Ferrari que far\u00e3o as del\u00edcias de visitantes de todas as idades. <\/p>\n","protected":false},"featured_media":6353,"comment_status":"open","ping_status":"closed","template":"","meta":{"_acf_changed":false},"product_brand":[],"product_cat":[175,165,200],"product_tag":[],"class_list":{"0":"post-7779","1":"product","2":"type-product","3":"status-publish","4":"has-post-thumbnail","6":"product_cat-atividades-em-abu-dhabi","7":"product_cat-atividades-familiares","8":"product_cat-parques-de-diversoes","10":"first","11":"instock","12":"shipping-taxable","13":"purchasable","14":"product-type-simple"},"acf":[],"_links":{"self":[{"href":"https:\/\/bleudubai.com\/pt-pt\/wp-json\/wp\/v2\/product\/7779","targetHints":{"allow":["GET"]}}],"collection":[{"href":"https:\/\/bleudubai.com\/pt-pt\/wp-json\/wp\/v2\/product"}],"about":[{"href":"https:\/\/bleudubai.com\/pt-pt\/wp-json\/wp\/v2\/types\/product"}],"replies":[{"embeddable":true,"href":"https:\/\/bleudubai.com\/pt-pt\/wp-json\/wp\/v2\/comments?post=7779"}],"wp:featuredmedia":[{"embeddable":true,"href":"https:\/\/bleudubai.com\/pt-pt\/wp-json\/wp\/v2\/media\/6353"}],"wp:attachment":[{"href":"https:\/\/bleudubai.com\/pt-pt\/wp-json\/wp\/v2\/media?parent=7779"}],"wp:term":[{"taxonomy":"product_brand","embeddable":true,"href":"https:\/\/bleudubai.com\/pt-pt\/wp-json\/wp\/v2\/product_brand?post=7779"},{"taxonomy":"product_cat","embeddable":true,"href":"https:\/\/bleudubai.com\/pt-pt\/wp-json\/wp\/v2\/product_cat?post=7779"},{"taxonomy":"product_tag","embeddable":true,"href":"https:\/\/bleudubai.com\/pt-pt\/wp-json\/wp\/v2\/product_tag?post=7779"}],"curies":[{"name":"wp","href":"https:\/\/api.w.org\/{rel}","templated":true}]}}