{"id":7780,"date":"2024-09-01T19:37:29","date_gmt":"2024-09-01T19:37:29","guid":{"rendered":"https:\/\/bleudubai.com\/product\/1-bilhete-para-2-parques-e-resorts-de-dubai\/"},"modified":"2024-11-11T21:37:34","modified_gmt":"2024-11-11T21:37:34","slug":"1-bilhete-para-2-parques-e-resorts-de-dubai","status":"publish","type":"product","link":"https:\/\/bleudubai.com\/pt-pt\/produto\/1-bilhete-para-2-parques-e-resorts-de-dubai\/","title":{"rendered":"1 bilhete para 2 parques no Dubai Parks and Resorts"},"content":{"rendered":"<p>O Dubai Parks and Resorts \u00e9 o maior complexo de lazer tem\u00e1tico do M\u00e9dio Oriente. Explora o MOTIONGATE\u2122 Dubai, inspirado em Hollywood. LEGOLAND\u00a9 Dubai, o primeiro parque LEGOLAND\u00a9 da regi\u00e3o. LEGOLAND\u00a9 Water Park, ideal para fam\u00edlias com crian\u00e7as dos 2 aos 12 anos.<\/p>\n<p>BOLLYWOOD PARKS\u2122 Dubai. O complexo est\u00e1 ligado pelo Riverland\u2122 Dubai, uma \u00e1rea comercial e de restaura\u00e7\u00e3o situada no cora\u00e7\u00e3o do Dubai Parks and Resorts. Localizado a cerca de 25 minutos da Dubai Marina, este passe permite-te desfrutar de 2 dos 4 parques oferecidos durante um dia.<\/p>\n","protected":false},"excerpt":{"rendered":"<p>Desfruta de um dia em 2 dos parques tem\u00e1ticos mais populares do Dubai Parks and Resorts: Motiongate Dubai, Bollywood Parks Dubai, Legoland Dubai e Legoland Water Park. Divers\u00e3o para todos! <\/p>\n","protected":false},"featured_media":6368,"comment_status":"open","ping_status":"closed","template":"","meta":{"_acf_changed":false},"product_brand":[],"product_cat":[150,165,170,185,195,200],"product_tag":[],"class_list":{"0":"post-7780","1":"product","2":"type-product","3":"status-publish","4":"has-post-thumbnail","6":"product_cat-atividades-combinadas","7":"product_cat-atividades-familiares","8":"product_cat-atividades-imperdiveis","9":"product_cat-bilhetes-de-entrada","10":"product_cat-os-imperdiveis","11":"product_cat-parques-de-diversoes","13":"first","14":"instock","15":"shipping-taxable","16":"purchasable","17":"product-type-simple"},"acf":[],"_links":{"self":[{"href":"https:\/\/bleudubai.com\/pt-pt\/wp-json\/wp\/v2\/product\/7780","targetHints":{"allow":["GET"]}}],"collection":[{"href":"https:\/\/bleudubai.com\/pt-pt\/wp-json\/wp\/v2\/product"}],"about":[{"href":"https:\/\/bleudubai.com\/pt-pt\/wp-json\/wp\/v2\/types\/product"}],"replies":[{"embeddable":true,"href":"https:\/\/bleudubai.com\/pt-pt\/wp-json\/wp\/v2\/comments?post=7780"}],"wp:featuredmedia":[{"embeddable":true,"href":"https:\/\/bleudubai.com\/pt-pt\/wp-json\/wp\/v2\/media\/6368"}],"wp:attachment":[{"href":"https:\/\/bleudubai.com\/pt-pt\/wp-json\/wp\/v2\/media?parent=7780"}],"wp:term":[{"taxonomy":"product_brand","embeddable":true,"href":"https:\/\/bleudubai.com\/pt-pt\/wp-json\/wp\/v2\/product_brand?post=7780"},{"taxonomy":"product_cat","embeddable":true,"href":"https:\/\/bleudubai.com\/pt-pt\/wp-json\/wp\/v2\/product_cat?post=7780"},{"taxonomy":"product_tag","embeddable":true,"href":"https:\/\/bleudubai.com\/pt-pt\/wp-json\/wp\/v2\/product_tag?post=7780"}],"curies":[{"name":"wp","href":"https:\/\/api.w.org\/{rel}","templated":true}]}}