{"id":7789,"date":"2024-09-01T19:37:51","date_gmt":"2024-09-01T19:37:51","guid":{"rendered":"https:\/\/bleudubai.com\/product\/flying-cup-dubai-drink-a-drink-and-get-a-drink-in-a-case-at-the-marina\/"},"modified":"2024-11-11T21:04:23","modified_gmt":"2024-11-11T21:04:23","slug":"flying-cup-dubai-drink-a-drink-and-get-a-drink-in-a-case-at-the-marina","status":"publish","type":"product","link":"https:\/\/bleudubai.com\/pt-pt\/produto\/flying-cup-dubai-drink-a-drink-and-get-a-drink-in-a-case-at-the-marina\/","title":{"rendered":"Flying Cup Dubai: desfruta de uma bebida e de um snack na Marina"},"content":{"rendered":"<p>Desfruta de uma experi\u00eancia extraordin\u00e1ria saboreando uma variedade de bebidas e snacks a partir de uma altura equivalente \u00e0 de um edif\u00edcio de 12 andares. Admira vistas de cortar a respira\u00e7\u00e3o e tira fotografias dos marcos mais emblem\u00e1ticos do Dubai, como o Burj Al Arab, The Palm, Atlantis e Skydive Dubai.<\/p>\n","protected":false},"excerpt":{"rendered":"<p>Desfruta de uma experi\u00eancia \u00fanica no Dubai com bebidas e snacks a 40 metros acima do solo, enquanto admiras as vistas panor\u00e2micas e tiras fotografias dos locais emblem\u00e1ticos.<\/p>\n","protected":false},"featured_media":6533,"comment_status":"open","ping_status":"closed","template":"","meta":{"_acf_changed":false},"product_brand":[],"product_cat":[165,155,185],"product_tag":[],"class_list":{"0":"post-7789","1":"product","2":"type-product","3":"status-publish","4":"has-post-thumbnail","6":"product_cat-atividades-familiares","7":"product_cat-atividades-no-ar","8":"product_cat-bilhetes-de-entrada","10":"first","11":"instock","12":"shipping-taxable","13":"purchasable","14":"product-type-simple"},"acf":[],"_links":{"self":[{"href":"https:\/\/bleudubai.com\/pt-pt\/wp-json\/wp\/v2\/product\/7789","targetHints":{"allow":["GET"]}}],"collection":[{"href":"https:\/\/bleudubai.com\/pt-pt\/wp-json\/wp\/v2\/product"}],"about":[{"href":"https:\/\/bleudubai.com\/pt-pt\/wp-json\/wp\/v2\/types\/product"}],"replies":[{"embeddable":true,"href":"https:\/\/bleudubai.com\/pt-pt\/wp-json\/wp\/v2\/comments?post=7789"}],"wp:featuredmedia":[{"embeddable":true,"href":"https:\/\/bleudubai.com\/pt-pt\/wp-json\/wp\/v2\/media\/6533"}],"wp:attachment":[{"href":"https:\/\/bleudubai.com\/pt-pt\/wp-json\/wp\/v2\/media?parent=7789"}],"wp:term":[{"taxonomy":"product_brand","embeddable":true,"href":"https:\/\/bleudubai.com\/pt-pt\/wp-json\/wp\/v2\/product_brand?post=7789"},{"taxonomy":"product_cat","embeddable":true,"href":"https:\/\/bleudubai.com\/pt-pt\/wp-json\/wp\/v2\/product_cat?post=7789"},{"taxonomy":"product_tag","embeddable":true,"href":"https:\/\/bleudubai.com\/pt-pt\/wp-json\/wp\/v2\/product_tag?post=7789"}],"curies":[{"name":"wp","href":"https:\/\/api.w.org\/{rel}","templated":true}]}}