{"id":7790,"date":"2024-09-01T19:37:29","date_gmt":"2024-09-01T19:37:29","guid":{"rendered":"https:\/\/bleudubai.com\/product\/laventure-ultime-a-img-worlds-of-adventure\/"},"modified":"2025-10-01T18:30:07","modified_gmt":"2025-10-01T14:30:07","slug":"laventure-ultime-a-img-worlds-of-adventure","status":"publish","type":"product","link":"https:\/\/bleudubai.com\/pt-pt\/produto\/laventure-ultime-a-img-worlds-of-adventure\/","title":{"rendered":"A derradeira aventura no IMG Worlds of Adventure"},"content":{"rendered":"<p>Bem-vindo ao IMG Worlds of Adventure, o derradeiro destino de entretenimento mega-tem\u00e1tico do Dubai. Este extraordin\u00e1rio parque re\u00fane cinco zonas de aventura emocionantes, oferecendo aos visitantes de todo o mundo uma experi\u00eancia inesquec\u00edvel. Mergulha nos mundos dos Cartoon Network e da Marvel, experimenta as emo\u00e7\u00f5es do Haunted Hotel, aventura-te no Lost Valley &#8211; Dinosaur Adventure e passeia pela IMG Boulevard. Com mais de 1,5 milh\u00f5es de metros quadrados, o IMG Worlds of Adventure \u00e9 o maior parque tem\u00e1tico interior com temperatura controlada do mundo, permitindo-te desfrutar de divers\u00e3o e emo\u00e7\u00e3o durante todo o ano.<\/p>\n","protected":false},"excerpt":{"rendered":"<p>Mergulha na emo\u00e7\u00e3o de passeios emocionantes, espect\u00e1culos ao vivo e atrac\u00e7\u00f5es incr\u00edveis no IMG Worlds of Adventure. Explora cinco zonas cheias de a\u00e7\u00e3o, incluindo Marvel, Lost Valley, Cartoon Network, IMG Boulevard e The Haunted Hotel. O parque tamb\u00e9m oferece uma Zona Infantil especialmente concebida para os visitantes mais novos.  <\/p>\n","protected":false},"featured_media":6338,"comment_status":"open","ping_status":"closed","template":"","meta":{"_acf_changed":false},"product_brand":[],"product_cat":[165,170,195,200],"product_tag":[],"class_list":{"0":"post-7790","1":"product","2":"type-product","3":"status-publish","4":"has-post-thumbnail","6":"product_cat-atividades-familiares","7":"product_cat-atividades-imperdiveis","8":"product_cat-os-imperdiveis","9":"product_cat-parques-de-diversoes","11":"first","12":"instock","13":"shipping-taxable","14":"purchasable","15":"product-type-simple"},"acf":[],"_links":{"self":[{"href":"https:\/\/bleudubai.com\/pt-pt\/wp-json\/wp\/v2\/product\/7790","targetHints":{"allow":["GET"]}}],"collection":[{"href":"https:\/\/bleudubai.com\/pt-pt\/wp-json\/wp\/v2\/product"}],"about":[{"href":"https:\/\/bleudubai.com\/pt-pt\/wp-json\/wp\/v2\/types\/product"}],"replies":[{"embeddable":true,"href":"https:\/\/bleudubai.com\/pt-pt\/wp-json\/wp\/v2\/comments?post=7790"}],"wp:featuredmedia":[{"embeddable":true,"href":"https:\/\/bleudubai.com\/pt-pt\/wp-json\/wp\/v2\/media\/6338"}],"wp:attachment":[{"href":"https:\/\/bleudubai.com\/pt-pt\/wp-json\/wp\/v2\/media?parent=7790"}],"wp:term":[{"taxonomy":"product_brand","embeddable":true,"href":"https:\/\/bleudubai.com\/pt-pt\/wp-json\/wp\/v2\/product_brand?post=7790"},{"taxonomy":"product_cat","embeddable":true,"href":"https:\/\/bleudubai.com\/pt-pt\/wp-json\/wp\/v2\/product_cat?post=7790"},{"taxonomy":"product_tag","embeddable":true,"href":"https:\/\/bleudubai.com\/pt-pt\/wp-json\/wp\/v2\/product_tag?post=7790"}],"curies":[{"name":"wp","href":"https:\/\/api.w.org\/{rel}","templated":true}]}}