{"id":7799,"date":"2024-09-01T19:37:51","date_gmt":"2024-09-01T19:37:51","guid":{"rendered":"https:\/\/bleudubai.com\/product\/experiencia-de-paraquedismo-na-ifly-dubai\/"},"modified":"2024-11-11T21:10:07","modified_gmt":"2024-11-11T21:10:07","slug":"experiencia-de-paraquedismo-na-ifly-dubai","status":"publish","type":"product","link":"https:\/\/bleudubai.com\/pt-pt\/produto\/experiencia-de-paraquedismo-na-ifly-dubai\/","title":{"rendered":"Experi\u00eancia de paraquedismo em recinto fechado no iFly Dubai"},"content":{"rendered":"<p>Se sempre quiseste saber como \u00e9 saltar de um avi\u00e3o, mas n\u00e3o te sentes preparado para esta aventura extrema, a experi\u00eancia de para-quedismo interior no iFly Dubai \u00e9 para ti. Deixa o vento acariciar o teu cabelo, sente a emo\u00e7\u00e3o enquanto o teu fato voa graciosamente atrav\u00e9s do t\u00fanel de vento alimentado por jactos de 800 cavalos de pot\u00eancia. Vais subir at\u00e9 uma altura de 10 metros, com uma vista deslumbrante sobre a multid\u00e3o agitada do City Center Mirdifs Magic Planet. Antes de subires aos c\u00e9us, os nossos especialistas da iFly Dubai v\u00e3o equipar-te com um fato especial e ensinar-te as t\u00e9cnicas de voo necess\u00e1rias para come\u00e7ares a voar. Desfrutar\u00e1s de dois voos emocionantes, acompanhados pela assist\u00eancia personalizada do teu instrutor, e sair\u00e1s com uma nova paix\u00e3o e um profundo respeito pelo poder do vento.<\/p>\n","protected":false},"excerpt":{"rendered":"<p>Experimenta o paraquedismo indoor no iFly Dubai e sente a adrenalina sem as alturas vertiginosas. Desfruta desta incr\u00edvel aventura a\u00e9rea num t\u00fanel de vento com 10 metros de altura. <\/p>\n","protected":false},"featured_media":6503,"comment_status":"open","ping_status":"closed","template":"","meta":{"_acf_changed":false},"product_brand":[],"product_cat":[155,205],"product_tag":[],"class_list":{"0":"post-7799","1":"product","2":"type-product","3":"status-publish","4":"has-post-thumbnail","6":"product_cat-atividades-no-ar","7":"product_cat-desporto-e-adrenalina","9":"first","10":"instock","11":"shipping-taxable","12":"purchasable","13":"product-type-simple"},"acf":[],"_links":{"self":[{"href":"https:\/\/bleudubai.com\/pt-pt\/wp-json\/wp\/v2\/product\/7799","targetHints":{"allow":["GET"]}}],"collection":[{"href":"https:\/\/bleudubai.com\/pt-pt\/wp-json\/wp\/v2\/product"}],"about":[{"href":"https:\/\/bleudubai.com\/pt-pt\/wp-json\/wp\/v2\/types\/product"}],"replies":[{"embeddable":true,"href":"https:\/\/bleudubai.com\/pt-pt\/wp-json\/wp\/v2\/comments?post=7799"}],"wp:featuredmedia":[{"embeddable":true,"href":"https:\/\/bleudubai.com\/pt-pt\/wp-json\/wp\/v2\/media\/6503"}],"wp:attachment":[{"href":"https:\/\/bleudubai.com\/pt-pt\/wp-json\/wp\/v2\/media?parent=7799"}],"wp:term":[{"taxonomy":"product_brand","embeddable":true,"href":"https:\/\/bleudubai.com\/pt-pt\/wp-json\/wp\/v2\/product_brand?post=7799"},{"taxonomy":"product_cat","embeddable":true,"href":"https:\/\/bleudubai.com\/pt-pt\/wp-json\/wp\/v2\/product_cat?post=7799"},{"taxonomy":"product_tag","embeddable":true,"href":"https:\/\/bleudubai.com\/pt-pt\/wp-json\/wp\/v2\/product_tag?post=7799"}],"curies":[{"name":"wp","href":"https:\/\/api.w.org\/{rel}","templated":true}]}}