{"id":7800,"date":"2024-09-01T19:37:51","date_gmt":"2024-09-01T19:37:51","guid":{"rendered":"https:\/\/bleudubai.com\/product\/roubo-por-helicoptero-das-fortalezas-da-cidade-de-dubai\/"},"modified":"2024-11-12T17:51:10","modified_gmt":"2024-11-12T17:51:10","slug":"roubo-por-helicoptero-das-fortalezas-da-cidade-de-dubai","status":"publish","type":"product","link":"https:\/\/bleudubai.com\/pt-pt\/produto\/roubo-por-helicoptero-das-fortalezas-da-cidade-de-dubai\/","title":{"rendered":"Voo de helic\u00f3ptero dos destaques do Dubai"},"content":{"rendered":"<p>Sobe a bordo de um helic\u00f3ptero de luxo e desfruta de incr\u00edveis vistas panor\u00e2micas do Dubai a partir do c\u00e9u. Levanta voo do heliporto do hotel Atlantis the Palm e sobrevoa a cidade durante 12 a 25 minutos, visitando as atrac\u00e7\u00f5es mais famosas.<br \/>\nPEARL HELI TOUR de 12 minutos: Desfruta de um emocionante voo de grupo desde o Atlantis the Palm at\u00e9 ao Burj Khalifa, passando por locais como o Burj Al Arab e a bela costa do Dubai.<br \/>\nVoo FUN RIDE de 15 minutos: Descobre o Dubai de uma nova perspetiva num voo de grupo do Atlantis The Palm para o Burj Khalifa. V\u00ea o Burj Al Arab, o arquip\u00e9lago The World a partir do P\u00f3lo Sul, Port Rashid e Palm Jumeirah nesta experi\u00eancia \u00fanica.<br \/>\nVoo THE ICONIC TOUR de 17 minutos: Mime-se com um voo inesquec\u00edvel de 17 minutos para explorar os principais marcos do Dubai. Maravilha-te com o Atlantis, a ilha Palm Jumeirah, o ic\u00f3nico Burj Al Arab Hotel, a deslumbrante costa do Dubai, o Burj Khalifa e o Lagoon Project.<br \/>\nVoo de 25 minutos em CITY CIRCUIT: Embarca num voo de 25 minutos em grupo, partindo do Atlantis The Palm e dirigindo-se para a Ba\u00eda Velha do Dubai. Neste voo, sobrevoar\u00e1s o Burj Al Arab, o arquip\u00e9lago The World, o majestoso Burj Khalifa, a Union House, o Porto Rashid, e tamb\u00e9m ter\u00e1s um vislumbre do Ski Dubai, do Hip\u00f3dromo de Jebel Ali, do Novo Dubai e de muitas outras maravilhas da cidade.<\/p>\n","protected":false},"excerpt":{"rendered":"<p>Desfruta de um voo de helic\u00f3ptero sobre o Dubai e descobre locais imperd\u00edveis como o Burj Al Arab, o Burj Khalifa e as Ilhas do Mundo. Reserva o teu voo de 12 a 25 minutos e desfruta de vistas espectaculares sobre a cidade. <\/p>\n","protected":false},"featured_media":6518,"comment_status":"open","ping_status":"closed","template":"","meta":{"_acf_changed":false},"product_brand":[],"product_cat":[165,170,155,195],"product_tag":[],"class_list":{"0":"post-7800","1":"product","2":"type-product","3":"status-publish","4":"has-post-thumbnail","6":"product_cat-atividades-familiares","7":"product_cat-atividades-imperdiveis","8":"product_cat-atividades-no-ar","9":"product_cat-os-imperdiveis","11":"first","12":"instock","13":"shipping-taxable","14":"purchasable","15":"product-type-simple"},"acf":[],"_links":{"self":[{"href":"https:\/\/bleudubai.com\/pt-pt\/wp-json\/wp\/v2\/product\/7800","targetHints":{"allow":["GET"]}}],"collection":[{"href":"https:\/\/bleudubai.com\/pt-pt\/wp-json\/wp\/v2\/product"}],"about":[{"href":"https:\/\/bleudubai.com\/pt-pt\/wp-json\/wp\/v2\/types\/product"}],"replies":[{"embeddable":true,"href":"https:\/\/bleudubai.com\/pt-pt\/wp-json\/wp\/v2\/comments?post=7800"}],"wp:featuredmedia":[{"embeddable":true,"href":"https:\/\/bleudubai.com\/pt-pt\/wp-json\/wp\/v2\/media\/6518"}],"wp:attachment":[{"href":"https:\/\/bleudubai.com\/pt-pt\/wp-json\/wp\/v2\/media?parent=7800"}],"wp:term":[{"taxonomy":"product_brand","embeddable":true,"href":"https:\/\/bleudubai.com\/pt-pt\/wp-json\/wp\/v2\/product_brand?post=7800"},{"taxonomy":"product_cat","embeddable":true,"href":"https:\/\/bleudubai.com\/pt-pt\/wp-json\/wp\/v2\/product_cat?post=7800"},{"taxonomy":"product_tag","embeddable":true,"href":"https:\/\/bleudubai.com\/pt-pt\/wp-json\/wp\/v2\/product_tag?post=7800"}],"curies":[{"name":"wp","href":"https:\/\/api.w.org\/{rel}","templated":true}]}}