{"id":7809,"date":"2024-09-01T19:37:52","date_gmt":"2024-09-01T15:37:52","guid":{"rendered":"https:\/\/bleudubai.com\/product\/speed-boat-90-min-take-the-command-and-sail-your-ship\/"},"modified":"2024-11-11T20:53:38","modified_gmt":"2024-11-11T20:53:38","slug":"speed-boat-90-min-take-the-command-and-sail-your-ship","status":"publish","type":"product","link":"https:\/\/bleudubai.com\/pt-pt\/produto\/speed-boat-90-min-take-the-command-and-sail-your-ship\/","title":{"rendered":"Speed Boat 90 min: Assume o controlo e navega \u00e0 vontade"},"content":{"rendered":"<p>Navega pelo Golfo P\u00e9rsico e explora a ic\u00f3nica linha costeira do Dubai numa aventura guiada de 90 minutos, conduzindo o teu pr\u00f3prio barco. Este passeio foi concebido para os aventureiros que querem conhecer a costa do Dubai de uma forma emocionante. Atinge velocidades at\u00e9 50km\/h nesta divertida e segura experi\u00eancia de navega\u00e7\u00e3o. V\u00ea pontos de refer\u00eancia famosos como Palm Jumeirah, Atlantis, The Palm, Burj Al Arab e Ain Dubai, a maior roda de observa\u00e7\u00e3o do mundo. Assume o controlo da tua experi\u00eancia, conduzindo o teu pr\u00f3prio barco e parando ao longo do caminho para tirar fotografias perfeitas dos pontos de refer\u00eancia mais famosos do Dubai. Os barcos insufl\u00e1veis oferecem uma experi\u00eancia t\u00e3o divertida como o jet-ski, mas com toda a seguran\u00e7a, adequada para toda a fam\u00edlia.<\/p>\n","protected":false},"excerpt":{"rendered":"<p>Assume o leme de um barco HERO e explora a ic\u00f3nica linha costeira do Dubai a velocidades incr\u00edveis. Uma alternativa divertida ao tradicional passeio tur\u00edstico, descobre o Burj Al Arab e o Atlantis, the Palm nesta inesquec\u00edvel aventura mar\u00edtima. <\/p>\n","protected":false},"featured_media":6578,"comment_status":"open","ping_status":"closed","template":"","meta":{"_acf_changed":false},"product_brand":[],"product_cat":[145,205,180],"product_tag":[],"class_list":{"0":"post-7809","1":"product","2":"type-product","3":"status-publish","4":"has-post-thumbnail","6":"product_cat-atividades-aquaticas","7":"product_cat-desporto-e-adrenalina","8":"product_cat-passeio-de-barco","10":"first","11":"instock","12":"shipping-taxable","13":"purchasable","14":"product-type-simple"},"acf":[],"_links":{"self":[{"href":"https:\/\/bleudubai.com\/pt-pt\/wp-json\/wp\/v2\/product\/7809","targetHints":{"allow":["GET"]}}],"collection":[{"href":"https:\/\/bleudubai.com\/pt-pt\/wp-json\/wp\/v2\/product"}],"about":[{"href":"https:\/\/bleudubai.com\/pt-pt\/wp-json\/wp\/v2\/types\/product"}],"replies":[{"embeddable":true,"href":"https:\/\/bleudubai.com\/pt-pt\/wp-json\/wp\/v2\/comments?post=7809"}],"wp:featuredmedia":[{"embeddable":true,"href":"https:\/\/bleudubai.com\/pt-pt\/wp-json\/wp\/v2\/media\/6578"}],"wp:attachment":[{"href":"https:\/\/bleudubai.com\/pt-pt\/wp-json\/wp\/v2\/media?parent=7809"}],"wp:term":[{"taxonomy":"product_brand","embeddable":true,"href":"https:\/\/bleudubai.com\/pt-pt\/wp-json\/wp\/v2\/product_brand?post=7809"},{"taxonomy":"product_cat","embeddable":true,"href":"https:\/\/bleudubai.com\/pt-pt\/wp-json\/wp\/v2\/product_cat?post=7809"},{"taxonomy":"product_tag","embeddable":true,"href":"https:\/\/bleudubai.com\/pt-pt\/wp-json\/wp\/v2\/product_tag?post=7809"}],"curies":[{"name":"wp","href":"https:\/\/api.w.org\/{rel}","templated":true}]}}