{"id":7810,"date":"2024-09-01T19:37:52","date_gmt":"2024-09-01T19:37:52","guid":{"rendered":"https:\/\/bleudubai.com\/product\/experiencia-de-um-flyboard-30-minutos-por-baia\/"},"modified":"2026-04-18T11:35:06","modified_gmt":"2026-04-18T07:35:06","slug":"experiencia-de-um-flyboard-30-minutos-por-baia","status":"publish","type":"product","link":"https:\/\/bleudubai.com\/pt-pt\/produto\/experiencia-de-um-flyboard-30-minutos-por-baia\/","title":{"rendered":"Experi\u00eancia de 30 minutos de flyboarding no Dubai"},"content":{"rendered":"<p>Descobre as sensa\u00e7\u00f5es \u00fanicas do flyboarding, quer sejas um principiante ou um flyboarder experiente. Deixa que um instrutor profissional e experiente te guie em seguran\u00e7a atrav\u00e9s desta atividade de 30 minutos no Dubai. Confia nos seus conhecimentos para te ajudar se precisares e para ajustar a pot\u00eancia da m\u00e1quina de acordo com o teu n\u00edvel. Tenta subir o mais alto que conseguires e desfruta das vistas panor\u00e2micas. Tamb\u00e9m podes combinar a tua sess\u00e3o de flyboarding com 30 minutos de jet ski para uma experi\u00eancia ainda mais intensa.<\/p>\n","protected":false},"excerpt":{"rendered":"<p>Experimenta novas sensa\u00e7\u00f5es durante esta atividade de 30 minutos de flyboard no Dubai. Tamb\u00e9m podes combinar 30 minutos de flyboard com 30 minutos de jet ski. <\/p>\n","protected":false},"featured_media":6593,"comment_status":"open","ping_status":"closed","template":"","meta":{"_acf_changed":false},"product_brand":[],"product_cat":[145,205],"product_tag":[],"class_list":{"0":"post-7810","1":"product","2":"type-product","3":"status-publish","4":"has-post-thumbnail","6":"product_cat-atividades-aquaticas","7":"product_cat-desporto-e-adrenalina","9":"first","10":"instock","11":"shipping-taxable","12":"purchasable","13":"product-type-simple"},"acf":[],"_links":{"self":[{"href":"https:\/\/bleudubai.com\/pt-pt\/wp-json\/wp\/v2\/product\/7810","targetHints":{"allow":["GET"]}}],"collection":[{"href":"https:\/\/bleudubai.com\/pt-pt\/wp-json\/wp\/v2\/product"}],"about":[{"href":"https:\/\/bleudubai.com\/pt-pt\/wp-json\/wp\/v2\/types\/product"}],"replies":[{"embeddable":true,"href":"https:\/\/bleudubai.com\/pt-pt\/wp-json\/wp\/v2\/comments?post=7810"}],"wp:featuredmedia":[{"embeddable":true,"href":"https:\/\/bleudubai.com\/pt-pt\/wp-json\/wp\/v2\/media\/6593"}],"wp:attachment":[{"href":"https:\/\/bleudubai.com\/pt-pt\/wp-json\/wp\/v2\/media?parent=7810"}],"wp:term":[{"taxonomy":"product_brand","embeddable":true,"href":"https:\/\/bleudubai.com\/pt-pt\/wp-json\/wp\/v2\/product_brand?post=7810"},{"taxonomy":"product_cat","embeddable":true,"href":"https:\/\/bleudubai.com\/pt-pt\/wp-json\/wp\/v2\/product_cat?post=7810"},{"taxonomy":"product_tag","embeddable":true,"href":"https:\/\/bleudubai.com\/pt-pt\/wp-json\/wp\/v2\/product_tag?post=7810"}],"curies":[{"name":"wp","href":"https:\/\/api.w.org\/{rel}","templated":true}]}}