{"id":7817,"date":"2024-09-01T19:37:52","date_gmt":"2024-09-01T15:37:52","guid":{"rendered":"https:\/\/bleudubai.com\/product\/lancha-60-min-pega-no-comando-e-navega-na-sua-guia\/"},"modified":"2024-11-11T21:00:21","modified_gmt":"2024-11-11T21:00:21","slug":"lancha-60-min-pega-no-comando-e-navega-na-sua-guia","status":"publish","type":"product","link":"https:\/\/bleudubai.com\/pt-pt\/produto\/lancha-60-min-pega-no-comando-e-navega-na-sua-guia\/","title":{"rendered":"Speed Boat 60 min: Assume o controlo e navega \u00e0 vontade"},"content":{"rendered":"<p>Pega no volante do teu pr\u00f3prio barco HERO e explora a ic\u00f3nica linha costeira do Dubai numa inesquec\u00edvel aventura no mar.<\/p>\n<p>Esta visita guiada de 60 minutos passa pelas famosas praias do Dubai, Ain Dubai e Palm Jumeirah com coment\u00e1rios de um guia profissional.<\/p>\n<p>Os barcos HERO s\u00e3o divertidos e seguros, oferecendo uma experi\u00eancia de condu\u00e7\u00e3o f\u00e1cil para os capit\u00e3es em in\u00edcio de carreira. Junta-te a mais de meio milh\u00e3o de convidados que j\u00e1 desfrutaram desta experi\u00eancia \u00fanica e assume o controlo da tua aventura no mar.<\/p>\n","protected":false},"excerpt":{"rendered":"<p>Experimenta a emo\u00e7\u00e3o de pilotar um barco HERO ao longo da costa do Dubai. Explora marcos ic\u00f3nicos como o Burj Al Arab e o Atlantis, the Palm nesta aventura no mar. <\/p>\n","protected":false},"featured_media":6563,"comment_status":"open","ping_status":"closed","template":"","meta":{"_acf_changed":false},"product_brand":[],"product_cat":[145,205,180],"product_tag":[],"class_list":{"0":"post-7817","1":"product","2":"type-product","3":"status-publish","4":"has-post-thumbnail","6":"product_cat-atividades-aquaticas","7":"product_cat-desporto-e-adrenalina","8":"product_cat-passeio-de-barco","10":"first","11":"instock","12":"shipping-taxable","13":"purchasable","14":"product-type-simple"},"acf":[],"_links":{"self":[{"href":"https:\/\/bleudubai.com\/pt-pt\/wp-json\/wp\/v2\/product\/7817","targetHints":{"allow":["GET"]}}],"collection":[{"href":"https:\/\/bleudubai.com\/pt-pt\/wp-json\/wp\/v2\/product"}],"about":[{"href":"https:\/\/bleudubai.com\/pt-pt\/wp-json\/wp\/v2\/types\/product"}],"replies":[{"embeddable":true,"href":"https:\/\/bleudubai.com\/pt-pt\/wp-json\/wp\/v2\/comments?post=7817"}],"wp:featuredmedia":[{"embeddable":true,"href":"https:\/\/bleudubai.com\/pt-pt\/wp-json\/wp\/v2\/media\/6563"}],"wp:attachment":[{"href":"https:\/\/bleudubai.com\/pt-pt\/wp-json\/wp\/v2\/media?parent=7817"}],"wp:term":[{"taxonomy":"product_brand","embeddable":true,"href":"https:\/\/bleudubai.com\/pt-pt\/wp-json\/wp\/v2\/product_brand?post=7817"},{"taxonomy":"product_cat","embeddable":true,"href":"https:\/\/bleudubai.com\/pt-pt\/wp-json\/wp\/v2\/product_cat?post=7817"},{"taxonomy":"product_tag","embeddable":true,"href":"https:\/\/bleudubai.com\/pt-pt\/wp-json\/wp\/v2\/product_tag?post=7817"}],"curies":[{"name":"wp","href":"https:\/\/api.w.org\/{rel}","templated":true}]}}