{"id":7958,"date":"2024-09-01T19:40:02","date_gmt":"2024-09-01T19:40:02","guid":{"rendered":"https:\/\/bleudubai.com\/product\/safari-prive-avec-conduite-de-jeep-wrangler-aventure-diner-et-spectacle\/"},"modified":"2024-11-13T07:23:48","modified_gmt":"2024-11-13T07:23:48","slug":"safari-prive-avec-conduite-de-jeep-wrangler-aventure-diner-et-spectacle","status":"publish","type":"product","link":"https:\/\/bleudubai.com\/pt-pt\/produto\/safari-prive-avec-conduite-de-jeep-wrangler-aventure-diner-et-spectacle\/","title":{"rendered":"Safari Priv\u00e9 avec Conduite de Jeep Wrangler : Aventure, D\u00eener et Spectacle"},"content":{"rendered":"<p>Junte-se a n\u00f3s em Bassata Village, em Ras Al Khaimah, para um safari inesquec\u00edvel. Desfrute de uma condu\u00e7\u00e3o aut\u00f3noma num Jeep Wrangler, de um passeio de quadriciclo ou de buggy, de um passeio de camelo e de um jantar buffet de churrasco ao p\u00f4r do sol. Deixe-se envolver pela atmosfera bedu\u00edna com espect\u00e1culos aut\u00eanticos e actividades locais. <\/p>\n","protected":false},"excerpt":{"rendered":"<p>Descubra o deserto num safari privado com condu\u00e7\u00e3o aut\u00f3noma de um Jeep Wrangler, um passeio de quadriciclo ou buggy, camelo, jantar de churrasco e espect\u00e1culos cativantes.<\/p>\n","protected":false},"featured_media":7178,"comment_status":"open","ping_status":"closed","template":"","meta":{"_acf_changed":false},"product_brand":[],"product_cat":[160,205],"product_tag":[],"class_list":{"0":"post-7958","1":"product","2":"type-product","3":"status-publish","4":"has-post-thumbnail","6":"product_cat-atividades-no-deserto","7":"product_cat-desporto-e-adrenalina","9":"first","10":"instock","11":"shipping-taxable","12":"purchasable","13":"product-type-simple"},"acf":[],"_links":{"self":[{"href":"https:\/\/bleudubai.com\/pt-pt\/wp-json\/wp\/v2\/product\/7958","targetHints":{"allow":["GET"]}}],"collection":[{"href":"https:\/\/bleudubai.com\/pt-pt\/wp-json\/wp\/v2\/product"}],"about":[{"href":"https:\/\/bleudubai.com\/pt-pt\/wp-json\/wp\/v2\/types\/product"}],"replies":[{"embeddable":true,"href":"https:\/\/bleudubai.com\/pt-pt\/wp-json\/wp\/v2\/comments?post=7958"}],"wp:featuredmedia":[{"embeddable":true,"href":"https:\/\/bleudubai.com\/pt-pt\/wp-json\/wp\/v2\/media\/7178"}],"wp:attachment":[{"href":"https:\/\/bleudubai.com\/pt-pt\/wp-json\/wp\/v2\/media?parent=7958"}],"wp:term":[{"taxonomy":"product_brand","embeddable":true,"href":"https:\/\/bleudubai.com\/pt-pt\/wp-json\/wp\/v2\/product_brand?post=7958"},{"taxonomy":"product_cat","embeddable":true,"href":"https:\/\/bleudubai.com\/pt-pt\/wp-json\/wp\/v2\/product_cat?post=7958"},{"taxonomy":"product_tag","embeddable":true,"href":"https:\/\/bleudubai.com\/pt-pt\/wp-json\/wp\/v2\/product_tag?post=7958"}],"curies":[{"name":"wp","href":"https:\/\/api.w.org\/{rel}","templated":true}]}}