{"id":7959,"date":"2024-09-01T19:40:02","date_gmt":"2024-09-01T19:40:02","guid":{"rendered":"https:\/\/bleudubai.com\/product\/passeios-a-cavalo-no-deserto-do-dubai\/"},"modified":"2024-11-13T07:25:31","modified_gmt":"2024-11-13T07:25:31","slug":"passeios-a-cavalo-no-deserto-do-dubai","status":"publish","type":"product","link":"https:\/\/bleudubai.com\/pt-pt\/produto\/passeios-a-cavalo-no-deserto-do-dubai\/","title":{"rendered":"Passeios a cavalo no deserto do Dubai"},"content":{"rendered":"<p>Parta para um relaxante passeio a cavalo de 90 minutos pelo deserto, de manh\u00e3 ou \u00e0 tarde. \u00c0 chegada, mergulhe numa quinta r\u00fastica rodeada de cavalos bem tratados. Adequado tanto para principiantes como para cavaleiros experientes, a equipa ajud\u00e1-lo-\u00e1 a escolher o cavalo certo e fornecer-lhe-\u00e1 instru\u00e7\u00f5es de seguran\u00e7a. Capte a beleza do deserto ao nascer ou ao p\u00f4r do sol, impregnando o seu esp\u00edrito com a paz e a majestade do deserto. <\/p>\n","protected":false},"excerpt":{"rendered":"<p>Mergulhe no passado bedu\u00edno dos anos 20 com o nosso passeio a cavalo no deserto. Descubra o encanto de uma \u00e9poca em que o cavalo era o \u00fanico meio de locomo\u00e7\u00e3o. <\/p>\n","protected":false},"featured_media":7163,"comment_status":"open","ping_status":"closed","template":"","meta":{"_acf_changed":false},"product_brand":[],"product_cat":[165,160,205],"product_tag":[],"class_list":{"0":"post-7959","1":"product","2":"type-product","3":"status-publish","4":"has-post-thumbnail","6":"product_cat-atividades-familiares","7":"product_cat-atividades-no-deserto","8":"product_cat-desporto-e-adrenalina","10":"first","11":"instock","12":"shipping-taxable","13":"purchasable","14":"product-type-simple"},"acf":[],"_links":{"self":[{"href":"https:\/\/bleudubai.com\/pt-pt\/wp-json\/wp\/v2\/product\/7959","targetHints":{"allow":["GET"]}}],"collection":[{"href":"https:\/\/bleudubai.com\/pt-pt\/wp-json\/wp\/v2\/product"}],"about":[{"href":"https:\/\/bleudubai.com\/pt-pt\/wp-json\/wp\/v2\/types\/product"}],"replies":[{"embeddable":true,"href":"https:\/\/bleudubai.com\/pt-pt\/wp-json\/wp\/v2\/comments?post=7959"}],"wp:featuredmedia":[{"embeddable":true,"href":"https:\/\/bleudubai.com\/pt-pt\/wp-json\/wp\/v2\/media\/7163"}],"wp:attachment":[{"href":"https:\/\/bleudubai.com\/pt-pt\/wp-json\/wp\/v2\/media?parent=7959"}],"wp:term":[{"taxonomy":"product_brand","embeddable":true,"href":"https:\/\/bleudubai.com\/pt-pt\/wp-json\/wp\/v2\/product_brand?post=7959"},{"taxonomy":"product_cat","embeddable":true,"href":"https:\/\/bleudubai.com\/pt-pt\/wp-json\/wp\/v2\/product_cat?post=7959"},{"taxonomy":"product_tag","embeddable":true,"href":"https:\/\/bleudubai.com\/pt-pt\/wp-json\/wp\/v2\/product_tag?post=7959"}],"curies":[{"name":"wp","href":"https:\/\/api.w.org\/{rel}","templated":true}]}}