{"id":7960,"date":"2024-09-01T19:40:01","date_gmt":"2024-09-01T15:40:01","guid":{"rendered":"https:\/\/bleudubai.com\/product\/para-quedismo-tandem-no-deserto-do-dubai\/"},"modified":"2024-11-13T07:27:17","modified_gmt":"2024-11-13T07:27:17","slug":"para-quedismo-tandem-no-deserto-do-dubai","status":"publish","type":"product","link":"https:\/\/bleudubai.com\/pt-pt\/produto\/para-quedismo-tandem-no-deserto-do-dubai\/","title":{"rendered":"Para-quedismo tandem no deserto do Dubai"},"content":{"rendered":"<p>Mergulhe em queda livre a 120 mph, firmemente ligado a um instrutor qualificado. Antes de embarcar, conhe\u00e7a a equipa, o seu instrutor e o operador de c\u00e2mara. Suba para o avi\u00e3o, prenda-se ao seu instrutor e desfrute de quase 60 segundos de queda livre. O para-quedas \u00e9 acionado a 6.000 p\u00e9s e, em seguida, o para-quedas regressa ao solo durante cerca de 5 minutos. Capte todos os momentos com fotografias e v\u00eddeos profissionais. Os espectadores podem assistir a partir do solo com caf\u00e9 e snacks dispon\u00edveis. <\/p>\n","protected":false},"excerpt":{"rendered":"<p>Descubra as dunas do Dubai em queda livre a 200 km\/h. Mergulhe de 13.000 p\u00e9s, sinta a adrenalina durante quase 60 segundos e capte esta experi\u00eancia \u00fanica com um operador de c\u00e2mara profissional. <\/p>\n","protected":false},"featured_media":7148,"comment_status":"open","ping_status":"closed","template":"","meta":{"_acf_changed":false},"product_brand":[],"product_cat":[155,205],"product_tag":[],"class_list":{"0":"post-7960","1":"product","2":"type-product","3":"status-publish","4":"has-post-thumbnail","6":"product_cat-atividades-no-ar","7":"product_cat-desporto-e-adrenalina","9":"first","10":"instock","11":"shipping-taxable","12":"purchasable","13":"product-type-simple"},"acf":[],"_links":{"self":[{"href":"https:\/\/bleudubai.com\/pt-pt\/wp-json\/wp\/v2\/product\/7960","targetHints":{"allow":["GET"]}}],"collection":[{"href":"https:\/\/bleudubai.com\/pt-pt\/wp-json\/wp\/v2\/product"}],"about":[{"href":"https:\/\/bleudubai.com\/pt-pt\/wp-json\/wp\/v2\/types\/product"}],"replies":[{"embeddable":true,"href":"https:\/\/bleudubai.com\/pt-pt\/wp-json\/wp\/v2\/comments?post=7960"}],"wp:featuredmedia":[{"embeddable":true,"href":"https:\/\/bleudubai.com\/pt-pt\/wp-json\/wp\/v2\/media\/7148"}],"wp:attachment":[{"href":"https:\/\/bleudubai.com\/pt-pt\/wp-json\/wp\/v2\/media?parent=7960"}],"wp:term":[{"taxonomy":"product_brand","embeddable":true,"href":"https:\/\/bleudubai.com\/pt-pt\/wp-json\/wp\/v2\/product_brand?post=7960"},{"taxonomy":"product_cat","embeddable":true,"href":"https:\/\/bleudubai.com\/pt-pt\/wp-json\/wp\/v2\/product_cat?post=7960"},{"taxonomy":"product_tag","embeddable":true,"href":"https:\/\/bleudubai.com\/pt-pt\/wp-json\/wp\/v2\/product_tag?post=7960"}],"curies":[{"name":"wp","href":"https:\/\/api.w.org\/{rel}","templated":true}]}}