{"id":7961,"date":"2024-09-01T19:40:01","date_gmt":"2024-09-01T19:40:01","guid":{"rendered":"https:\/\/bleudubai.com\/product\/wakesurfing-ou-kneeboarding-no-dubai\/"},"modified":"2025-10-15T08:58:05","modified_gmt":"2025-10-15T04:58:05","slug":"wakesurfing-ou-kneeboarding-no-dubai","status":"publish","type":"product","link":"https:\/\/bleudubai.com\/pt-pt\/produto\/wakesurfing-ou-kneeboarding-no-dubai\/","title":{"rendered":"Wakesurfing ou Kneeboarding no Dubai"},"content":{"rendered":"<p>Embarque numa viagem inesquec\u00edvel a bordo da nossa lancha ultra-moderna Regal 21 de 21 p\u00e9s. Descubra os pontos de refer\u00eancia mais famosos do Dubai, desde o Burj Al Arab at\u00e9 ao Atlantis. Quer esteja \u00e0 procura de uma emocionante aventura de wakeboard ou de uma escapadela tranquila para admirar vistas de cortar a respira\u00e7\u00e3o, a nossa escapadela no Dubai oferece infinitas possibilidades. Tire partido das nossas instala\u00e7\u00f5es, desde reboques familiares a bebidas e snacks gratuitos a bordo. <\/p>\n","protected":false},"excerpt":{"rendered":"<p>Explore os marcos ic\u00f3nicos do Dubai de uma nova forma com a nossa lancha Regal 21. Quer esteja \u00e0 procura de uma experi\u00eancia rom\u00e2ntica ou de uma aventura de wakeboard cheia de adrenalina, descubra a beleza costeira da cidade a partir da \u00e1gua. <\/p>\n","protected":false},"featured_media":7133,"comment_status":"open","ping_status":"closed","template":"","meta":{"_acf_changed":false},"product_brand":[],"product_cat":[145,165,205,180],"product_tag":[],"class_list":{"0":"post-7961","1":"product","2":"type-product","3":"status-publish","4":"has-post-thumbnail","6":"product_cat-atividades-aquaticas","7":"product_cat-atividades-familiares","8":"product_cat-desporto-e-adrenalina","9":"product_cat-passeio-de-barco","11":"first","12":"instock","13":"shipping-taxable","14":"purchasable","15":"product-type-simple"},"acf":[],"_links":{"self":[{"href":"https:\/\/bleudubai.com\/pt-pt\/wp-json\/wp\/v2\/product\/7961","targetHints":{"allow":["GET"]}}],"collection":[{"href":"https:\/\/bleudubai.com\/pt-pt\/wp-json\/wp\/v2\/product"}],"about":[{"href":"https:\/\/bleudubai.com\/pt-pt\/wp-json\/wp\/v2\/types\/product"}],"replies":[{"embeddable":true,"href":"https:\/\/bleudubai.com\/pt-pt\/wp-json\/wp\/v2\/comments?post=7961"}],"wp:featuredmedia":[{"embeddable":true,"href":"https:\/\/bleudubai.com\/pt-pt\/wp-json\/wp\/v2\/media\/7133"}],"wp:attachment":[{"href":"https:\/\/bleudubai.com\/pt-pt\/wp-json\/wp\/v2\/media?parent=7961"}],"wp:term":[{"taxonomy":"product_brand","embeddable":true,"href":"https:\/\/bleudubai.com\/pt-pt\/wp-json\/wp\/v2\/product_brand?post=7961"},{"taxonomy":"product_cat","embeddable":true,"href":"https:\/\/bleudubai.com\/pt-pt\/wp-json\/wp\/v2\/product_cat?post=7961"},{"taxonomy":"product_tag","embeddable":true,"href":"https:\/\/bleudubai.com\/pt-pt\/wp-json\/wp\/v2\/product_tag?post=7961"}],"curies":[{"name":"wp","href":"https:\/\/api.w.org\/{rel}","templated":true}]}}