{"id":7962,"date":"2024-09-01T19:40:01","date_gmt":"2024-09-01T19:40:01","guid":{"rendered":"https:\/\/bleudubai.com\/product\/experiencia-e-foil-de-40-minutos\/"},"modified":"2024-11-13T07:30:37","modified_gmt":"2024-11-13T07:30:37","slug":"experiencia-e-foil-de-40-minutos","status":"publish","type":"product","link":"https:\/\/bleudubai.com\/pt-pt\/produto\/experiencia-e-foil-de-40-minutos\/","title":{"rendered":"Experi\u00eancia E-Foil de 40 minutos"},"content":{"rendered":"<p>Desfrute da sensa\u00e7\u00e3o \u00fanica de deslizar sobre as \u00e1guas de Palm Jumeirah com a nossa aventura de hidrof\u00f3lio el\u00e9trico. Quer seja um principiante ou um perito, a Seamocean tem pranchas para todos os gostos, com instrutores experientes para o ajudar a descolar rapidamente. Comece a sua aventura no Yacht Club do Sofitel the Palm, onde receber\u00e1 um briefing de 10 minutos sobre seguran\u00e7a e funcionamento. Familiarize-se com o equil\u00edbrio no E-Foil nas \u00e1guas calmas do Palm com pranchas especialmente concebidas e conselhos de especialistas. <\/p>\n","protected":false},"excerpt":{"rendered":"<p>Descubra a emo\u00e7\u00e3o do E-Foil nas \u00e1guas calmas de Palm Jumeirah. Quer seja um principiante ou um especialista, junte-se a esta experi\u00eancia eletrizante com pranchas para todos os n\u00edveis. Instrutores qualificados asseguram que todos tenham um bom come\u00e7o!  <\/p>\n","protected":false},"featured_media":7118,"comment_status":"open","ping_status":"closed","template":"","meta":{"_acf_changed":false},"product_brand":[],"product_cat":[145,205,180],"product_tag":[],"class_list":{"0":"post-7962","1":"product","2":"type-product","3":"status-publish","4":"has-post-thumbnail","6":"product_cat-atividades-aquaticas","7":"product_cat-desporto-e-adrenalina","8":"product_cat-passeio-de-barco","10":"first","11":"instock","12":"shipping-taxable","13":"purchasable","14":"product-type-simple"},"acf":[],"_links":{"self":[{"href":"https:\/\/bleudubai.com\/pt-pt\/wp-json\/wp\/v2\/product\/7962","targetHints":{"allow":["GET"]}}],"collection":[{"href":"https:\/\/bleudubai.com\/pt-pt\/wp-json\/wp\/v2\/product"}],"about":[{"href":"https:\/\/bleudubai.com\/pt-pt\/wp-json\/wp\/v2\/types\/product"}],"replies":[{"embeddable":true,"href":"https:\/\/bleudubai.com\/pt-pt\/wp-json\/wp\/v2\/comments?post=7962"}],"wp:featuredmedia":[{"embeddable":true,"href":"https:\/\/bleudubai.com\/pt-pt\/wp-json\/wp\/v2\/media\/7118"}],"wp:attachment":[{"href":"https:\/\/bleudubai.com\/pt-pt\/wp-json\/wp\/v2\/media?parent=7962"}],"wp:term":[{"taxonomy":"product_brand","embeddable":true,"href":"https:\/\/bleudubai.com\/pt-pt\/wp-json\/wp\/v2\/product_brand?post=7962"},{"taxonomy":"product_cat","embeddable":true,"href":"https:\/\/bleudubai.com\/pt-pt\/wp-json\/wp\/v2\/product_cat?post=7962"},{"taxonomy":"product_tag","embeddable":true,"href":"https:\/\/bleudubai.com\/pt-pt\/wp-json\/wp\/v2\/product_tag?post=7962"}],"curies":[{"name":"wp","href":"https:\/\/api.w.org\/{rel}","templated":true}]}}