{"id":7963,"date":"2024-09-01T19:40:01","date_gmt":"2024-09-01T19:40:01","guid":{"rendered":"https:\/\/bleudubai.com\/product\/bilhete-de-entrada-para-o-parque-aquatico-wild-wadi\/"},"modified":"2024-11-13T07:32:05","modified_gmt":"2024-11-13T07:32:05","slug":"bilhete-de-entrada-para-o-parque-aquatico-wild-wadi","status":"publish","type":"product","link":"https:\/\/bleudubai.com\/pt-pt\/produto\/bilhete-de-entrada-para-o-parque-aquatico-wild-wadi\/","title":{"rendered":"Bilhete de entrada para o parque aqu\u00e1tico Wild Wadi"},"content":{"rendered":"<p>Passe um dia cheio de divers\u00e3o no Parque Aqu\u00e1tico Wild Wadi com este bilhete de entrada. Localizado em frente ao Burj-al-Arab, o parque oferece mais de 30 atrac\u00e7\u00f5es, desde escorregas a ondas gigantes, garantindo um dia de aventura e divers\u00e3o para toda a fam\u00edlia. Desfrute do rio Juha, que se move lentamente, de escorregas emocionantes como o Tantrum Alley e o Burj Surj, e de experi\u00eancias de surf \u00fanicas com o Wipeout e o Riptide Flowriders. O Jumeirah Sceirah oferece uma queda de 70\u00b0 para os viciados em adrenalina.<\/p>\n","protected":false},"excerpt":{"rendered":"<p>Refresque-se com mais de 30 atrac\u00e7\u00f5es no Wild Wadi Water Park no Dubai. Veja o Burj-al-Arab, experimente emo\u00e7\u00f5es na montanha-russa \u00fanica e desfrute de um dia cheio de aventura com escorregas, ondas e muito mais. <\/p>\n","protected":false},"featured_media":7103,"comment_status":"open","ping_status":"closed","template":"","meta":{"_acf_changed":false},"product_brand":[],"product_cat":[165,200],"product_tag":[],"class_list":{"0":"post-7963","1":"product","2":"type-product","3":"status-publish","4":"has-post-thumbnail","6":"product_cat-atividades-familiares","7":"product_cat-parques-de-diversoes","9":"first","10":"instock","11":"shipping-taxable","12":"purchasable","13":"product-type-simple"},"acf":[],"_links":{"self":[{"href":"https:\/\/bleudubai.com\/pt-pt\/wp-json\/wp\/v2\/product\/7963","targetHints":{"allow":["GET"]}}],"collection":[{"href":"https:\/\/bleudubai.com\/pt-pt\/wp-json\/wp\/v2\/product"}],"about":[{"href":"https:\/\/bleudubai.com\/pt-pt\/wp-json\/wp\/v2\/types\/product"}],"replies":[{"embeddable":true,"href":"https:\/\/bleudubai.com\/pt-pt\/wp-json\/wp\/v2\/comments?post=7963"}],"wp:featuredmedia":[{"embeddable":true,"href":"https:\/\/bleudubai.com\/pt-pt\/wp-json\/wp\/v2\/media\/7103"}],"wp:attachment":[{"href":"https:\/\/bleudubai.com\/pt-pt\/wp-json\/wp\/v2\/media?parent=7963"}],"wp:term":[{"taxonomy":"product_brand","embeddable":true,"href":"https:\/\/bleudubai.com\/pt-pt\/wp-json\/wp\/v2\/product_brand?post=7963"},{"taxonomy":"product_cat","embeddable":true,"href":"https:\/\/bleudubai.com\/pt-pt\/wp-json\/wp\/v2\/product_cat?post=7963"},{"taxonomy":"product_tag","embeddable":true,"href":"https:\/\/bleudubai.com\/pt-pt\/wp-json\/wp\/v2\/product_tag?post=7963"}],"curies":[{"name":"wp","href":"https:\/\/api.w.org\/{rel}","templated":true}]}}