{"id":7964,"date":"2024-09-01T19:40:01","date_gmt":"2024-09-01T19:40:01","guid":{"rendered":"https:\/\/bleudubai.com\/product\/aluguer-de-iate-cruzeiro-privado-de-luxo-a-bordo-de-um-iate-elegante\/"},"modified":"2025-10-15T08:57:49","modified_gmt":"2025-10-15T04:57:49","slug":"aluguer-de-iate-cruzeiro-privado-de-luxo-a-bordo-de-um-iate-elegante","status":"publish","type":"product","link":"https:\/\/bleudubai.com\/pt-pt\/produto\/aluguer-de-iate-cruzeiro-privado-de-luxo-a-bordo-de-um-iate-elegante\/","title":{"rendered":"Aluguer de iate: cruzeiro privado de luxo a bordo de um iate elegante"},"content":{"rendered":"<p>Embarque num cruzeiro com a dura\u00e7\u00e3o m\u00ednima de 2 horas e desfrute de vistas excepcionais sobre os pontos de refer\u00eancia do Dubai.<\/p>\n<p>Uma equipa simp\u00e1tica assegura uma experi\u00eancia inesquec\u00edvel com a possibilidade de preparar um churrasco se trouxer a sua pr\u00f3pria comida, bebidas inclu\u00eddas, altifalante Bluetooth e at\u00e9 mesmo a entrega de um jet ski no barco \u00e9 poss\u00edvel.<\/p>\n<p>Passe por atrac\u00e7\u00f5es famosas como a Lagoon, JBR, Sky Dive, Kempinski, Atlantis e The Anchor.<\/p>\n<p>Nade perto do JBR e fa\u00e7a uma pausa para um mergulho numa lagoa.<\/p>\n<p>No final do cruzeiro, seja levado de volta ao Porto de Dubai.<\/p>\n","protected":false},"excerpt":{"rendered":"<p>Embarque num cruzeiro de iate privado no Porto do Dubai. Veja os marcos ic\u00f3nicos a partir da \u00e1gua, escolha entre cruzeiros de 2 ou 3 horas e fa\u00e7a uma pausa para um mergulho. Desfrute da hospitalidade a bordo com comodidades para churrascos e m\u00fasica, tudo inclu\u00eddo.  <\/p>\n","protected":false},"featured_media":7088,"comment_status":"open","ping_status":"closed","template":"","meta":{"_acf_changed":false},"product_brand":[],"product_cat":[165,170,195,180],"product_tag":[],"class_list":{"0":"post-7964","1":"product","2":"type-product","3":"status-publish","4":"has-post-thumbnail","6":"product_cat-atividades-familiares","7":"product_cat-atividades-imperdiveis","8":"product_cat-os-imperdiveis","9":"product_cat-passeio-de-barco","11":"first","12":"instock","13":"shipping-taxable","14":"purchasable","15":"product-type-simple"},"acf":[],"_links":{"self":[{"href":"https:\/\/bleudubai.com\/pt-pt\/wp-json\/wp\/v2\/product\/7964","targetHints":{"allow":["GET"]}}],"collection":[{"href":"https:\/\/bleudubai.com\/pt-pt\/wp-json\/wp\/v2\/product"}],"about":[{"href":"https:\/\/bleudubai.com\/pt-pt\/wp-json\/wp\/v2\/types\/product"}],"replies":[{"embeddable":true,"href":"https:\/\/bleudubai.com\/pt-pt\/wp-json\/wp\/v2\/comments?post=7964"}],"wp:featuredmedia":[{"embeddable":true,"href":"https:\/\/bleudubai.com\/pt-pt\/wp-json\/wp\/v2\/media\/7088"}],"wp:attachment":[{"href":"https:\/\/bleudubai.com\/pt-pt\/wp-json\/wp\/v2\/media?parent=7964"}],"wp:term":[{"taxonomy":"product_brand","embeddable":true,"href":"https:\/\/bleudubai.com\/pt-pt\/wp-json\/wp\/v2\/product_brand?post=7964"},{"taxonomy":"product_cat","embeddable":true,"href":"https:\/\/bleudubai.com\/pt-pt\/wp-json\/wp\/v2\/product_cat?post=7964"},{"taxonomy":"product_tag","embeddable":true,"href":"https:\/\/bleudubai.com\/pt-pt\/wp-json\/wp\/v2\/product_tag?post=7964"}],"curies":[{"name":"wp","href":"https:\/\/api.w.org\/{rel}","templated":true}]}}