{"id":7965,"date":"2024-09-01T19:39:39","date_gmt":"2024-09-01T15:39:39","guid":{"rendered":"https:\/\/bleudubai.com\/product\/bilhete-prioritario-para-a-global-village\/"},"modified":"2024-11-13T07:35:19","modified_gmt":"2024-11-13T07:35:19","slug":"bilhete-prioritario-para-a-global-village","status":"publish","type":"product","link":"https:\/\/bleudubai.com\/pt-pt\/produto\/bilhete-prioritario-para-a-global-village\/","title":{"rendered":"Bilhete priorit\u00e1rio para a Global Village"},"content":{"rendered":"<p>A Global Village Dubai \u00e9 um destino imperd\u00edvel para as fam\u00edlias, oferecendo uma fus\u00e3o \u00fanica de entretenimento, compras e refei\u00e7\u00f5es. Localizada no cora\u00e7\u00e3o da cidade, esta atra\u00e7\u00e3o din\u00e2mica re\u00fane todos os anos culturas de todo o mundo. Viaje atrav\u00e9s de 27 pavilh\u00f5es, cada um representando um pa\u00eds diferente, para explorar o mundo numa s\u00f3 visita. Mergulhe na autenticidade de cada cultura, desde os movimentados bazares da \u00cdndia at\u00e9 \u00e0s encantadoras ruas da Europa. Com mais de 40.000 espect\u00e1culos de classe mundial, a Global Village celebra a diversidade das tradi\u00e7\u00f5es do mundo. Passeios de Carnaval, fogo de artif\u00edcio e um mercado movimentado contribuem para a emo\u00e7\u00e3o. Os entusiastas das compras ficar\u00e3o encantados com o movimentado mercado, que oferece uma variedade de artesanato e lembran\u00e7as \u00fanicas. A experi\u00eancia gastron\u00f3mica \u00e9 igualmente diversificada, com cozinhas internacionais que v\u00e3o desde a comida de rua \u00e0s del\u00edcias gourmet. <\/p>\n","protected":false},"excerpt":{"rendered":"<p>Explore a diversidade do mundo na Global Village Dubai. Desfrute de uma experi\u00eancia cultural, de compras e de degusta\u00e7\u00e3o com um bilhete que lhe permite evitar as filas. <\/p>\n","protected":false},"featured_media":7073,"comment_status":"open","ping_status":"closed","template":"","meta":{"_acf_changed":false},"product_brand":[],"product_cat":[165,170,185,190,195],"product_tag":[],"class_list":{"0":"post-7965","1":"product","2":"type-product","3":"status-publish","4":"has-post-thumbnail","6":"product_cat-atividades-familiares","7":"product_cat-atividades-imperdiveis","8":"product_cat-bilhetes-de-entrada","9":"product_cat-city-pass-pt","10":"product_cat-os-imperdiveis","12":"first","13":"instock","14":"shipping-taxable","15":"purchasable","16":"product-type-simple"},"acf":[],"_links":{"self":[{"href":"https:\/\/bleudubai.com\/pt-pt\/wp-json\/wp\/v2\/product\/7965","targetHints":{"allow":["GET"]}}],"collection":[{"href":"https:\/\/bleudubai.com\/pt-pt\/wp-json\/wp\/v2\/product"}],"about":[{"href":"https:\/\/bleudubai.com\/pt-pt\/wp-json\/wp\/v2\/types\/product"}],"replies":[{"embeddable":true,"href":"https:\/\/bleudubai.com\/pt-pt\/wp-json\/wp\/v2\/comments?post=7965"}],"wp:featuredmedia":[{"embeddable":true,"href":"https:\/\/bleudubai.com\/pt-pt\/wp-json\/wp\/v2\/media\/7073"}],"wp:attachment":[{"href":"https:\/\/bleudubai.com\/pt-pt\/wp-json\/wp\/v2\/media?parent=7965"}],"wp:term":[{"taxonomy":"product_brand","embeddable":true,"href":"https:\/\/bleudubai.com\/pt-pt\/wp-json\/wp\/v2\/product_brand?post=7965"},{"taxonomy":"product_cat","embeddable":true,"href":"https:\/\/bleudubai.com\/pt-pt\/wp-json\/wp\/v2\/product_cat?post=7965"},{"taxonomy":"product_tag","embeddable":true,"href":"https:\/\/bleudubai.com\/pt-pt\/wp-json\/wp\/v2\/product_tag?post=7965"}],"curies":[{"name":"wp","href":"https:\/\/api.w.org\/{rel}","templated":true}]}}