{"id":7966,"date":"2024-09-01T19:39:39","date_gmt":"2024-09-01T19:39:39","guid":{"rendered":"https:\/\/bleudubai.com\/product\/bilhete-de-entrada-prioritario-para-a-kidzania-dubai\/"},"modified":"2024-11-13T07:36:45","modified_gmt":"2024-11-13T07:36:45","slug":"bilhete-de-entrada-prioritario-para-a-kidzania-dubai","status":"publish","type":"product","link":"https:\/\/bleudubai.com\/pt-pt\/produto\/bilhete-de-entrada-prioritario-para-a-kidzania-dubai\/","title":{"rendered":"Bilhete de entrada priorit\u00e1rio para a KidZania Dubai"},"content":{"rendered":"<p>A KidZania torna os sonhos dos seus filhos realidade, oferecendo-lhes um local seguro, realista e educativo para brincarem. Neste parque coberto, as crian\u00e7as dos 4 aos 16 anos podem explorar mais de 80 actividades de representa\u00e7\u00e3o de pap\u00e9is baseadas em experi\u00eancias reais. De bombeiro a banqueiro, de m\u00e9dico a locutor de r\u00e1dio, elas podem descobrir o mundo do trabalho de uma forma divertida. Este parque interior recria uma cidade \u00e0 escala da crian\u00e7a, com edif\u00edcios, ruas calcetadas, ve\u00edculos e estabelecimentos famosos, proporcionando uma experi\u00eancia realista e divertida. <\/p>\n","protected":false},"excerpt":{"rendered":"<p>Descubra o mundo educativo e divertido da KidZania Dubai. Ofere\u00e7a aos seus filhos, com idades compreendidas entre os 4 e os 16 anos, mais de 80 actividades de representa\u00e7\u00e3o de pap\u00e9is. Horas de divers\u00e3o e de aprendizagem num ambiente seguro no Dubai.  <\/p>\n","protected":false},"featured_media":7058,"comment_status":"open","ping_status":"closed","template":"","meta":{"_acf_changed":false},"product_brand":[],"product_cat":[165,185],"product_tag":[],"class_list":{"0":"post-7966","1":"product","2":"type-product","3":"status-publish","4":"has-post-thumbnail","6":"product_cat-atividades-familiares","7":"product_cat-bilhetes-de-entrada","9":"first","10":"instock","11":"shipping-taxable","12":"purchasable","13":"product-type-simple"},"acf":[],"_links":{"self":[{"href":"https:\/\/bleudubai.com\/pt-pt\/wp-json\/wp\/v2\/product\/7966","targetHints":{"allow":["GET"]}}],"collection":[{"href":"https:\/\/bleudubai.com\/pt-pt\/wp-json\/wp\/v2\/product"}],"about":[{"href":"https:\/\/bleudubai.com\/pt-pt\/wp-json\/wp\/v2\/types\/product"}],"replies":[{"embeddable":true,"href":"https:\/\/bleudubai.com\/pt-pt\/wp-json\/wp\/v2\/comments?post=7966"}],"wp:featuredmedia":[{"embeddable":true,"href":"https:\/\/bleudubai.com\/pt-pt\/wp-json\/wp\/v2\/media\/7058"}],"wp:attachment":[{"href":"https:\/\/bleudubai.com\/pt-pt\/wp-json\/wp\/v2\/media?parent=7966"}],"wp:term":[{"taxonomy":"product_brand","embeddable":true,"href":"https:\/\/bleudubai.com\/pt-pt\/wp-json\/wp\/v2\/product_brand?post=7966"},{"taxonomy":"product_cat","embeddable":true,"href":"https:\/\/bleudubai.com\/pt-pt\/wp-json\/wp\/v2\/product_cat?post=7966"},{"taxonomy":"product_tag","embeddable":true,"href":"https:\/\/bleudubai.com\/pt-pt\/wp-json\/wp\/v2\/product_tag?post=7966"}],"curies":[{"name":"wp","href":"https:\/\/api.w.org\/{rel}","templated":true}]}}