{"id":7972,"date":"2024-09-01T19:39:17","date_gmt":"2024-09-01T19:39:17","guid":{"rendered":"https:\/\/bleudubai.com\/product\/bilhete-para-o-dubai-frame\/"},"modified":"2025-02-03T14:46:33","modified_gmt":"2025-02-03T10:46:33","slug":"bilhete-para-o-dubai-frame","status":"publish","type":"product","link":"https:\/\/bleudubai.com\/pt-pt\/produto\/bilhete-para-o-dubai-frame\/","title":{"rendered":"Bilhete para o Dubai Frame"},"content":{"rendered":"<p>Descubra duas das atrac\u00e7\u00f5es mais emblem\u00e1ticas do Dubai num s\u00f3 dia com este bilhete combinado. Explore o Aqu\u00e1rio do Dubai e o Observat\u00f3rio Burj Khalifa num s\u00f3 passeio. Suba ao topo do Burj Khalifa com entrada reservada, oferecendo vistas panor\u00e2micas espectaculares e informa\u00e7\u00f5es sobre a arquitetura deste arranha-c\u00e9us ic\u00f3nico. Depois, entre no maior aqu\u00e1rio suspenso do mundo para admirar uma variedade de animais aqu\u00e1ticos, desde crocodilos a tubar\u00f5es-touro. Explore tr\u00eas ecossistemas diferentes nos t\u00faneis subaqu\u00e1ticos. <\/p>\n","protected":false},"excerpt":{"rendered":"<p>Descubra a fus\u00e3o da hist\u00f3ria e da modernidade. Admire este marco emblem\u00e1tico e desfrute de vistas panor\u00e2micas do antigo e do novo Dubai a partir do conv\u00e9s de observa\u00e7\u00e3o. <\/p>\n","protected":false},"featured_media":6968,"comment_status":"open","ping_status":"closed","template":"","meta":{"_acf_changed":false},"product_brand":[],"product_cat":[165,185,190],"product_tag":[],"class_list":{"0":"post-7972","1":"product","2":"type-product","3":"status-publish","4":"has-post-thumbnail","6":"product_cat-atividades-familiares","7":"product_cat-bilhetes-de-entrada","8":"product_cat-city-pass-pt","10":"first","11":"instock","12":"shipping-taxable","13":"purchasable","14":"product-type-simple"},"acf":[],"_links":{"self":[{"href":"https:\/\/bleudubai.com\/pt-pt\/wp-json\/wp\/v2\/product\/7972","targetHints":{"allow":["GET"]}}],"collection":[{"href":"https:\/\/bleudubai.com\/pt-pt\/wp-json\/wp\/v2\/product"}],"about":[{"href":"https:\/\/bleudubai.com\/pt-pt\/wp-json\/wp\/v2\/types\/product"}],"replies":[{"embeddable":true,"href":"https:\/\/bleudubai.com\/pt-pt\/wp-json\/wp\/v2\/comments?post=7972"}],"wp:featuredmedia":[{"embeddable":true,"href":"https:\/\/bleudubai.com\/pt-pt\/wp-json\/wp\/v2\/media\/6968"}],"wp:attachment":[{"href":"https:\/\/bleudubai.com\/pt-pt\/wp-json\/wp\/v2\/media?parent=7972"}],"wp:term":[{"taxonomy":"product_brand","embeddable":true,"href":"https:\/\/bleudubai.com\/pt-pt\/wp-json\/wp\/v2\/product_brand?post=7972"},{"taxonomy":"product_cat","embeddable":true,"href":"https:\/\/bleudubai.com\/pt-pt\/wp-json\/wp\/v2\/product_cat?post=7972"},{"taxonomy":"product_tag","embeddable":true,"href":"https:\/\/bleudubai.com\/pt-pt\/wp-json\/wp\/v2\/product_tag?post=7972"}],"curies":[{"name":"wp","href":"https:\/\/api.w.org\/{rel}","templated":true}]}}