{"id":7976,"date":"2024-09-01T19:39:17","date_gmt":"2024-09-01T15:39:17","guid":{"rendered":"https:\/\/bleudubai.com\/product\/descobrir-o-louvre-abu-dhabi-bilhetes-de-entrada\/"},"modified":"2024-11-13T07:50:41","modified_gmt":"2024-11-13T07:50:41","slug":"descobrir-o-louvre-abu-dhabi-bilhetes-de-entrada","status":"publish","type":"product","link":"https:\/\/bleudubai.com\/pt-pt\/produto\/descobrir-o-louvre-abu-dhabi-bilhetes-de-entrada\/","title":{"rendered":"Descobrir o Louvre Abu Dhabi: bilhetes de entrada"},"content":{"rendered":"<p>Descubra uma vasta cole\u00e7\u00e3o de obras de arte de mestres de todo o mundo. Admire obras cl\u00e1ssicas e modernas que fazem a ponte entre a arte ocidental e oriental. Explore um dos maiores museus da regi\u00e3o do Golfo e maravilhe-se com a sua arquitetura ic\u00f3nica e a sua impressionante c\u00fapula. O seu design \u00fanico, que faz lembrar as folhas de palmeira, cria uma atmosfera encantadora enquanto passeia pelos passadi\u00e7os banhados pelo sol. Mergulhe na imensa cole\u00e7\u00e3o do museu e descubra uma diversidade de obras de arte de todo o mundo. Explore as liga\u00e7\u00f5es entre o Oriente e o Ocidente. Desfrute do acesso \u00e0 cole\u00e7\u00e3o permanente, \u00e0s exposi\u00e7\u00f5es especiais e ao museu das crian\u00e7as. Admire artefactos antigos, bem como obras-primas de artistas como Manet. Depois de percorrer as galerias, fa\u00e7a uma pausa bem merecida numa das \u00e1reas p\u00fablicas do museu. <\/p>\n","protected":false},"excerpt":{"rendered":"<p>Explore o Louvre Abu Dhabi e mergulhe em colec\u00e7\u00f5es de obras e artefactos de diferentes culturas e civiliza\u00e7\u00f5es. Admire a arquitetura \u00fanica deste edif\u00edcio ic\u00f3nico e deixe-se cativar pelos seus espa\u00e7os p\u00fablicos. <\/p>\n","protected":false},"featured_media":6908,"comment_status":"open","ping_status":"closed","template":"","meta":{"_acf_changed":false},"product_brand":[],"product_cat":[175,165,185,190],"product_tag":[],"class_list":{"0":"post-7976","1":"product","2":"type-product","3":"status-publish","4":"has-post-thumbnail","6":"product_cat-atividades-em-abu-dhabi","7":"product_cat-atividades-familiares","8":"product_cat-bilhetes-de-entrada","9":"product_cat-city-pass-pt","11":"first","12":"instock","13":"shipping-taxable","14":"purchasable","15":"product-type-simple"},"acf":[],"_links":{"self":[{"href":"https:\/\/bleudubai.com\/pt-pt\/wp-json\/wp\/v2\/product\/7976","targetHints":{"allow":["GET"]}}],"collection":[{"href":"https:\/\/bleudubai.com\/pt-pt\/wp-json\/wp\/v2\/product"}],"about":[{"href":"https:\/\/bleudubai.com\/pt-pt\/wp-json\/wp\/v2\/types\/product"}],"replies":[{"embeddable":true,"href":"https:\/\/bleudubai.com\/pt-pt\/wp-json\/wp\/v2\/comments?post=7976"}],"wp:featuredmedia":[{"embeddable":true,"href":"https:\/\/bleudubai.com\/pt-pt\/wp-json\/wp\/v2\/media\/6908"}],"wp:attachment":[{"href":"https:\/\/bleudubai.com\/pt-pt\/wp-json\/wp\/v2\/media?parent=7976"}],"wp:term":[{"taxonomy":"product_brand","embeddable":true,"href":"https:\/\/bleudubai.com\/pt-pt\/wp-json\/wp\/v2\/product_brand?post=7976"},{"taxonomy":"product_cat","embeddable":true,"href":"https:\/\/bleudubai.com\/pt-pt\/wp-json\/wp\/v2\/product_cat?post=7976"},{"taxonomy":"product_tag","embeddable":true,"href":"https:\/\/bleudubai.com\/pt-pt\/wp-json\/wp\/v2\/product_tag?post=7976"}],"curies":[{"name":"wp","href":"https:\/\/api.w.org\/{rel}","templated":true}]}}