{"id":7977,"date":"2024-09-01T19:38:56","date_gmt":"2024-09-01T19:38:56","guid":{"rendered":"https:\/\/bleudubai.com\/product\/do-dubai-visita-a-grande-mesquita-e-ao-louvre-abu-dhabi\/"},"modified":"2025-10-08T02:38:24","modified_gmt":"2025-10-07T22:38:24","slug":"do-dubai-visita-a-grande-mesquita-e-ao-louvre-abu-dhabi","status":"publish","type":"product","link":"https:\/\/bleudubai.com\/pt-pt\/produto\/do-dubai-visita-a-grande-mesquita-e-ao-louvre-abu-dhabi\/","title":{"rendered":"Do Dubai: Visita \u00e0 Grande Mesquita e ao Louvre Abu Dhabi"},"content":{"rendered":"<p>Fa\u00e7a uma viagem de um dia a partir do Dubai para descobrir dois dos locais imperd\u00edveis dos Emirados \u00c1rabes Unidos. Admire as maravilhas arquitect\u00f3nicas e art\u00edsticas, antigas e modernas, nesta excitante excurs\u00e3o. Depois de ser recolhido no seu alojamento, ponha-se \u00e0 vontade e desfrute da viagem at\u00e9 \u00e0 mesquita. \u00c0 chegada, maravilhe-se com o seu exterior reluzente coberto de azulejos brancos gregos e maced\u00f3nios. Uma vez no interior, descubra o maior tapete tecido \u00e0 m\u00e3o do mundo, os impressionantes lustres de cristal e os pain\u00e9is de vidro incrustados com milhares de cristais Swarovski numa visita guiada. Depois, dirija-se \u00e0 ilha de Saadiyat para visitar o Museu do Louvre Abu Dhabi. Explore este maior museu da regi\u00e3o do Golfo, que alberga obras cl\u00e1ssicas e modernas de import\u00e2ncia cultural e sociol\u00f3gica global. Admire obras-primas de prestigiados museus franceses, como o Louvre, o Centre Pompidou e o Mus\u00e9e d&#8217;Orsay. Aproveite para visitar o Museu das Crian\u00e7as, relaxar num caf\u00e9 ou dar uma vista de olhos nas lojas. Uma vez terminada a visita, aproveite para regressar ao seu hotel no Dubai.<\/p>\n","protected":false},"excerpt":{"rendered":"<p>Descubra duas j\u00f3ias dos Emirados \u00c1rabes Unidos numa visita inesquec\u00edvel: o Museu do Louvre Abu Dhabi e a magn\u00edfica Mesquita Sheikh Zayed. Reserve j\u00e1 e mergulhe na fascinante arte e arquitetura desta regi\u00e3o. <\/p>\n","protected":false},"featured_media":6893,"comment_status":"open","ping_status":"closed","template":"","meta":{"_acf_changed":false},"product_brand":[],"product_cat":[175,165,170,195],"product_tag":[],"class_list":{"0":"post-7977","1":"product","2":"type-product","3":"status-publish","4":"has-post-thumbnail","6":"product_cat-atividades-em-abu-dhabi","7":"product_cat-atividades-familiares","8":"product_cat-atividades-imperdiveis","9":"product_cat-os-imperdiveis","11":"first","12":"instock","13":"featured","14":"shipping-taxable","15":"purchasable","16":"product-type-simple"},"acf":[],"_links":{"self":[{"href":"https:\/\/bleudubai.com\/pt-pt\/wp-json\/wp\/v2\/product\/7977","targetHints":{"allow":["GET"]}}],"collection":[{"href":"https:\/\/bleudubai.com\/pt-pt\/wp-json\/wp\/v2\/product"}],"about":[{"href":"https:\/\/bleudubai.com\/pt-pt\/wp-json\/wp\/v2\/types\/product"}],"replies":[{"embeddable":true,"href":"https:\/\/bleudubai.com\/pt-pt\/wp-json\/wp\/v2\/comments?post=7977"}],"wp:featuredmedia":[{"embeddable":true,"href":"https:\/\/bleudubai.com\/pt-pt\/wp-json\/wp\/v2\/media\/6893"}],"wp:attachment":[{"href":"https:\/\/bleudubai.com\/pt-pt\/wp-json\/wp\/v2\/media?parent=7977"}],"wp:term":[{"taxonomy":"product_brand","embeddable":true,"href":"https:\/\/bleudubai.com\/pt-pt\/wp-json\/wp\/v2\/product_brand?post=7977"},{"taxonomy":"product_cat","embeddable":true,"href":"https:\/\/bleudubai.com\/pt-pt\/wp-json\/wp\/v2\/product_cat?post=7977"},{"taxonomy":"product_tag","embeddable":true,"href":"https:\/\/bleudubai.com\/pt-pt\/wp-json\/wp\/v2\/product_tag?post=7977"}],"curies":[{"name":"wp","href":"https:\/\/api.w.org\/{rel}","templated":true}]}}