{"id":7978,"date":"2024-09-01T19:38:56","date_gmt":"2024-09-01T15:38:56","guid":{"rendered":"https:\/\/bleudubai.com\/product\/safari-no-deserto-do-dubai-camelo-sandboard-e-jantar-com-churrasco\/"},"modified":"2025-10-01T18:27:21","modified_gmt":"2025-10-01T14:27:21","slug":"safari-no-deserto-do-dubai-camelo-sandboard-e-jantar-com-churrasco","status":"publish","type":"product","link":"https:\/\/bleudubai.com\/pt-pt\/produto\/safari-no-deserto-do-dubai-camelo-sandboard-e-jantar-com-churrasco\/","title":{"rendered":"Safari no deserto do Dubai, camelo, sandboard e jantar com churrasco"},"content":{"rendered":"<p>Depois de ser recolhido no seu hotel num ve\u00edculo todo-o-terreno, ir\u00e1 para o deserto, a apenas 45 minutos do Dubai, acompanhado por um guia local experiente. \u00c0 chegada ao Lahbab Desert Camp, ser\u00e1 recebido calorosamente numa tenda com ar condicionado, onde poder\u00e1 relaxar e tomar um refresco. Depois, prepare-se para uma experi\u00eancia emocionante ao conduzir um ve\u00edculo todo-o-terreno pelas dunas. Tamb\u00e9m visitar\u00e1 uma quinta de camelos situada no cora\u00e7\u00e3o do deserto. Deixe a adrenalina fluir enquanto domina as dunas vermelhas, admirando a forma como o seu ve\u00edculo divide a paisagem acidentada e rola pelas encostas \u00edngremes. Uma vez terminado o rali das dunas, ter\u00e1 a oportunidade de experimentar o sandboard ou simplesmente apreciar a paisagem do deserto \u00e0 sua volta. N\u00e3o se esque\u00e7a de imortalizar este horizonte \u00fanico e infinito tirando fotografias inesquec\u00edveis. Depois, fa\u00e7a uma pausa nas dunas vermelhas e desfrute de um tranquilo passeio de camelo pelo cora\u00e7\u00e3o do deserto. Para terminar este dia memor\u00e1vel, relaxe num acampamento tradicional, onde poder\u00e1 desfrutar de um delicioso jantar de churrasco internacional e de uma s\u00e9rie de espect\u00e1culos emocionantes dos Emirados. Finalmente, o seu guia lev\u00e1-lo-\u00e1 de volta ao seu hotel no Dubai, deixando-o com mem\u00f3rias duradouras desta experi\u00eancia emocionante.<\/p>\n","protected":false},"excerpt":{"rendered":"<p>Explore o deserto do Dubai num safari \u00fanico com um passeio de camelo ao p\u00f4r do sol. Descubra desportos sensacionais no deserto, como o sandboard e o rali nas dunas. <\/p>\n","protected":false},"featured_media":6878,"comment_status":"open","ping_status":"closed","template":"","meta":{"_acf_changed":false},"product_brand":[],"product_cat":[150,165,170,160,195],"product_tag":[],"class_list":{"0":"post-7978","1":"product","2":"type-product","3":"status-publish","4":"has-post-thumbnail","6":"product_cat-atividades-combinadas","7":"product_cat-atividades-familiares","8":"product_cat-atividades-imperdiveis","9":"product_cat-atividades-no-deserto","10":"product_cat-os-imperdiveis","12":"first","13":"instock","14":"featured","15":"shipping-taxable","16":"purchasable","17":"product-type-simple"},"acf":[],"_links":{"self":[{"href":"https:\/\/bleudubai.com\/pt-pt\/wp-json\/wp\/v2\/product\/7978","targetHints":{"allow":["GET"]}}],"collection":[{"href":"https:\/\/bleudubai.com\/pt-pt\/wp-json\/wp\/v2\/product"}],"about":[{"href":"https:\/\/bleudubai.com\/pt-pt\/wp-json\/wp\/v2\/types\/product"}],"replies":[{"embeddable":true,"href":"https:\/\/bleudubai.com\/pt-pt\/wp-json\/wp\/v2\/comments?post=7978"}],"wp:featuredmedia":[{"embeddable":true,"href":"https:\/\/bleudubai.com\/pt-pt\/wp-json\/wp\/v2\/media\/6878"}],"wp:attachment":[{"href":"https:\/\/bleudubai.com\/pt-pt\/wp-json\/wp\/v2\/media?parent=7978"}],"wp:term":[{"taxonomy":"product_brand","embeddable":true,"href":"https:\/\/bleudubai.com\/pt-pt\/wp-json\/wp\/v2\/product_brand?post=7978"},{"taxonomy":"product_cat","embeddable":true,"href":"https:\/\/bleudubai.com\/pt-pt\/wp-json\/wp\/v2\/product_cat?post=7978"},{"taxonomy":"product_tag","embeddable":true,"href":"https:\/\/bleudubai.com\/pt-pt\/wp-json\/wp\/v2\/product_tag?post=7978"}],"curies":[{"name":"wp","href":"https:\/\/api.w.org\/{rel}","templated":true}]}}