{"id":7979,"date":"2024-09-01T19:37:29","date_gmt":"2024-09-01T15:37:29","guid":{"rendered":"https:\/\/bleudubai.com\/product\/passeio-de-balao-de-ar-quente-ao-nascer-do-sol-com-pequeno-almoco\/"},"modified":"2024-11-13T08:31:46","modified_gmt":"2024-11-13T08:31:46","slug":"passeio-de-balao-de-ar-quente-ao-nascer-do-sol-com-pequeno-almoco","status":"publish","type":"product","link":"https:\/\/bleudubai.com\/pt-pt\/produto\/passeio-de-balao-de-ar-quente-ao-nascer-do-sol-com-pequeno-almoco\/","title":{"rendered":"Passeio de bal\u00e3o de ar quente ao nascer do sol com pequeno-almo\u00e7o"},"content":{"rendered":"<p>Veja o deserto da Ar\u00e1bia das alturas num emocionante voo de bal\u00e3o de ar quente a partir do Dubai. Deixe o seu hotel e dirija-se ao local de aterragem para ver o nascer do sol sobre as dunas. Encontre um falc\u00e3o peregrino e desfrute de um pequeno-almo\u00e7o gourmet. A sua aventura de bal\u00e3o come\u00e7a com um servi\u00e7o de recolha de manh\u00e3 cedo no seu hotel. Descolagem antes do nascer do sol para a Reserva de Conserva\u00e7\u00e3o do Deserto do Dubai para um voo de uma hora sobre o Deserto da Ar\u00e1bia. \u00c0 medida que as dunas se tornam avermelhadas, fique atento a camelos, gazelas, o\u00e1sis, planta\u00e7\u00f5es de t\u00e2maras ou apenas para admirar as sombras fugazes nas colinas ondulantes. Se tiver sorte, poder\u00e1 at\u00e9 vislumbrar o ic\u00f3nico \u00f3rix no seu habitat natural. De volta a terra firme, ser\u00e1 levado a uma reserva natural equipada com casas de banho individuais e limpas para se refrescar. Tire uma fotografia de recorda\u00e7\u00e3o com um falc\u00e3o-peregrino e desfrute de um delicioso pequeno-almo\u00e7o com salm\u00e3o fumado, fruta e muitas outras del\u00edcias para o paladar. Finalmente, ser\u00e1 conduzido de volta ao seu hotel com mem\u00f3rias inesquec\u00edveis na sua mente.<\/p>\n","protected":false},"excerpt":{"rendered":"<p>Sobrevoe o cora\u00e7\u00e3o do deserto da Ar\u00e1bia num passeio de bal\u00e3o de ar quente e desfrute de um delicioso pequeno-almo\u00e7o num acampamento aut\u00eantico. Capture momentos \u00fanicos com um falc\u00e3o e preste aten\u00e7\u00e3o \u00e0 vida selvagem e \u00e0s paisagens encantadoras. <\/p>\n","protected":false},"featured_media":6488,"comment_status":"open","ping_status":"closed","template":"","meta":{"_acf_changed":false},"product_brand":[],"product_cat":[150,170,155,160,195],"product_tag":[],"class_list":{"0":"post-7979","1":"product","2":"type-product","3":"status-publish","4":"has-post-thumbnail","6":"product_cat-atividades-combinadas","7":"product_cat-atividades-imperdiveis","8":"product_cat-atividades-no-ar","9":"product_cat-atividades-no-deserto","10":"product_cat-os-imperdiveis","12":"first","13":"instock","14":"shipping-taxable","15":"purchasable","16":"product-type-simple"},"acf":[],"_links":{"self":[{"href":"https:\/\/bleudubai.com\/pt-pt\/wp-json\/wp\/v2\/product\/7979","targetHints":{"allow":["GET"]}}],"collection":[{"href":"https:\/\/bleudubai.com\/pt-pt\/wp-json\/wp\/v2\/product"}],"about":[{"href":"https:\/\/bleudubai.com\/pt-pt\/wp-json\/wp\/v2\/types\/product"}],"replies":[{"embeddable":true,"href":"https:\/\/bleudubai.com\/pt-pt\/wp-json\/wp\/v2\/comments?post=7979"}],"wp:featuredmedia":[{"embeddable":true,"href":"https:\/\/bleudubai.com\/pt-pt\/wp-json\/wp\/v2\/media\/6488"}],"wp:attachment":[{"href":"https:\/\/bleudubai.com\/pt-pt\/wp-json\/wp\/v2\/media?parent=7979"}],"wp:term":[{"taxonomy":"product_brand","embeddable":true,"href":"https:\/\/bleudubai.com\/pt-pt\/wp-json\/wp\/v2\/product_brand?post=7979"},{"taxonomy":"product_cat","embeddable":true,"href":"https:\/\/bleudubai.com\/pt-pt\/wp-json\/wp\/v2\/product_cat?post=7979"},{"taxonomy":"product_tag","embeddable":true,"href":"https:\/\/bleudubai.com\/pt-pt\/wp-json\/wp\/v2\/product_tag?post=7979"}],"curies":[{"name":"wp","href":"https:\/\/api.w.org\/{rel}","templated":true}]}}