{"id":7980,"date":"2024-09-01T19:37:28","date_gmt":"2024-09-01T19:37:28","guid":{"rendered":"https:\/\/bleudubai.com\/product\/bilhete-para-o-warner-bros-world-abu-dhabi\/"},"modified":"2025-10-28T22:20:21","modified_gmt":"2025-10-28T18:20:21","slug":"bilhete-para-o-warner-bros-world-abu-dhabi","status":"publish","type":"product","link":"https:\/\/bleudubai.com\/pt-pt\/produto\/bilhete-para-o-warner-bros-world-abu-dhabi\/","title":{"rendered":"Bilhete para o Warner Bros. World Abu Dhabi"},"content":{"rendered":"<p>Assim que atravessar o famoso escudo da Warner Bros. prepare-se para ser transportado para as terras das suas personagens favoritas para uma experi\u00eancia imersiva como nenhuma outra. Quer esteja \u00e0 procura de a\u00e7\u00e3o e aventura ou de um pouco de fantasia, o Warner Bros. World Abu Dhabi \u00e9 o local ideal. A sua aventura come\u00e7a na entrada do Warner Bros. World, onde descobrir\u00e1 o Plaza, um portal para mundos tem\u00e1ticos \u00fanicos como Bedrock, Dynamite Gulch, Cartoon Junction, Gotham City e Metropolis. Com 29 brinquedos de \u00faltima gera\u00e7\u00e3o, atrac\u00e7\u00f5es familiares e entretenimento ao vivo, criar\u00e1 mem\u00f3rias para toda a vida. Conhe\u00e7a os seus her\u00f3is favoritos, incluindo o Batman, o Super-Homem e a Mulher Maravilha. Conhe\u00e7a Bugs Bunny, Scooby-Doo, Tom e Jerry e a fam\u00edlia Flintstones. Jante em restaurantes tem\u00e1ticos e explore as muitas lojas que vendem produtos exclusivos.<\/p>\n","protected":false},"excerpt":{"rendered":"<p>Bem-vindo ao Warner Bros. World Abu Dhabi, o primeiro parque tem\u00e1tico dedicado ao mundo da Warner Bros. Descubra atrac\u00e7\u00f5es emocionantes, passeios tem\u00e1ticos e conhe\u00e7a as suas personagens favoritas da Warner Bros.  <\/p>\n","protected":false},"featured_media":6323,"comment_status":"open","ping_status":"closed","template":"","meta":{"_acf_changed":false},"product_brand":[],"product_cat":[175,165,200],"product_tag":[],"class_list":{"0":"post-7980","1":"product","2":"type-product","3":"status-publish","4":"has-post-thumbnail","6":"product_cat-atividades-em-abu-dhabi","7":"product_cat-atividades-familiares","8":"product_cat-parques-de-diversoes","10":"first","11":"instock","12":"shipping-taxable","13":"purchasable","14":"product-type-simple"},"acf":[],"_links":{"self":[{"href":"https:\/\/bleudubai.com\/pt-pt\/wp-json\/wp\/v2\/product\/7980","targetHints":{"allow":["GET"]}}],"collection":[{"href":"https:\/\/bleudubai.com\/pt-pt\/wp-json\/wp\/v2\/product"}],"about":[{"href":"https:\/\/bleudubai.com\/pt-pt\/wp-json\/wp\/v2\/types\/product"}],"replies":[{"embeddable":true,"href":"https:\/\/bleudubai.com\/pt-pt\/wp-json\/wp\/v2\/comments?post=7980"}],"wp:featuredmedia":[{"embeddable":true,"href":"https:\/\/bleudubai.com\/pt-pt\/wp-json\/wp\/v2\/media\/6323"}],"wp:attachment":[{"href":"https:\/\/bleudubai.com\/pt-pt\/wp-json\/wp\/v2\/media?parent=7980"}],"wp:term":[{"taxonomy":"product_brand","embeddable":true,"href":"https:\/\/bleudubai.com\/pt-pt\/wp-json\/wp\/v2\/product_brand?post=7980"},{"taxonomy":"product_cat","embeddable":true,"href":"https:\/\/bleudubai.com\/pt-pt\/wp-json\/wp\/v2\/product_cat?post=7980"},{"taxonomy":"product_tag","embeddable":true,"href":"https:\/\/bleudubai.com\/pt-pt\/wp-json\/wp\/v2\/product_tag?post=7980"}],"curies":[{"name":"wp","href":"https:\/\/api.w.org\/{rel}","templated":true}]}}