{"id":7981,"date":"2024-09-01T19:37:28","date_gmt":"2024-09-01T19:37:28","guid":{"rendered":"https:\/\/bleudubai.com\/product\/atlantis-dolphin-paddle-descubra-os-golfinhos-a-remos\/"},"modified":"2025-10-01T18:27:48","modified_gmt":"2025-10-01T14:27:48","slug":"atlantis-dolphin-paddle-descubra-os-golfinhos-a-remos","status":"publish","type":"product","link":"https:\/\/bleudubai.com\/pt-pt\/produto\/atlantis-dolphin-paddle-descubra-os-golfinhos-a-remos\/","title":{"rendered":"Atlantis Dolphin Paddle &#8211; Descubra os golfinhos a remos"},"content":{"rendered":"<p>Descubra uma experi\u00eancia \u00fanica ao trabalhar o seu equil\u00edbrio durante uma sess\u00e3o de paddle boarding na magn\u00edfica lagoa de Dolphin Bay.<\/p>\n<p>Deixe-se envolver pelos curiosos, brincalh\u00f5es e simp\u00e1ticos golfinhos residentes.<\/p>\n<p>Remar ao lado dos golfinhos \u00e9 uma forma incr\u00edvel de relaxar a mente e o corpo, enquanto aprende sobre o seu comportamento fascinante de uma forma divertida e envolvente.<\/p>\n<p>N\u00e3o se esque\u00e7a de capturar as suas mem\u00f3rias com a foto perfeita para o Instagram da Ba\u00eda dos Golfinhos.<\/p>\n","protected":false},"excerpt":{"rendered":"<p>Trabalhe o seu equil\u00edbrio enquanto explora a magn\u00edfica lagoa de Dolphin Bay numa excurs\u00e3o de paddle board. Aproxime-se dos golfinhos residentes para uma experi\u00eancia inesquec\u00edvel. <\/p>\n","protected":false},"featured_media":6308,"comment_status":"open","ping_status":"closed","template":"","meta":{"_acf_changed":false},"product_brand":[],"product_cat":[145,205,200],"product_tag":[],"class_list":{"0":"post-7981","1":"product","2":"type-product","3":"status-publish","4":"has-post-thumbnail","6":"product_cat-atividades-aquaticas","7":"product_cat-desporto-e-adrenalina","8":"product_cat-parques-de-diversoes","10":"first","11":"instock","12":"shipping-taxable","13":"purchasable","14":"product-type-simple"},"acf":[],"_links":{"self":[{"href":"https:\/\/bleudubai.com\/pt-pt\/wp-json\/wp\/v2\/product\/7981","targetHints":{"allow":["GET"]}}],"collection":[{"href":"https:\/\/bleudubai.com\/pt-pt\/wp-json\/wp\/v2\/product"}],"about":[{"href":"https:\/\/bleudubai.com\/pt-pt\/wp-json\/wp\/v2\/types\/product"}],"replies":[{"embeddable":true,"href":"https:\/\/bleudubai.com\/pt-pt\/wp-json\/wp\/v2\/comments?post=7981"}],"wp:featuredmedia":[{"embeddable":true,"href":"https:\/\/bleudubai.com\/pt-pt\/wp-json\/wp\/v2\/media\/6308"}],"wp:attachment":[{"href":"https:\/\/bleudubai.com\/pt-pt\/wp-json\/wp\/v2\/media?parent=7981"}],"wp:term":[{"taxonomy":"product_brand","embeddable":true,"href":"https:\/\/bleudubai.com\/pt-pt\/wp-json\/wp\/v2\/product_brand?post=7981"},{"taxonomy":"product_cat","embeddable":true,"href":"https:\/\/bleudubai.com\/pt-pt\/wp-json\/wp\/v2\/product_cat?post=7981"},{"taxonomy":"product_tag","embeddable":true,"href":"https:\/\/bleudubai.com\/pt-pt\/wp-json\/wp\/v2\/product_tag?post=7981"}],"curies":[{"name":"wp","href":"https:\/\/api.w.org\/{rel}","templated":true}]}}