{"id":7982,"date":"2024-09-01T19:37:28","date_gmt":"2024-09-01T19:37:28","guid":{"rendered":"https:\/\/bleudubai.com\/product\/anda-de-caiaque-com-golfinhos-na-baia-dos-golfinhos-do-atlantis\/"},"modified":"2024-11-13T08:39:13","modified_gmt":"2024-11-13T08:39:13","slug":"anda-de-caiaque-com-golfinhos-na-baia-dos-golfinhos-do-atlantis","status":"publish","type":"product","link":"https:\/\/bleudubai.com\/pt-pt\/produto\/anda-de-caiaque-com-golfinhos-na-baia-dos-golfinhos-do-atlantis\/","title":{"rendered":"Anda de caiaque com golfinhos na Ba\u00eda dos Golfinhos do Atlantis"},"content":{"rendered":"<p>Experimente a emo\u00e7\u00e3o de andar de caiaque ao lado dos golfinhos residentes na bela lagoa Dolphin Bay do Atlantis.<\/p>\n<p>Rodeado por um cen\u00e1rio tropical exuberante, ter\u00e1 a oportunidade de se aproximar de golfinhos curiosos, que poder\u00e3o at\u00e9 aproximar-se do seu caiaque para um momento m\u00e1gico.<\/p>\n<p>Esta experi\u00eancia de caiaque \u00e9 tanto uma atividade de enriquecimento dos golfinhos como uma oportunidade divertida de aprender sobre o seu comportamento de uma forma imersiva.<\/p>\n","protected":false},"excerpt":{"rendered":"<p>Mergulhe na aventura de andar de caiaque ao lado de golfinhos no Atlantis Dolphin Bay. Explore uma magn\u00edfica lagoa tropical e viva momentos inesquec\u00edveis com estas criaturas majestosas. <\/p>\n","protected":false},"featured_media":6293,"comment_status":"open","ping_status":"closed","template":"","meta":{"_acf_changed":false},"product_brand":[],"product_cat":[145,205],"product_tag":[],"class_list":{"0":"post-7982","1":"product","2":"type-product","3":"status-publish","4":"has-post-thumbnail","6":"product_cat-atividades-aquaticas","7":"product_cat-desporto-e-adrenalina","9":"first","10":"instock","11":"shipping-taxable","12":"purchasable","13":"product-type-simple"},"acf":[],"_links":{"self":[{"href":"https:\/\/bleudubai.com\/pt-pt\/wp-json\/wp\/v2\/product\/7982","targetHints":{"allow":["GET"]}}],"collection":[{"href":"https:\/\/bleudubai.com\/pt-pt\/wp-json\/wp\/v2\/product"}],"about":[{"href":"https:\/\/bleudubai.com\/pt-pt\/wp-json\/wp\/v2\/types\/product"}],"replies":[{"embeddable":true,"href":"https:\/\/bleudubai.com\/pt-pt\/wp-json\/wp\/v2\/comments?post=7982"}],"wp:featuredmedia":[{"embeddable":true,"href":"https:\/\/bleudubai.com\/pt-pt\/wp-json\/wp\/v2\/media\/6293"}],"wp:attachment":[{"href":"https:\/\/bleudubai.com\/pt-pt\/wp-json\/wp\/v2\/media?parent=7982"}],"wp:term":[{"taxonomy":"product_brand","embeddable":true,"href":"https:\/\/bleudubai.com\/pt-pt\/wp-json\/wp\/v2\/product_brand?post=7982"},{"taxonomy":"product_cat","embeddable":true,"href":"https:\/\/bleudubai.com\/pt-pt\/wp-json\/wp\/v2\/product_cat?post=7982"},{"taxonomy":"product_tag","embeddable":true,"href":"https:\/\/bleudubai.com\/pt-pt\/wp-json\/wp\/v2\/product_tag?post=7982"}],"curies":[{"name":"wp","href":"https:\/\/api.w.org\/{rel}","templated":true}]}}