{"id":7983,"date":"2024-09-01T19:37:29","date_gmt":"2024-09-01T15:37:29","guid":{"rendered":"https:\/\/bleudubai.com\/product\/salta-de-para-quedas-sobre-a-palmeira-jumeirah\/"},"modified":"2026-04-02T10:09:52","modified_gmt":"2026-04-02T06:09:52","slug":"salta-de-para-quedas-sobre-a-palmeira-jumeirah","status":"publish","type":"product","link":"https:\/\/bleudubai.com\/pt-pt\/produto\/salta-de-para-quedas-sobre-a-palmeira-jumeirah\/","title":{"rendered":"Salta de para-quedas sobre a Palmeira Jumeirah"},"content":{"rendered":"<p>Mergulhe na emo\u00e7\u00e3o de cair em queda livre a quase 200 km\/h enquanto est\u00e1 firmemente preso ao seu instrutor profissional por um arn\u00eas. Junte-se \u00e0 nossa simp\u00e1tica equipa no ponto de encontro, onde ser\u00e1 recebido calorosamente. Cerca de uma hora antes da partida, encontrar-se-\u00e1 com o seu instrutor, que lhe explicar\u00e1 os procedimentos, as instru\u00e7\u00f5es de seguran\u00e7a e as melhores posi\u00e7\u00f5es para a queda livre. Coloque o seu arn\u00eas, que ser\u00e1 controlado pelo instrutor para garantir a sua seguran\u00e7a durante toda a aventura tandem. Um para-quedista equipado com uma m\u00e1quina fotogr\u00e1fica acompanh\u00e1-lo-\u00e1 para imortalizar esta experi\u00eancia inesquec\u00edvel. Ap\u00f3s uma subida de 20 minutos no avi\u00e3o, prenda-se \u00e0 frente do seu instrutor qualificado e efectue as \u00faltimas verifica\u00e7\u00f5es antes de saltar do avi\u00e3o a uma altitude de 4.000 metros. Desfrute de quase um minuto de queda livre intensa antes de o para-quedas se abrir a cerca de 1800 metros. Depois, descer\u00e1 de para-quedas durante 4 a 5 minutos, desfrutando de vistas panor\u00e2micas deslumbrantes sobre as dunas de areia do deserto e a ic\u00f3nica ilha de Palm Jumeirah.<br \/>\nAp\u00f3s uma aterragem suave, ter\u00e1 a oportunidade de gravar as suas reac\u00e7\u00f5es de adrenalina com o operador de c\u00e2mara para-quedista antes de regressar ao edif\u00edcio principal. Capture todos os momentos excepcionais do seu salto com as fotografias e v\u00eddeos digitais editados profissionalmente inclu\u00eddos no seu pacote. Reserve 3 a 4 horas para esta experi\u00eancia completa. Durante o salto, os amigos e a fam\u00edlia podem assistir a partir do solo e desfrutar de bebidas e snacks no caf\u00e9 do local.<\/p>\n","protected":false},"excerpt":{"rendered":"<p>Est\u00e1 pronto para conquistar os c\u00e9us? Veja o Dubai de um novo \u00e2ngulo com um salto de para-quedas em tandem a partir da Palm. Des\u00e7a a 200 km\/h e desfrute de vistas espectaculares.  <\/p>\n","protected":false},"featured_media":6473,"comment_status":"open","ping_status":"closed","template":"","meta":{"_acf_changed":false},"product_brand":[],"product_cat":[170,155,205,195],"product_tag":[],"class_list":{"0":"post-7983","1":"product","2":"type-product","3":"status-publish","4":"has-post-thumbnail","6":"product_cat-atividades-imperdiveis","7":"product_cat-atividades-no-ar","8":"product_cat-desporto-e-adrenalina","9":"product_cat-os-imperdiveis","11":"first","12":"instock","13":"shipping-taxable","14":"purchasable","15":"product-type-simple"},"acf":[],"_links":{"self":[{"href":"https:\/\/bleudubai.com\/pt-pt\/wp-json\/wp\/v2\/product\/7983","targetHints":{"allow":["GET"]}}],"collection":[{"href":"https:\/\/bleudubai.com\/pt-pt\/wp-json\/wp\/v2\/product"}],"about":[{"href":"https:\/\/bleudubai.com\/pt-pt\/wp-json\/wp\/v2\/types\/product"}],"replies":[{"embeddable":true,"href":"https:\/\/bleudubai.com\/pt-pt\/wp-json\/wp\/v2\/comments?post=7983"}],"wp:featuredmedia":[{"embeddable":true,"href":"https:\/\/bleudubai.com\/pt-pt\/wp-json\/wp\/v2\/media\/6473"}],"wp:attachment":[{"href":"https:\/\/bleudubai.com\/pt-pt\/wp-json\/wp\/v2\/media?parent=7983"}],"wp:term":[{"taxonomy":"product_brand","embeddable":true,"href":"https:\/\/bleudubai.com\/pt-pt\/wp-json\/wp\/v2\/product_brand?post=7983"},{"taxonomy":"product_cat","embeddable":true,"href":"https:\/\/bleudubai.com\/pt-pt\/wp-json\/wp\/v2\/product_cat?post=7983"},{"taxonomy":"product_tag","embeddable":true,"href":"https:\/\/bleudubai.com\/pt-pt\/wp-json\/wp\/v2\/product_tag?post=7983"}],"curies":[{"name":"wp","href":"https:\/\/api.w.org\/{rel}","templated":true}]}}