{"id":7985,"date":"2024-09-01T19:37:28","date_gmt":"2024-09-01T19:37:28","guid":{"rendered":"https:\/\/bleudubai.com\/product\/bilhete-de-entrada-geral-para-o-seaworld-abu-dhabi\/"},"modified":"2024-11-13T08:44:14","modified_gmt":"2024-11-13T08:44:14","slug":"bilhete-de-entrada-geral-para-o-seaworld-abu-dhabi","status":"publish","type":"product","link":"https:\/\/bleudubai.com\/pt-pt\/produto\/bilhete-de-entrada-geral-para-o-seaworld-abu-dhabi\/","title":{"rendered":"Bilhete de entrada geral para o SeaWorld Abu Dhabi"},"content":{"rendered":"<p>Prepare-se para uma aventura emocionante no primeiro parque tem\u00e1tico marinho da regi\u00e3o. O SeaWorld Abu Dhabi oferece-lhe uma experi\u00eancia \u00fanica para aprender e apreciar o oceano e os seus habitantes. Descubra o distinto ecossistema marinho do Golfo Ar\u00e1bico e mergulhe na rica cultura da regi\u00e3o. Visite Rocky Point para ver os ador\u00e1veis le\u00f5es-marinhos no seu habitat natural, tanto acima como abaixo da \u00e1gua. Fa\u00e7a passeios emocionantes, jogue jogos excitantes e desfrute de entretenimento ao vivo no nosso animado parque subaqu\u00e1tico. Fa\u00e7a uma viagem banhada pelo sol atrav\u00e9s de uma floresta tropical com cascatas dan\u00e7antes e uma lagoa cristalina com uma vida marinha fascinante. Contemple a paisagem gelada do \u00c1rtico, lar de uma infinidade de animais como morsas e lontras marinhas, e enfrente o frio para explorar a regi\u00e3o mais isolada do mundo, onde os pinguins reinam supremos. Maravilhe-se com a infinita beleza e diversidade do oceano no nosso aqu\u00e1rio \u00fanico, lar de mais de 68.000 animais. Aprofunde a sua compreens\u00e3o do programa Yas SeaWorld Research &amp; Rescue interagindo com a nossa equipa de especialistas marinhos e observando os nossos veterin\u00e1rios no Animal Care Centre. Uma visita ao SeaWorld Abu Dhabi \u00e9 uma experi\u00eancia memor\u00e1vel que combina educa\u00e7\u00e3o e conserva\u00e7\u00e3o para inspirar nossos visitantes a apreciar e proteger o oceano e seus habitats. <\/p>\n","protected":false},"excerpt":{"rendered":"<p>Mergulhe no mundo cativante do SeaWorld Abu Dhabi, o primeiro parque tem\u00e1tico marinho da regi\u00e3o. Explore 8 reinos, conhe\u00e7a animais fascinantes e desfrute de experi\u00eancias interactivas inesquec\u00edveis. <\/p>\n","protected":false},"featured_media":6263,"comment_status":"open","ping_status":"closed","template":"","meta":{"_acf_changed":false},"product_brand":[],"product_cat":[145,175,165,170,185,195],"product_tag":[],"class_list":{"0":"post-7985","1":"product","2":"type-product","3":"status-publish","4":"has-post-thumbnail","6":"product_cat-atividades-aquaticas","7":"product_cat-atividades-em-abu-dhabi","8":"product_cat-atividades-familiares","9":"product_cat-atividades-imperdiveis","10":"product_cat-bilhetes-de-entrada","11":"product_cat-os-imperdiveis","13":"first","14":"instock","15":"shipping-taxable","16":"purchasable","17":"product-type-simple"},"acf":[],"_links":{"self":[{"href":"https:\/\/bleudubai.com\/pt-pt\/wp-json\/wp\/v2\/product\/7985","targetHints":{"allow":["GET"]}}],"collection":[{"href":"https:\/\/bleudubai.com\/pt-pt\/wp-json\/wp\/v2\/product"}],"about":[{"href":"https:\/\/bleudubai.com\/pt-pt\/wp-json\/wp\/v2\/types\/product"}],"replies":[{"embeddable":true,"href":"https:\/\/bleudubai.com\/pt-pt\/wp-json\/wp\/v2\/comments?post=7985"}],"wp:featuredmedia":[{"embeddable":true,"href":"https:\/\/bleudubai.com\/pt-pt\/wp-json\/wp\/v2\/media\/6263"}],"wp:attachment":[{"href":"https:\/\/bleudubai.com\/pt-pt\/wp-json\/wp\/v2\/media?parent=7985"}],"wp:term":[{"taxonomy":"product_brand","embeddable":true,"href":"https:\/\/bleudubai.com\/pt-pt\/wp-json\/wp\/v2\/product_brand?post=7985"},{"taxonomy":"product_cat","embeddable":true,"href":"https:\/\/bleudubai.com\/pt-pt\/wp-json\/wp\/v2\/product_cat?post=7985"},{"taxonomy":"product_tag","embeddable":true,"href":"https:\/\/bleudubai.com\/pt-pt\/wp-json\/wp\/v2\/product_tag?post=7985"}],"curies":[{"name":"wp","href":"https:\/\/api.w.org\/{rel}","templated":true}]}}