{"id":7986,"date":"2024-09-01T19:37:28","date_gmt":"2024-09-01T19:37:28","guid":{"rendered":"https:\/\/bleudubai.com\/product\/espetaculo-de-aves-exoticas-no-dubai-dolphinarium\/"},"modified":"2024-11-13T08:45:30","modified_gmt":"2024-11-13T08:45:30","slug":"espetaculo-de-aves-exoticas-no-dubai-dolphinarium","status":"publish","type":"product","link":"https:\/\/bleudubai.com\/pt-pt\/produto\/espetaculo-de-aves-exoticas-no-dubai-dolphinarium\/","title":{"rendered":"Espet\u00e1culo de aves ex\u00f3ticas no Dubai Dolphinarium"},"content":{"rendered":"<p>Prepare-se para se surpreender com uma sele\u00e7\u00e3o \u00fanica de aves ex\u00f3ticas de diferentes esp\u00e9cies. Veja-os realizar truques incr\u00edveis que desafiar\u00e3o a teoria de que as aves n\u00e3o t\u00eam c\u00e9rebro. Descubra esp\u00e9cies fascinantes como conures do sol, papagaios da Amaz\u00f3nia, catatuas, araras azuis e douradas, araras de asa verde, calaus, tucanos, falc\u00f5es e papagaios Eclectus. Maravilhe-se com os seus talentos e as suas intera\u00e7\u00f5es com o p\u00fablico durante este espet\u00e1culo de cortar a respira\u00e7\u00e3o.<\/p>\n","protected":false},"excerpt":{"rendered":"<p>Venha ver o primeiro e \u00fanico espet\u00e1culo de aves ex\u00f3ticas no M\u00e9dio Oriente no Dubai Dolphinarium. Descubra uma experi\u00eancia cativante no Creek Park! <\/p>\n","protected":false},"featured_media":6248,"comment_status":"open","ping_status":"closed","template":"","meta":{"_acf_changed":false},"product_brand":[],"product_cat":[165],"product_tag":[],"class_list":{"0":"post-7986","1":"product","2":"type-product","3":"status-publish","4":"has-post-thumbnail","6":"product_cat-atividades-familiares","8":"first","9":"instock","10":"shipping-taxable","11":"purchasable","12":"product-type-simple"},"acf":[],"_links":{"self":[{"href":"https:\/\/bleudubai.com\/pt-pt\/wp-json\/wp\/v2\/product\/7986","targetHints":{"allow":["GET"]}}],"collection":[{"href":"https:\/\/bleudubai.com\/pt-pt\/wp-json\/wp\/v2\/product"}],"about":[{"href":"https:\/\/bleudubai.com\/pt-pt\/wp-json\/wp\/v2\/types\/product"}],"replies":[{"embeddable":true,"href":"https:\/\/bleudubai.com\/pt-pt\/wp-json\/wp\/v2\/comments?post=7986"}],"wp:featuredmedia":[{"embeddable":true,"href":"https:\/\/bleudubai.com\/pt-pt\/wp-json\/wp\/v2\/media\/6248"}],"wp:attachment":[{"href":"https:\/\/bleudubai.com\/pt-pt\/wp-json\/wp\/v2\/media?parent=7986"}],"wp:term":[{"taxonomy":"product_brand","embeddable":true,"href":"https:\/\/bleudubai.com\/pt-pt\/wp-json\/wp\/v2\/product_brand?post=7986"},{"taxonomy":"product_cat","embeddable":true,"href":"https:\/\/bleudubai.com\/pt-pt\/wp-json\/wp\/v2\/product_cat?post=7986"},{"taxonomy":"product_tag","embeddable":true,"href":"https:\/\/bleudubai.com\/pt-pt\/wp-json\/wp\/v2\/product_tag?post=7986"}],"curies":[{"name":"wp","href":"https:\/\/api.w.org\/{rel}","templated":true}]}}